{"id":103527,"date":"2022-10-12T08:36:24","date_gmt":"2022-10-12T06:36:24","guid":{"rendered":"http:\/\/dev.claret.cat\/producte\/directorio-para-la-catequesis\/"},"modified":"2026-03-17T19:50:11","modified_gmt":"2026-03-17T18:50:11","slug":"directorio-para-la-catequesis-9788471419491","status":"publish","type":"product","link":"https:\/\/www.claret.cat\/es\/libro\/directorio-para-la-catequesis-9788471419491\/","title":{"rendered":"DIRECTORIO PARA LA CATEQUESIS"},"content":{"rendered":"<p>Este Directorio para la Catequesis es el m\u00e1s peque\u00f1o de tres hermanos con los que la Iglesia ha buscado orientar la acci\u00f3n catequ\u00e9tica al servicio de la transmisi\u00f3n de la fe a los hombres y mujeres de nuestro tiempo. El mayor de ellos, Directorio General de Pastoral Catequ\u00e9tica (1971), haciendo suyas las directrices de Concilio Vaticano II, sirvi\u00f3 de orientaci\u00f3n y acompa\u00f1\u00f3 durante veintis\u00e9is a\u00f1os la renovaci\u00f3n de la catequesis en la Iglesia universal y de la Iglesia en Espa\u00f1a en particular. El segundo Directorio General de Catequesis (1977), recogiendo las aportaciones de los S\u00ednodos de Obispos, de las exhortaciones apost\u00f3licas correspondientes, las diversas experiencias de las Iglesias locales y la publicaci\u00f3n del Catecismo de la Iglesia Cat\u00f3lica, sirvi\u00f3 de orientaci\u00f3n y acompa\u00f1\u00f3 durante veintitr\u00e9s a\u00f1os el ritmo de renovaci\u00f3n de la catequesis al servicio de la iniciaci\u00f3n cristiana.<\/p>\n","protected":false},"excerpt":{"rendered":"<p>EDICE<\/p>\n","protected":false},"featured_media":1089210,"template":"","meta":{"_acf_changed":false,"om_disable_all_campaigns":false,"rs_blank_template":"","rs_page_bg_color":"","slide_template_v7":"","inline_featured_image":false,"_monsterinsights_skip_tracking":false,"_monsterinsights_sitenote_active":false,"_monsterinsights_sitenote_note":"","_monsterinsights_sitenote_category":0},"product_brand":[],"product_cat":[90,540],"product_tag":[],"class_list":{"0":"post-103527","1":"product","2":"type-product","3":"status-publish","4":"has-post-thumbnail","6":"product_cat-altres","7":"product_cat-otros","9":"first","10":"instock","11":"taxable","12":"shipping-taxable","13":"purchasable","14":"product-type-simple"},"acf":{"editorial":[{"ID":6194,"post_author":"3","post_date":"2022-07-28 17:46:55","post_date_gmt":"2022-07-28 15:46:55","post_content":"","post_title":"EDICE - Conf. Episc.","post_excerpt":"","post_status":"publish","comment_status":"closed","ping_status":"closed","post_password":"","post_name":"edice-conf-episc","to_ping":"","pinged":"","post_modified":"2022-07-28 17:46:55","post_modified_gmt":"2022-07-28 15:46:55","post_content_filtered":"","post_parent":0,"guid":"http:\/\/dev.claret.cat\/editorial\/edice-conf-episc\/","menu_order":0,"post_type":"editorial","post_mime_type":"","comment_count":"0","filter":"raw"}],"autores-libros":[{"ID":5416,"post_author":"3","post_date":"2022-07-28 17:23:29","post_date_gmt":"2022-07-28 15:23:29","post_content":"","post_title":"EDICE","post_excerpt":"","post_status":"publish","comment_status":"closed","ping_status":"closed","post_password":"","post_name":"edice","to_ping":"","pinged":"","post_modified":"2022-07-28 17:23:29","post_modified_gmt":"2022-07-28 15:23:29","post_content_filtered":"","post_parent":0,"guid":"http:\/\/dev.claret.cat\/autor\/edice\/","menu_order":0,"post_type":"autor","post_mime_type":"","comment_count":"0","filter":"raw"}],"autor":"EDICE","codart":"847141949","libros-coleccion":"","ediciones":"1","encuadernacion":"R\u00fastica","fecha_de_publicacion":"30\/10\/2020","novedad":"1","paginas":"296","subtitulo":"PONTIFICIO CONSEJO PARA LA PROMOCI\u00d3N DE LA NUEVA EVANGELIZACI\u00d3N","orden":"0","portada":"0","idioma":"spa","booktrailer":"","resenas":""},"aioseo_notices":[],"_links":{"self":[{"href":"https:\/\/www.claret.cat\/es\/wp-json\/wp\/v2\/product\/103527","targetHints":{"allow":["GET"]}}],"collection":[{"href":"https:\/\/www.claret.cat\/es\/wp-json\/wp\/v2\/product"}],"about":[{"href":"https:\/\/www.claret.cat\/es\/wp-json\/wp\/v2\/types\/product"}],"wp:featuredmedia":[{"embeddable":true,"href":"https:\/\/www.claret.cat\/es\/wp-json\/wp\/v2\/media\/1089210"}],"wp:attachment":[{"href":"https:\/\/www.claret.cat\/es\/wp-json\/wp\/v2\/media?parent=103527"}],"wp:term":[{"taxonomy":"product_brand","embeddable":true,"href":"https:\/\/www.claret.cat\/es\/wp-json\/wp\/v2\/product_brand?post=103527"},{"taxonomy":"product_cat","embeddable":true,"href":"https:\/\/www.claret.cat\/es\/wp-json\/wp\/v2\/product_cat?post=103527"},{"taxonomy":"product_tag","embeddable":true,"href":"https:\/\/www.claret.cat\/es\/wp-json\/wp\/v2\/product_tag?post=103527"}],"curies":[{"name":"wp","href":"https:\/\/api.w.org\/{rel}","templated":true}]}}