{"id":1035469,"date":"2025-06-20T16:06:25","date_gmt":"2025-06-20T14:06:25","guid":{"rendered":"https:\/\/www.claret.cat\/llibre\/santa-hildegarda-de-bingen-doctora-de-la-iglesia-9788428573849\/"},"modified":"2026-02-13T13:10:16","modified_gmt":"2026-02-13T12:10:16","slug":"santa-hildegarda-de-bingen-doctora-de-la-iglesia-9788428573849","status":"publish","type":"product","link":"https:\/\/www.claret.cat\/es\/libro\/santa-hildegarda-de-bingen-doctora-de-la-iglesia-9788428573849\/","title":{"rendered":"SANTA HILDEGARDA DE BINGEN, DOCTORA DE LA IGLESIA"},"content":{"rendered":"<p><strong>Hildegarda de Bingen<\/strong> es una de las <strong>mujeres m\u00e1s fascinantes de la historia de Occidente<\/strong>. <strong>Religiosa, abadesa, m\u00edstica y doctora de la Iglesia<\/strong>, fue tambi\u00e9n una <strong>pensadora audaz<\/strong>, <strong>escritora prol\u00edfica<\/strong>, <strong>compositora<\/strong>, <strong>predicadora<\/strong>, y <strong>estudiosa de la naturaleza<\/strong>. Su genio multidisciplinar la convierte en una figura \u00fanica del <strong>medievo cristiano<\/strong>. Incluso se le atribuye la mejora de la <strong>f\u00f3rmula de la cerveza<\/strong>, lo que evidencia su capacidad innovadora en todos los campos.<\/p>\n<p>Reconocida como <strong>precursora del movimiento de las beguinas<\/strong> y poseedora de <strong>visiones m\u00edsticas<\/strong>, su influencia ha perdurado a trav\u00e9s de los siglos. El <strong>papa Benedicto XVI<\/strong> oficializ\u00f3 su <strong>culto p\u00fablico<\/strong> y la proclam\u00f3 <strong>doctora de la Iglesia<\/strong>, reafirmando su importancia teol\u00f3gica y espiritual.<\/p>\n<p>En este libro, <strong>Juan Jos\u00e9 Llamedo<\/strong> nos gu\u00eda a trav\u00e9s de la vida, el pensamiento y el legado de <strong>Santa Hildegarda<\/strong>, ofreci\u00e9ndonos una visi\u00f3n integral de su <strong>teolog\u00eda<\/strong>, su obra y su impacto en la espiritualidad cristiana. Una obra imprescindible para quienes desean descubrir a una <strong>mujer libre y prof\u00e9tica<\/strong>, que sigue inspirando a creyentes y estudiosos en todo el mundo.<\/p>\n","protected":false},"excerpt":{"rendered":"<p>LLAMEDO GONZ\u00c1LEZ, JUAN JOS\u00c9<\/p>\n","protected":false},"featured_media":1083772,"template":"","meta":{"_acf_changed":false,"om_disable_all_campaigns":false,"rs_blank_template":"","rs_page_bg_color":"","slide_template_v7":"","inline_featured_image":false,"_monsterinsights_skip_tracking":false,"_monsterinsights_sitenote_active":false,"_monsterinsights_sitenote_note":"","_monsterinsights_sitenote_category":0},"product_brand":[],"product_cat":[485,232,486,233,491,241,240,395],"product_tag":[],"class_list":{"0":"post-1035469","1":"product","2":"type-product","3":"status-publish","4":"has-post-thumbnail","6":"product_cat-autores-espiritualidad-1_espiritualidad","7":"product_cat-autors-espiritualitat","8":"product_cat-mistica-espiritualidad-1_espiritualidad","9":"product_cat-mistica","10":"product_cat-testimonios","11":"product_cat-testimonis","12":"product_cat-vida-religiosa-espiritualitat","13":"product_cat-vida-religiosa-espiritualidad-1_espiritualidad","15":"first","16":"instock","17":"taxable","18":"shipping-taxable","19":"purchasable","20":"product-type-simple"},"acf":{"autor":"LLAMEDO GONZ\u00c1LEZ, JUAN JOS\u00c9","codart":"842857384","libros-coleccion":"","ediciones":"1","encuadernacion":"R\u00fastica","fecha_de_publicacion":"18\/06\/2025","novedad":"1","paginas":"296","subtitulo":"VIDA, OBRA, LEGADO Y TEOLOG\u00cdA","orden":"0","portada":"1","idioma":"spa","booktrailer":"","resenas":"","editorial":[{"ID":6356,"post_author":"3","post_date":"2022-07-28 17:50:26","post_date_gmt":"2022-07-28 15:50:26","post_content":"","post_title":"SAN PABLO COMUNICACI\u00d3N","post_excerpt":"","post_status":"publish","comment_status":"closed","ping_status":"closed","post_password":"","post_name":"san-pablo-comunicacion","to_ping":"","pinged":"","post_modified":"2022-07-28 17:50:26","post_modified_gmt":"2022-07-28 15:50:26","post_content_filtered":"","post_parent":0,"guid":"http:\/\/dev.claret.cat\/editorial\/san-pablo-comunicacion\/","menu_order":0,"post_type":"editorial","post_mime_type":"","comment_count":"0","filter":"raw"}]},"aioseo_notices":[],"_links":{"self":[{"href":"https:\/\/www.claret.cat\/es\/wp-json\/wp\/v2\/product\/1035469","targetHints":{"allow":["GET"]}}],"collection":[{"href":"https:\/\/www.claret.cat\/es\/wp-json\/wp\/v2\/product"}],"about":[{"href":"https:\/\/www.claret.cat\/es\/wp-json\/wp\/v2\/types\/product"}],"wp:featuredmedia":[{"embeddable":true,"href":"https:\/\/www.claret.cat\/es\/wp-json\/wp\/v2\/media\/1083772"}],"wp:attachment":[{"href":"https:\/\/www.claret.cat\/es\/wp-json\/wp\/v2\/media?parent=1035469"}],"wp:term":[{"taxonomy":"product_brand","embeddable":true,"href":"https:\/\/www.claret.cat\/es\/wp-json\/wp\/v2\/product_brand?post=1035469"},{"taxonomy":"product_cat","embeddable":true,"href":"https:\/\/www.claret.cat\/es\/wp-json\/wp\/v2\/product_cat?post=1035469"},{"taxonomy":"product_tag","embeddable":true,"href":"https:\/\/www.claret.cat\/es\/wp-json\/wp\/v2\/product_tag?post=1035469"}],"curies":[{"name":"wp","href":"https:\/\/api.w.org\/{rel}","templated":true}]}}