{"id":1035484,"date":"2025-06-20T16:11:01","date_gmt":"2025-06-20T14:11:01","guid":{"rendered":"https:\/\/www.claret.cat\/llibre\/el-yermo-arabigo-se-regocijara-9788428573870\/"},"modified":"2026-03-28T12:25:26","modified_gmt":"2026-03-28T11:25:26","slug":"el-yermo-arabigo-se-regocijara-9788428573870","status":"publish","type":"product","link":"https:\/\/www.claret.cat\/es\/libro\/el-yermo-arabigo-se-regocijara-9788428573870\/","title":{"rendered":"EL YERMO AR\u00c1BIGO SE REGOCIJAR\u00c1"},"content":{"rendered":"<p><strong>\u00bfEstuvo el ap\u00f3stol Pablo en Arabia?<\/strong> \u00c9l mismo lo afirma en su <strong>Carta a los G\u00e1latas<\/strong> (G\u00e1l 1,17-18). Aunque <strong>no se conocen detalles<\/strong> sobre su estancia, este enigm\u00e1tico episodio ha despertado el inter\u00e9s de estudiosos y creyentes durante siglos. En esta <strong>novela hist\u00f3rica<\/strong>, el <strong>Padre Fortea<\/strong>, con su habitual <strong>precisi\u00f3n narrativa<\/strong>, nos transporta a la <strong>Arabia del siglo I<\/strong>, reconstruyendo con rigor y belleza un mundo poco conocido, pero crucial en la vida del <strong>ap\u00f3stol San Pablo<\/strong>.<\/p>\n<p>A trav\u00e9s de un <strong>viaje literario sorprendente y espiritual<\/strong>, el lector se adentra en las <strong>costumbres y tradiciones de los pueblos n\u00f3madas<\/strong> que habitaban las <strong>arenas del desierto<\/strong>. En ese <strong>\u00abyermo ar\u00e1bigo\u00bb<\/strong>, apartado del <strong>Imperio romano<\/strong>, el <strong>Ap\u00f3stol de los gentiles<\/strong> vive su transformaci\u00f3n interior: una prueba de fe profunda, como en una forja, que lo convierte en <strong>Paulus, el le\u00f3n, la columna, el escriba de Dios<\/strong>.<\/p>\n","protected":false},"excerpt":{"rendered":"<p>FORTEA, JOS\u00c9 ANTONIO<\/p>\n","protected":false},"featured_media":1093403,"template":"","meta":{"_acf_changed":false,"om_disable_all_campaigns":false,"rs_blank_template":"","rs_page_bg_color":"","slide_template_v7":"","inline_featured_image":false,"_monsterinsights_skip_tracking":false,"_monsterinsights_sitenote_active":false,"_monsterinsights_sitenote_note":"","_monsterinsights_sitenote_category":0},"product_brand":[],"product_cat":[467,206,202,463],"product_tag":[],"class_list":{"0":"post-1035484","1":"product","2":"type-product","3":"status-publish","4":"has-post-thumbnail","6":"product_cat-epistolas-de-san-pablo","7":"product_cat-epistoles-de-sant-pau","8":"product_cat-introduccio-n-t","9":"product_cat-introduccion-n-t","11":"first","12":"instock","13":"taxable","14":"shipping-taxable","15":"purchasable","16":"product-type-simple"},"acf":{"autor":"FORTEA, JOS\u00c9 ANTONIO","codart":"842857387","libros-coleccion":"","ediciones":"1","encuadernacion":"R\u00fastica","fecha_de_publicacion":"19\/06\/2025","novedad":"1","paginas":"176","subtitulo":"EL AP\u00d3STOL PABLO EN LA ARABIA NABATEA Y DES\u00c9RTICA DEL SIGLO I","orden":"0","portada":"1","idioma":"spa","booktrailer":"","resenas":"","editorial":[{"ID":6356,"post_author":"3","post_date":"2022-07-28 17:50:26","post_date_gmt":"2022-07-28 15:50:26","post_content":"","post_title":"SAN PABLO COMUNICACI\u00d3N","post_excerpt":"","post_status":"publish","comment_status":"closed","ping_status":"closed","post_password":"","post_name":"san-pablo-comunicacion","to_ping":"","pinged":"","post_modified":"2022-07-28 17:50:26","post_modified_gmt":"2022-07-28 15:50:26","post_content_filtered":"","post_parent":0,"guid":"http:\/\/dev.claret.cat\/editorial\/san-pablo-comunicacion\/","menu_order":0,"post_type":"editorial","post_mime_type":"","comment_count":"0","filter":"raw"}]},"aioseo_notices":[],"_links":{"self":[{"href":"https:\/\/www.claret.cat\/es\/wp-json\/wp\/v2\/product\/1035484","targetHints":{"allow":["GET"]}}],"collection":[{"href":"https:\/\/www.claret.cat\/es\/wp-json\/wp\/v2\/product"}],"about":[{"href":"https:\/\/www.claret.cat\/es\/wp-json\/wp\/v2\/types\/product"}],"wp:featuredmedia":[{"embeddable":true,"href":"https:\/\/www.claret.cat\/es\/wp-json\/wp\/v2\/media\/1093403"}],"wp:attachment":[{"href":"https:\/\/www.claret.cat\/es\/wp-json\/wp\/v2\/media?parent=1035484"}],"wp:term":[{"taxonomy":"product_brand","embeddable":true,"href":"https:\/\/www.claret.cat\/es\/wp-json\/wp\/v2\/product_brand?post=1035484"},{"taxonomy":"product_cat","embeddable":true,"href":"https:\/\/www.claret.cat\/es\/wp-json\/wp\/v2\/product_cat?post=1035484"},{"taxonomy":"product_tag","embeddable":true,"href":"https:\/\/www.claret.cat\/es\/wp-json\/wp\/v2\/product_tag?post=1035484"}],"curies":[{"name":"wp","href":"https:\/\/api.w.org\/{rel}","templated":true}]}}