{"id":1035502,"date":"2025-06-20T16:31:02","date_gmt":"2025-06-20T14:31:02","guid":{"rendered":"https:\/\/www.claret.cat\/llibre\/prepara-1r-eso-matematiques-9788441235823\/"},"modified":"2025-06-20T16:42:06","modified_gmt":"2025-06-20T14:42:06","slug":"prepara-1r-eso-matematiques-9788441235823","status":"publish","type":"product","link":"https:\/\/www.claret.cat\/es\/libro\/prepara-1r-eso-matematiques-9788441235823\/","title":{"rendered":"PREPARA 1R ESO MATEM\u00c0TIQUES"},"content":{"rendered":"<p>Un quadern d\u2019estiu per arribar al curs que ve en plena forma! 30 fitxes per jugar i repassar els continguts de numeraci\u00f3 i c\u00e0lcul, canvis i relacions, espai i forma, i estad\u00edstica i atzar de prim\u00e0ria. Ideal per preparar els alumnes per al curs seg\u00fcent: 1r d\u2019ESO. Cada fitxa t\u00e9 un joc\/passatemps per comen\u00e7ar, diverses activitats i la informaci\u00f3 clau de cada tema. Inclou l\u2019acc\u00e9s al solucionari i als jocs en l\u00ednia vinculats a cada fitxa.<\/p>\n","protected":false},"excerpt":{"rendered":"<p>D\u00cdEZ SARD\u00c0, LLU\u00cdS\/ MARTORELL I SABAT\u00c9, EDUARD\/ MIQUEL I RIGUAL, JOAN<\/p>\n","protected":false},"featured_media":1035503,"template":"","meta":{"_acf_changed":false,"om_disable_all_campaigns":false,"rs_blank_template":"","rs_page_bg_color":"","slide_template_v7":"","inline_featured_image":false,"_monsterinsights_skip_tracking":false,"_monsterinsights_sitenote_active":false,"_monsterinsights_sitenote_note":"","_monsterinsights_sitenote_category":0},"product_brand":[],"product_cat":[333,122],"product_tag":[],"class_list":{"0":"post-1035502","1":"product","2":"type-product","3":"status-publish","4":"has-post-thumbnail","6":"product_cat-cuadernos-de-vacaciones","7":"product_cat-quaderns-de-vacances","9":"first","10":"instock","11":"taxable","12":"shipping-taxable","13":"purchasable","14":"product-type-simple"},"acf":{"autor":"D\u00cdEZ SARD\u00c0, LLU\u00cdS\/ MARTORELL I SABAT\u00c9, EDUARD\/ MIQUEL I RIGUAL, JOAN","codart":"844123582","libros-coleccion":"Quaderns estiu","ediciones":"1","encuadernacion":"R\u00fastica","fecha_de_publicacion":"01\/06\/2025","novedad":"1","paginas":"72","subtitulo":"","orden":"0","portada":"0","idioma":"cat","booktrailer":"","resenas":"","editorial":[{"ID":6242,"post_author":"3","post_date":"2022-07-28 17:48:01","post_date_gmt":"2022-07-28 15:48:01","post_content":"","post_title":"Enciclop\u00e8dia Catalana","post_excerpt":"","post_status":"publish","comment_status":"closed","ping_status":"closed","post_password":"","post_name":"enciclopedia-catalana","to_ping":"","pinged":"","post_modified":"2022-07-28 17:48:01","post_modified_gmt":"2022-07-28 15:48:01","post_content_filtered":"","post_parent":0,"guid":"http:\/\/dev.claret.cat\/editorial\/enciclopedia-catalana\/","menu_order":0,"post_type":"editorial","post_mime_type":"","comment_count":"0","filter":"raw"}]},"aioseo_notices":[],"_links":{"self":[{"href":"https:\/\/www.claret.cat\/es\/wp-json\/wp\/v2\/product\/1035502","targetHints":{"allow":["GET"]}}],"collection":[{"href":"https:\/\/www.claret.cat\/es\/wp-json\/wp\/v2\/product"}],"about":[{"href":"https:\/\/www.claret.cat\/es\/wp-json\/wp\/v2\/types\/product"}],"wp:featuredmedia":[{"embeddable":true,"href":"https:\/\/www.claret.cat\/es\/wp-json\/wp\/v2\/media\/1035503"}],"wp:attachment":[{"href":"https:\/\/www.claret.cat\/es\/wp-json\/wp\/v2\/media?parent=1035502"}],"wp:term":[{"taxonomy":"product_brand","embeddable":true,"href":"https:\/\/www.claret.cat\/es\/wp-json\/wp\/v2\/product_brand?post=1035502"},{"taxonomy":"product_cat","embeddable":true,"href":"https:\/\/www.claret.cat\/es\/wp-json\/wp\/v2\/product_cat?post=1035502"},{"taxonomy":"product_tag","embeddable":true,"href":"https:\/\/www.claret.cat\/es\/wp-json\/wp\/v2\/product_tag?post=1035502"}],"curies":[{"name":"wp","href":"https:\/\/api.w.org\/{rel}","templated":true}]}}