{"id":1035505,"date":"2025-06-20T16:35:05","date_gmt":"2025-06-20T14:35:05","guid":{"rendered":"https:\/\/www.claret.cat\/llibre\/prepara-2n-9788441235687\/"},"modified":"2025-07-25T17:55:15","modified_gmt":"2025-07-25T15:55:15","slug":"prepara-2n-9788441235687","status":"publish","type":"product","link":"https:\/\/www.claret.cat\/es\/libro\/prepara-2n-9788441235687\/","title":{"rendered":"PREPARA 2N"},"content":{"rendered":"<p>Un quadern d\u2019estiu per arribar al curs que ve en plena forma! 35 fitxes per jugar i repassar els continguts clau de cada curs. Cada fitxa proposa un joc\/passatemps per comen\u00e7ar, activitats de diferents \u00e0rees i la informaci\u00f3 clau de cada tema. Cont\u00e9 el solucionari i acc\u00e9s a jocs en l\u00ednia vinculats a les activitats. Tamb\u00e9 inclou l\u2019acc\u00e9s gratu\u00eft a l\u2019APPrepara per posar-se a prova.<\/p>\n","protected":false},"excerpt":{"rendered":"<p>EQUIP PEDAG\u00d2GIC I EDITORIAL DE TEXT<\/p>\n","protected":false},"featured_media":1035506,"template":"","meta":{"_acf_changed":false,"om_disable_all_campaigns":false,"rs_blank_template":"","rs_page_bg_color":"","slide_template_v7":"","inline_featured_image":false,"_monsterinsights_skip_tracking":false,"_monsterinsights_sitenote_active":false,"_monsterinsights_sitenote_note":"","_monsterinsights_sitenote_category":0},"product_brand":[],"product_cat":[133,132,333,362,363,122],"product_tag":[],"class_list":{"0":"post-1035505","1":"product","2":"type-product","3":"status-publish","4":"has-post-thumbnail","6":"product_cat-lectures-per-adolescents-12-18-anys","7":"product_cat-lectures-per-preadolescents-6-12-anys","8":"product_cat-cuadernos-de-vacaciones","9":"product_cat-libros-preadolescentes-6-12-anos","10":"product_cat-lecturas-por-adolescentes-12-18-anos","11":"product_cat-quaderns-de-vacances","13":"first","14":"instock","15":"taxable","16":"shipping-taxable","17":"purchasable","18":"product-type-simple"},"acf":{"autor":"EQUIP PEDAG\u00d2GIC I EDITORIAL DE TEXT","codart":"844123568","libros-coleccion":"Quaderns estiu","ediciones":"1","encuadernacion":"R\u00fastica","fecha_de_publicacion":"01\/06\/2025","novedad":"1","paginas":"72","subtitulo":"","orden":"0","portada":"0","idioma":"cat","booktrailer":"","resenas":"","editorial":[{"ID":6242,"post_author":"3","post_date":"2022-07-28 17:48:01","post_date_gmt":"2022-07-28 15:48:01","post_content":"","post_title":"Enciclop\u00e8dia Catalana","post_excerpt":"","post_status":"publish","comment_status":"closed","ping_status":"closed","post_password":"","post_name":"enciclopedia-catalana","to_ping":"","pinged":"","post_modified":"2022-07-28 17:48:01","post_modified_gmt":"2022-07-28 15:48:01","post_content_filtered":"","post_parent":0,"guid":"http:\/\/dev.claret.cat\/editorial\/enciclopedia-catalana\/","menu_order":0,"post_type":"editorial","post_mime_type":"","comment_count":"0","filter":"raw"}]},"aioseo_notices":[],"_links":{"self":[{"href":"https:\/\/www.claret.cat\/es\/wp-json\/wp\/v2\/product\/1035505","targetHints":{"allow":["GET"]}}],"collection":[{"href":"https:\/\/www.claret.cat\/es\/wp-json\/wp\/v2\/product"}],"about":[{"href":"https:\/\/www.claret.cat\/es\/wp-json\/wp\/v2\/types\/product"}],"wp:featuredmedia":[{"embeddable":true,"href":"https:\/\/www.claret.cat\/es\/wp-json\/wp\/v2\/media\/1035506"}],"wp:attachment":[{"href":"https:\/\/www.claret.cat\/es\/wp-json\/wp\/v2\/media?parent=1035505"}],"wp:term":[{"taxonomy":"product_brand","embeddable":true,"href":"https:\/\/www.claret.cat\/es\/wp-json\/wp\/v2\/product_brand?post=1035505"},{"taxonomy":"product_cat","embeddable":true,"href":"https:\/\/www.claret.cat\/es\/wp-json\/wp\/v2\/product_cat?post=1035505"},{"taxonomy":"product_tag","embeddable":true,"href":"https:\/\/www.claret.cat\/es\/wp-json\/wp\/v2\/product_tag?post=1035505"}],"curies":[{"name":"wp","href":"https:\/\/api.w.org\/{rel}","templated":true}]}}