{"id":103555,"date":"2022-10-12T08:36:48","date_gmt":"2022-10-12T06:36:48","guid":{"rendered":"http:\/\/dev.claret.cat\/producte\/emociones-todo-un-reto\/"},"modified":"2025-09-19T17:36:04","modified_gmt":"2025-09-19T15:36:04","slug":"emociones-todo-un-reto-9788433031136","status":"publish","type":"product","link":"https:\/\/www.claret.cat\/es\/libro\/emociones-todo-un-reto-9788433031136\/","title":{"rendered":"EMOCIONES, TODO UN RETO"},"content":{"rendered":"<p>El Programa RETO es un proyecto de educaci\u00f3n emocional para la etapa de educaci\u00f3n secundaria obligatoria, basado en el respeto, la empat\u00eda y la tolerancia.<br \/> Su objetivo es la mejora de la convivencia en los centros escolares, ense\u00f1ando a nuestro alumnado a identificar, expresar y gestionar las emociones.<br \/> Es necesario dotar a nuestro alumnado de las competencias emocionales necesarias para aprender a ser y a convivir. Esa ser\u00e1 la clave para alcanzar una sociedad respetuosa, tolerante y emp\u00e1tica.<br \/> Eva Solaz es maestra especialista de educaci\u00f3n infantil, primaria y pedagog\u00eda terap\u00e9utica. Psic\u00f3loga apasionada por la educaci\u00f3n emocional y creadora de la red de escuelas RETO de Espa\u00f1a y Am\u00e9rica Latina, que agrupa en la actualidad a m\u00e1s de 150 Escuelas de educaci\u00f3n infantil y primaria y 15 Institutos de educaci\u00f3n secundaria. En 2017 public\u00f3 su primer libro, Programa RETO, e imparte cursos de formaci\u00f3n del mismo.<br \/> Puede encontrar m\u00e1s informaci\u00f3n acerca del Programa RETO en Facebook, Twitter, YouTube e Instagram.<\/p>\n","protected":false},"excerpt":{"rendered":"<p>SOLAZ, EVA<\/p>\n","protected":false},"featured_media":347227,"template":"","meta":{"_acf_changed":false,"om_disable_all_campaigns":false,"rs_blank_template":"","rs_page_bg_color":"","slide_template_v7":"","inline_featured_image":false,"_monsterinsights_skip_tracking":false,"_monsterinsights_sitenote_active":false,"_monsterinsights_sitenote_note":"","_monsterinsights_sitenote_category":0},"product_brand":[],"product_cat":[376,178],"product_tag":[],"class_list":{"0":"post-103555","1":"product","2":"type-product","3":"status-publish","4":"has-post-thumbnail","6":"product_cat-autores-psicologia-2_humanidades","7":"product_cat-autors-psicologia","9":"first","10":"instock","11":"taxable","12":"shipping-taxable","13":"purchasable","14":"product-type-simple"},"acf":{"editorial":[{"ID":6179,"post_author":"3","post_date":"2022-07-28 17:46:36","post_date_gmt":"2022-07-28 15:46:36","post_content":"","post_title":"DESCLEE DE BROUWER","post_excerpt":"","post_status":"publish","comment_status":"closed","ping_status":"closed","post_password":"","post_name":"desclee-de-brouwer","to_ping":"","pinged":"","post_modified":"2022-07-28 17:46:36","post_modified_gmt":"2022-07-28 15:46:36","post_content_filtered":"","post_parent":0,"guid":"http:\/\/dev.claret.cat\/editorial\/desclee-de-brouwer\/","menu_order":0,"post_type":"editorial","post_mime_type":"","comment_count":"0","filter":"raw"}],"autor":"SOLAZ, EVA","codart":"843303113","libros-coleccion":"Aprender a ser","ediciones":"1","encuadernacion":"R\u00fastica","fecha_de_publicacion":"28\/10\/2020","novedad":"1","paginas":"176","subtitulo":"ACTIVIDADES DE EDUCACI\u00d3N EMOCIONAL BASADAS EN EL RESPETO, LA EMPAT\u00cdA Y LA TELERANCIA PARA NI\u00d1OS DE OCE A DIECIS\u00c9IS A\u00d1OS","orden":"0","portada":"0","idioma":"spa","autores-libros":[{"ID":155548,"post_author":"3","post_date":"2022-10-14 15:13:42","post_date_gmt":"2022-10-14 13:13:42","post_content":"","post_title":"EVA SOLAZ","post_excerpt":"","post_status":"publish","comment_status":"closed","ping_status":"closed","post_password":"","post_name":"eva-solaz","to_ping":"","pinged":"","post_modified":"2022-10-14 15:13:42","post_modified_gmt":"2022-10-14 13:13:42","post_content_filtered":"","post_parent":0,"guid":"http:\/\/dev.claret.cat\/autor\/eva-solaz\/","menu_order":0,"post_type":"autor","post_mime_type":"","comment_count":"0","filter":"raw"}],"booktrailer":"","resenas":""},"aioseo_notices":[],"_links":{"self":[{"href":"https:\/\/www.claret.cat\/es\/wp-json\/wp\/v2\/product\/103555","targetHints":{"allow":["GET"]}}],"collection":[{"href":"https:\/\/www.claret.cat\/es\/wp-json\/wp\/v2\/product"}],"about":[{"href":"https:\/\/www.claret.cat\/es\/wp-json\/wp\/v2\/types\/product"}],"wp:featuredmedia":[{"embeddable":true,"href":"https:\/\/www.claret.cat\/es\/wp-json\/wp\/v2\/media\/347227"}],"wp:attachment":[{"href":"https:\/\/www.claret.cat\/es\/wp-json\/wp\/v2\/media?parent=103555"}],"wp:term":[{"taxonomy":"product_brand","embeddable":true,"href":"https:\/\/www.claret.cat\/es\/wp-json\/wp\/v2\/product_brand?post=103555"},{"taxonomy":"product_cat","embeddable":true,"href":"https:\/\/www.claret.cat\/es\/wp-json\/wp\/v2\/product_cat?post=103555"},{"taxonomy":"product_tag","embeddable":true,"href":"https:\/\/www.claret.cat\/es\/wp-json\/wp\/v2\/product_tag?post=103555"}],"curies":[{"name":"wp","href":"https:\/\/api.w.org\/{rel}","templated":true}]}}