{"id":1035621,"date":"2025-06-23T12:05:12","date_gmt":"2025-06-23T10:05:12","guid":{"rendered":"https:\/\/www.claret.cat\/llibre\/salvaje-1-los-animales-perdidos-9788448871017\/"},"modified":"2025-06-25T13:55:56","modified_gmt":"2025-06-25T11:55:56","slug":"salvaje-1-los-animales-perdidos-9788448871017","status":"publish","type":"product","link":"https:\/\/www.claret.cat\/es\/libro\/salvaje-1-los-animales-perdidos-9788448871017\/","title":{"rendered":"SALVAJE 1 &#8211; LOS ANIMALES PERDIDOS"},"content":{"rendered":"<p>Valiente, aventurera, un poco t\u00edmida y\u2026 \u00a1salvaje! Ad\u00e9ntrate en el bosque y conoce a Maia, la princesa de Animalia, y a sus amigos silvanos en esta inolvidable aventura en formato c\u00f3mic. Maia es la princesa de Animalia, un lugar lleno de naturaleza, color y silvanos, unos animalitos m\u00e1gicos que protegen el reino y acompa\u00f1an a Maia en todas sus aventuras. Al menos, hasta ahora. Porque, de la noche a la ma\u00f1ana, \u00a1todos los silvanos han desaparecido! \u00bfQu\u00e9 habr\u00e1 pasado? Todo apunta a que es cosa de los cazadores grises de Ciudad Asfalto\u2026 Salvaje es la nueva serie de la colecci\u00f3n Mi Primer C\u00f3mic de Beascoa, ideal para ni\u00f1as y ni\u00f1os de m\u00e1s de 6 a\u00f1os que empiezan a leer solos. Una historia de aventuras y mucha diversi\u00f3n con coloridas ilustraciones para que los peques de la casa den el siguiente paso en su pasi\u00f3n por la lectura. \u00bfPOR QU\u00c9 ES BUENO LEER C\u00d3MICS? *Porque favorecen la iniciaci\u00f3n en la lectura de un modo \u00e1gil, divertido, atractivo y visual gracias a sus frases cortas y el apoyo de las im\u00e1genes. *Porque aumenta la confianza de los primeros lectores a los que no les engancha la lectura. *Porque ayuda a afianzar el h\u00e1bito lector. *Porque fomenta y enriquece la imaginaci\u00f3n y la creatividad.  \u00a1LEER C\u00d3MIC ES LEER!<\/p>\n","protected":false},"excerpt":{"rendered":"<p>MASIP, IN\u00c9S<\/p>\n","protected":false},"featured_media":1035900,"template":"","meta":{"_acf_changed":false,"om_disable_all_campaigns":false,"rs_blank_template":"","rs_page_bg_color":"","slide_template_v7":"","inline_featured_image":false,"_monsterinsights_skip_tracking":false,"_monsterinsights_sitenote_active":false,"_monsterinsights_sitenote_note":"","_monsterinsights_sitenote_category":0},"product_brand":[],"product_cat":[132,364,134,362],"product_tag":[],"class_list":{"0":"post-1035621","1":"product","2":"type-product","3":"status-publish","4":"has-post-thumbnail","6":"product_cat-lectures-per-preadolescents-6-12-anys","7":"product_cat-comics-infantil-3_infantil-juvenil-spa","8":"product_cat-comics","9":"product_cat-libros-preadolescentes-6-12-anos","11":"first","12":"instock","13":"taxable","14":"shipping-taxable","15":"purchasable","16":"product-type-simple"},"acf":{"autor":"MASIP, IN\u00c9S","codart":"844887101","libros-coleccion":"FORA DE COL.LECCI\u00d3","ediciones":"1","encuadernacion":"Carton\u00e9","fecha_de_publicacion":"01\/06\/2025","novedad":"1","paginas":"96","subtitulo":"","orden":"0","portada":"0","idioma":"spa","booktrailer":"","resenas":"","editorial":[{"ID":6141,"post_author":"3","post_date":"2022-07-28 17:45:46","post_date_gmt":"2022-07-28 15:45:46","post_content":"","post_title":"BEASCOA","post_excerpt":"","post_status":"publish","comment_status":"closed","ping_status":"closed","post_password":"","post_name":"beascoa","to_ping":"","pinged":"","post_modified":"2022-07-28 17:45:46","post_modified_gmt":"2022-07-28 15:45:46","post_content_filtered":"","post_parent":0,"guid":"http:\/\/dev.claret.cat\/editorial\/beascoa\/","menu_order":0,"post_type":"editorial","post_mime_type":"","comment_count":"0","filter":"raw"}]},"aioseo_notices":[],"_links":{"self":[{"href":"https:\/\/www.claret.cat\/es\/wp-json\/wp\/v2\/product\/1035621","targetHints":{"allow":["GET"]}}],"collection":[{"href":"https:\/\/www.claret.cat\/es\/wp-json\/wp\/v2\/product"}],"about":[{"href":"https:\/\/www.claret.cat\/es\/wp-json\/wp\/v2\/types\/product"}],"wp:featuredmedia":[{"embeddable":true,"href":"https:\/\/www.claret.cat\/es\/wp-json\/wp\/v2\/media\/1035900"}],"wp:attachment":[{"href":"https:\/\/www.claret.cat\/es\/wp-json\/wp\/v2\/media?parent=1035621"}],"wp:term":[{"taxonomy":"product_brand","embeddable":true,"href":"https:\/\/www.claret.cat\/es\/wp-json\/wp\/v2\/product_brand?post=1035621"},{"taxonomy":"product_cat","embeddable":true,"href":"https:\/\/www.claret.cat\/es\/wp-json\/wp\/v2\/product_cat?post=1035621"},{"taxonomy":"product_tag","embeddable":true,"href":"https:\/\/www.claret.cat\/es\/wp-json\/wp\/v2\/product_tag?post=1035621"}],"curies":[{"name":"wp","href":"https:\/\/api.w.org\/{rel}","templated":true}]}}