{"id":1035734,"date":"2025-06-25T11:50:29","date_gmt":"2025-06-25T09:50:29","guid":{"rendered":"https:\/\/www.claret.cat\/llibre\/en-el-estanque-9788410435155\/"},"modified":"2025-06-25T11:55:44","modified_gmt":"2025-06-25T09:55:44","slug":"en-el-estanque-9788410435155","status":"publish","type":"product","link":"https:\/\/www.claret.cat\/es\/libro\/en-el-estanque-9788410435155\/","title":{"rendered":"EN EL ESTANQUE"},"content":{"rendered":"<p>El estanque de Hampstead Heath es un peque\u00f1o oasis; un fragmento de naturaleza salvaje enclavado en las afueras de Londres. Durante gran parte de su vida, el poeta y escritor Al Alvarez se sumergi\u00f3 en \u00e9l diariamente con el celo de quien se entrega a una liturgia sagrada y salv\u00edfica, anotando sus impresiones en un diario que puede leerse como su testamento vital y literario. En el estanque empieza como un detallado inventario de la relaci\u00f3n entre el hombre y la naturaleza \u2013el cambio que traen las estaciones, las modulaciones del follaje, el vuelo de los p\u00e1jaros\u2013, pero se va transformando progresivamente en una cr\u00f3nica sobre el trance de envejecer: un relato \u00edntimo, divertido, impiadoso y al mismo tiempo conmovedor sobre la decadencia del cuerpo, sobre la senectud como condici\u00f3n mental y social, adem\u00e1s de f\u00edsica. Para exorcizarla, Alvarez se refugia en la escritura, la buena compa\u00f1\u00eda y, sobre todo, en la nataci\u00f3n en las aguas ambarinas del estanque, sugestivo escenario de un acto de vana resistencia contra el inexorable avance del tiempo.<\/p>\n","protected":false},"excerpt":{"rendered":"<p>ALVAREZ, AL<\/p>\n","protected":false},"featured_media":1035735,"template":"","meta":{"_acf_changed":false,"om_disable_all_campaigns":false,"rs_blank_template":"","rs_page_bg_color":"","slide_template_v7":"","inline_featured_image":false,"_monsterinsights_skip_tracking":false,"_monsterinsights_sitenote_active":false,"_monsterinsights_sitenote_note":"","_monsterinsights_sitenote_category":0},"product_brand":[],"product_cat":[549,99],"product_tag":[],"class_list":{"0":"post-1035734","1":"product","2":"type-product","3":"status-publish","4":"has-post-thumbnail","6":"product_cat-biografias","7":"product_cat-biografies","9":"first","10":"instock","11":"taxable","12":"shipping-taxable","13":"purchasable","14":"product-type-simple"},"acf":{"autor":"ALVAREZ, AL","codart":"841043515","libros-coleccion":"FORA DE COL.LECCI\u00d3","ediciones":"1","encuadernacion":"R\u00fastica","fecha_de_publicacion":"01\/06\/2025","novedad":"1","paginas":"256","subtitulo":"DIARIO DE UN NADADOR","orden":"0","portada":"0","idioma":"spa","booktrailer":"","resenas":"","editorial":[{"ID":992804,"post_author":"3","post_date":"2024-11-20 12:36:47","post_date_gmt":"2024-11-20 11:36:47","post_content":"","post_title":"Altamarea Edici\u00f3n de Libros SL","post_excerpt":"","post_status":"publish","comment_status":"closed","ping_status":"closed","post_password":"","post_name":"altamarea-edicion-de-libros-sl","to_ping":"","pinged":"","post_modified":"2024-11-20 12:36:47","post_modified_gmt":"2024-11-20 11:36:47","post_content_filtered":"","post_parent":0,"guid":"https:\/\/www.claret.cat\/editorial\/altamarea-edicion-de-libros-sl\/","menu_order":0,"post_type":"editorial","post_mime_type":"","comment_count":"0","filter":"raw"}]},"aioseo_notices":[],"_links":{"self":[{"href":"https:\/\/www.claret.cat\/es\/wp-json\/wp\/v2\/product\/1035734","targetHints":{"allow":["GET"]}}],"collection":[{"href":"https:\/\/www.claret.cat\/es\/wp-json\/wp\/v2\/product"}],"about":[{"href":"https:\/\/www.claret.cat\/es\/wp-json\/wp\/v2\/types\/product"}],"wp:featuredmedia":[{"embeddable":true,"href":"https:\/\/www.claret.cat\/es\/wp-json\/wp\/v2\/media\/1035735"}],"wp:attachment":[{"href":"https:\/\/www.claret.cat\/es\/wp-json\/wp\/v2\/media?parent=1035734"}],"wp:term":[{"taxonomy":"product_brand","embeddable":true,"href":"https:\/\/www.claret.cat\/es\/wp-json\/wp\/v2\/product_brand?post=1035734"},{"taxonomy":"product_cat","embeddable":true,"href":"https:\/\/www.claret.cat\/es\/wp-json\/wp\/v2\/product_cat?post=1035734"},{"taxonomy":"product_tag","embeddable":true,"href":"https:\/\/www.claret.cat\/es\/wp-json\/wp\/v2\/product_tag?post=1035734"}],"curies":[{"name":"wp","href":"https:\/\/api.w.org\/{rel}","templated":true}]}}