{"id":1035865,"date":"2025-06-25T13:15:05","date_gmt":"2025-06-25T11:15:05","guid":{"rendered":"https:\/\/www.claret.cat\/llibre\/catolicos-light-9788417965112\/"},"modified":"2025-06-27T12:35:19","modified_gmt":"2025-06-27T10:35:19","slug":"catolicos-light-9788417965112","status":"publish","type":"product","link":"https:\/\/www.claret.cat\/es\/libro\/catolicos-light-9788417965112\/","title":{"rendered":"CAT\u00d3LICOS LIGHT"},"content":{"rendered":"<p>\u00bfEs tu fe la cat\u00f3lica? \u00bfSeguro? Bastar\u00eda echar una mirada cr\u00edtica y sincera al mundo que nos rodea y a nuestra propia vida para descubrirlo. Pues bien, este libro es una ayuda pr\u00e1ctica para echar esa mirada y descubrir que, en un gran n\u00famero de casos, creemos que somos cat\u00f3licos, pero en realidad se trata de un catolicismo epid\u00e9rmico, m\u00e1s social que vital.    <br \/>\u00bfSomos cat\u00f3licos o simplemente cristianos? \u00bfSabemos distinguir lo esencial de lo accesorio en nuestras vidas? \u00bfQu\u00e9 significa ser cat\u00f3lico? M\u00e1s a\u00fan, \u00bfqu\u00e9 significa para m\u00ed el hecho de ser cat\u00f3lico? \u00bfRealmente lo soy? Si profundizamos en las cuestiones clave de nuestra fe, descubriremos que hay tiempo para todo en la vida. Sin embargo, \u00bfc\u00f3mo empleo mi tiempo?, \u00bfen qu\u00e9 lo empleo?, \u00bfcu\u00e1nto tiempo dedico a Dios, al encuentro personal con Jesucristo, al hermano que sufre? <br \/>Este libro te interpelar\u00e1 directamente y har\u00e1 que te preguntes cosas que quiz\u00e1s nunca antes te hayas preguntado. Har\u00e1 que te encuentres cara a cara contigo mismo y con tu catolicismo. Y es muy probable que de ese \u00abcara a cara\u00bb surja la duda, la rabia, el desconcierto, el arrepentimiento, el \u00e1nimo de cambiar o, por el contrario, la m\u00e1s absoluta indiferencia. Todo depender\u00e1 de ti. Pero lo que s\u00ed es seguro es que en ese encuentro contigo en la profundidad de tu catolicismo se despejar\u00e1n muchas dudas. Por eso, este libro est\u00e1 indicado solo para cat\u00f3licos valientes. La cuesti\u00f3n es: \u00bflo eres t\u00fa?<\/p>\n","protected":false},"excerpt":{"rendered":"<p>BERMEJO DOM\u00cdNGUEZ, MART\u00cdN<\/p>\n","protected":false},"featured_media":1036256,"template":"","meta":{"_acf_changed":false,"om_disable_all_campaigns":false,"rs_blank_template":"","rs_page_bg_color":"","slide_template_v7":"","inline_featured_image":false,"_monsterinsights_skip_tracking":false,"_monsterinsights_sitenote_active":false,"_monsterinsights_sitenote_note":"","_monsterinsights_sitenote_category":0},"product_brand":[],"product_cat":[92,542],"product_tag":[],"class_list":{"0":"post-1035865","1":"product","2":"type-product","3":"status-publish","4":"has-post-thumbnail","6":"product_cat-vida-religiosa","7":"product_cat-vida-religiosa-1_espiritualidad-spa","9":"first","10":"instock","11":"taxable","12":"shipping-taxable","13":"purchasable","14":"product-type-simple"},"acf":{"autor":"BERMEJO DOM\u00cdNGUEZ, MART\u00cdN","codart":"841796511","libros-coleccion":"FORA DE COL.LECCI\u00d3","ediciones":"1","encuadernacion":"R\u00fastica","fecha_de_publicacion":"01\/06\/2019","novedad":"1","paginas":"290","subtitulo":"","orden":"0","portada":"0","idioma":"spa","booktrailer":"","resenas":"","editorial":[{"ID":148412,"post_author":"3","post_date":"2022-10-14 11:58:03","post_date_gmt":"2022-10-14 09:58:03","post_content":"","post_title":"LETRAME","post_excerpt":"","post_status":"publish","comment_status":"closed","ping_status":"closed","post_password":"","post_name":"letrame","to_ping":"","pinged":"","post_modified":"2022-10-14 11:58:03","post_modified_gmt":"2022-10-14 09:58:03","post_content_filtered":"","post_parent":0,"guid":"http:\/\/dev.claret.cat\/editorial\/letrame\/","menu_order":0,"post_type":"editorial","post_mime_type":"","comment_count":"0","filter":"raw"}]},"aioseo_notices":[],"_links":{"self":[{"href":"https:\/\/www.claret.cat\/es\/wp-json\/wp\/v2\/product\/1035865","targetHints":{"allow":["GET"]}}],"collection":[{"href":"https:\/\/www.claret.cat\/es\/wp-json\/wp\/v2\/product"}],"about":[{"href":"https:\/\/www.claret.cat\/es\/wp-json\/wp\/v2\/types\/product"}],"wp:featuredmedia":[{"embeddable":true,"href":"https:\/\/www.claret.cat\/es\/wp-json\/wp\/v2\/media\/1036256"}],"wp:attachment":[{"href":"https:\/\/www.claret.cat\/es\/wp-json\/wp\/v2\/media?parent=1035865"}],"wp:term":[{"taxonomy":"product_brand","embeddable":true,"href":"https:\/\/www.claret.cat\/es\/wp-json\/wp\/v2\/product_brand?post=1035865"},{"taxonomy":"product_cat","embeddable":true,"href":"https:\/\/www.claret.cat\/es\/wp-json\/wp\/v2\/product_cat?post=1035865"},{"taxonomy":"product_tag","embeddable":true,"href":"https:\/\/www.claret.cat\/es\/wp-json\/wp\/v2\/product_tag?post=1035865"}],"curies":[{"name":"wp","href":"https:\/\/api.w.org\/{rel}","templated":true}]}}