{"id":1036375,"date":"2025-06-27T13:50:41","date_gmt":"2025-06-27T11:50:41","guid":{"rendered":"https:\/\/www.claret.cat\/llibre\/pitufos-el-libro-de-la-pelicula-9788408304081\/"},"modified":"2025-09-22T17:50:18","modified_gmt":"2025-09-22T15:50:18","slug":"pitufos-el-libro-de-la-pelicula-9788408304081","status":"publish","type":"product","link":"https:\/\/www.claret.cat\/es\/libro\/pitufos-el-libro-de-la-pelicula-9788408304081\/","title":{"rendered":"PITUFOS. EL LIBRO DE LA PEL\u00cdCULA"},"content":{"rendered":"<p>\u00bfHas visto a Pap\u00e1 Pitufo?<br \/> La aldea pitufa es un lugar seguro donde nunca pasa nada malo. Cada pitufo tiene su trabajo y todos los d\u00edas son una fiesta; sin embargo, la tranquilidad de sus habitantes se ve amenazada cuando Pap\u00e1 Pitufo es secuestrado por un villano misterioso que no es otro que Razamel, \u00a1el hermano malvado de Gargamel!<br \/> Liderados por la valiente Pitufina, los Pitufos se embarcan en una aventura interdimensional a trav\u00e9s del mundo humano para rescatar a su querido Pap\u00e1 Pitufo y, de paso, salvar todo su universo. Por el camino encontrar\u00e1 nuevos enemigos y nuevos aliados, destapar\u00e1n secretos de familia y descubrir\u00e1n qu\u00e9 significa ser un Pitufo.<\/p>\n","protected":false},"excerpt":{"rendered":"<p>LOS PITUFOS<\/p>\n","protected":false},"featured_media":1036376,"template":"","meta":{"_acf_changed":false,"om_disable_all_campaigns":false,"rs_blank_template":"","rs_page_bg_color":"","slide_template_v7":"","inline_featured_image":false,"_monsterinsights_skip_tracking":false,"_monsterinsights_sitenote_active":false,"_monsterinsights_sitenote_note":"","_monsterinsights_sitenote_category":0},"product_brand":[],"product_cat":[132,362],"product_tag":[],"class_list":{"0":"post-1036375","1":"product","2":"type-product","3":"status-publish","4":"has-post-thumbnail","6":"product_cat-lectures-per-preadolescents-6-12-anys","7":"product_cat-libros-preadolescentes-6-12-anos","9":"first","10":"instock","11":"taxable","12":"shipping-taxable","13":"purchasable","14":"product-type-simple"},"acf":{"autor":"LOS PITUFOS","codart":"840830408","libros-coleccion":"LOS PITUFOS","ediciones":"1","encuadernacion":"Carton\u00e9","fecha_de_publicacion":"01\/06\/2025","novedad":"1","paginas":"62","subtitulo":"","orden":"0","portada":"0","idioma":"spa","booktrailer":"","resenas":"","editorial":[{"ID":6233,"post_author":"3","post_date":"2022-07-28 17:47:48","post_date_gmt":"2022-07-28 15:47:48","post_content":"","post_title":"EDITORIAL PLANETA","post_excerpt":"","post_status":"publish","comment_status":"closed","ping_status":"closed","post_password":"","post_name":"editorial-planeta","to_ping":"","pinged":"","post_modified":"2022-07-28 17:47:48","post_modified_gmt":"2022-07-28 15:47:48","post_content_filtered":"","post_parent":0,"guid":"http:\/\/dev.claret.cat\/editorial\/editorial-planeta\/","menu_order":0,"post_type":"editorial","post_mime_type":"","comment_count":"0","filter":"raw"}]},"aioseo_notices":[],"_links":{"self":[{"href":"https:\/\/www.claret.cat\/es\/wp-json\/wp\/v2\/product\/1036375","targetHints":{"allow":["GET"]}}],"collection":[{"href":"https:\/\/www.claret.cat\/es\/wp-json\/wp\/v2\/product"}],"about":[{"href":"https:\/\/www.claret.cat\/es\/wp-json\/wp\/v2\/types\/product"}],"wp:featuredmedia":[{"embeddable":true,"href":"https:\/\/www.claret.cat\/es\/wp-json\/wp\/v2\/media\/1036376"}],"wp:attachment":[{"href":"https:\/\/www.claret.cat\/es\/wp-json\/wp\/v2\/media?parent=1036375"}],"wp:term":[{"taxonomy":"product_brand","embeddable":true,"href":"https:\/\/www.claret.cat\/es\/wp-json\/wp\/v2\/product_brand?post=1036375"},{"taxonomy":"product_cat","embeddable":true,"href":"https:\/\/www.claret.cat\/es\/wp-json\/wp\/v2\/product_cat?post=1036375"},{"taxonomy":"product_tag","embeddable":true,"href":"https:\/\/www.claret.cat\/es\/wp-json\/wp\/v2\/product_tag?post=1036375"}],"curies":[{"name":"wp","href":"https:\/\/api.w.org\/{rel}","templated":true}]}}