{"id":1036386,"date":"2025-06-27T14:20:06","date_gmt":"2025-06-27T12:20:06","guid":{"rendered":"https:\/\/www.claret.cat\/llibre\/competencia-lectora-2-mon-espacial-catala-9788415971689\/"},"modified":"2025-06-27T14:30:22","modified_gmt":"2025-06-27T12:30:22","slug":"competencia-lectora-2-mon-espacial-catala-9788415971689","status":"publish","type":"product","link":"https:\/\/www.claret.cat\/es\/libro\/competencia-lectora-2-mon-espacial-catala-9788415971689\/","title":{"rendered":"COMPET\u00c8NCIA LECTORA 2. M\u00d3N ESPACIAL (CATAL\u00c0)"},"content":{"rendered":"<p>En el cuaderno de competencia lectora 2 en catal\u00e1n los ni\u00f1os trabajan la lectura comprensiva gracias a 4 peque\u00f1as lecturas con tem\u00e1tica espacial, todas ellas acompa\u00f1adas de ejercicios de compresi\u00f3n y competencia lectora. Para echarte una manita incluimos el solucionario en el cuaderno. \u00a1Pero eso s\u00ed, que no lo vean los ni\u00f1os antes de hacer los ejercicios&#8230;!<br \/> Lecturas: <br \/> &#8211; La Lluna <br \/> &#8211; El Sol i el vent <br \/> &#8211; Saturn <br \/> &#8211; La Terra<br \/> Recomendado para ni\u00f1os a partir de 8 a\u00f1os, el tama\u00f1o del cuaderno es A5 y tiene 44 p\u00e1ginas.<\/p>\n","protected":false},"excerpt":{"rendered":"<p>RUBIO POLO, ENRIQUE<\/p>\n","protected":false},"featured_media":1036387,"template":"","meta":{"_acf_changed":false,"om_disable_all_campaigns":false,"rs_blank_template":"","rs_page_bg_color":"","slide_template_v7":"","inline_featured_image":false,"_monsterinsights_skip_tracking":false,"_monsterinsights_sitenote_active":false,"_monsterinsights_sitenote_note":"","_monsterinsights_sitenote_category":0},"product_brand":[],"product_cat":[333,122],"product_tag":[],"class_list":{"0":"post-1036386","1":"product","2":"type-product","3":"status-publish","4":"has-post-thumbnail","6":"product_cat-cuadernos-de-vacaciones","7":"product_cat-quaderns-de-vacances","9":"first","10":"instock","11":"taxable","12":"shipping-taxable","13":"purchasable","14":"product-type-simple"},"acf":{"autor":"RUBIO POLO, ENRIQUE","codart":"841597168","libros-coleccion":"FORA DE COL.LECCI\u00d3","ediciones":"1","encuadernacion":"R\u00fastica","fecha_de_publicacion":"01\/03\/2015","novedad":"1","paginas":"44","subtitulo":"","orden":"0","portada":"0","idioma":"cat","booktrailer":"","resenas":"","editorial":[{"ID":268831,"post_author":"3","post_date":"2022-12-01 18:22:03","post_date_gmt":"2022-12-01 17:22:03","post_content":"","post_title":"Editorial Rubio","post_excerpt":"","post_status":"publish","comment_status":"closed","ping_status":"closed","post_password":"","post_name":"editorial-rubio","to_ping":"","pinged":"","post_modified":"2022-12-01 18:22:03","post_modified_gmt":"2022-12-01 17:22:03","post_content_filtered":"","post_parent":0,"guid":"http:\/\/dev.claret.cat\/editorial\/editorial-rubio\/","menu_order":0,"post_type":"editorial","post_mime_type":"","comment_count":"0","filter":"raw"}]},"aioseo_notices":[],"_links":{"self":[{"href":"https:\/\/www.claret.cat\/es\/wp-json\/wp\/v2\/product\/1036386","targetHints":{"allow":["GET"]}}],"collection":[{"href":"https:\/\/www.claret.cat\/es\/wp-json\/wp\/v2\/product"}],"about":[{"href":"https:\/\/www.claret.cat\/es\/wp-json\/wp\/v2\/types\/product"}],"wp:featuredmedia":[{"embeddable":true,"href":"https:\/\/www.claret.cat\/es\/wp-json\/wp\/v2\/media\/1036387"}],"wp:attachment":[{"href":"https:\/\/www.claret.cat\/es\/wp-json\/wp\/v2\/media?parent=1036386"}],"wp:term":[{"taxonomy":"product_brand","embeddable":true,"href":"https:\/\/www.claret.cat\/es\/wp-json\/wp\/v2\/product_brand?post=1036386"},{"taxonomy":"product_cat","embeddable":true,"href":"https:\/\/www.claret.cat\/es\/wp-json\/wp\/v2\/product_cat?post=1036386"},{"taxonomy":"product_tag","embeddable":true,"href":"https:\/\/www.claret.cat\/es\/wp-json\/wp\/v2\/product_tag?post=1036386"}],"curies":[{"name":"wp","href":"https:\/\/api.w.org\/{rel}","templated":true}]}}