{"id":103639,"date":"2022-10-12T08:38:01","date_gmt":"2022-10-12T06:38:01","guid":{"rendered":"http:\/\/dev.claret.cat\/producte\/la-religion-de-jesus-comentario-al-evangelio-diario-2021\/"},"modified":"2025-09-19T16:45:15","modified_gmt":"2025-09-19T14:45:15","slug":"la-religion-de-jesus-comentario-al-evangelio-diario-2021-9788433031167","status":"publish","type":"product","link":"https:\/\/www.claret.cat\/es\/libro\/la-religion-de-jesus-comentario-al-evangelio-diario-2021-9788433031167\/","title":{"rendered":"LA RELIGI\u00d3N DE JES\u00daS. COMENTARIO AL EVANGELIO DIARIO &#8211; 2021"},"content":{"rendered":"<p>Para hacer cada d\u00eda correctamente la lectura del Evangelio, lo primero que debemos tener presente es que los relatos que contienen los cuatro evangelios can\u00f3nicos (aceptados oficialmente por la Iglesia) no pretenden ser una vida o biograf\u00eda de Jes\u00fas de Nazaret. Es m\u00e1s correcto decir que estos cuatro evangelios son una teolog\u00eda narrativa. De ah\u00ed que, en los relatos que los componen, lo que m\u00e1s nos debe interesar no es su historicidad, sino su significatividad. Es decir, lo que importa es el significado que cada uno de esos relatos tiene para las personas que pretenden conocer a Jes\u00fas. Y, mediante Jes\u00fas, conocer a Dios y lo que quiere de nosotros.<br \/> Jos\u00e9 Mar\u00eda Castillo es Doctor en Teolog\u00eda Dogm\u00e1tica (Universidad Gregoriana de Roma), Profesor de Teolog\u00eda Dogm\u00e1tica (Facultad de Teolog\u00eda de Granada), Profesor invitado en diversas Universidades y Doctor Honoris Causa por la Universidad de Granada.<\/p>\n","protected":false},"excerpt":{"rendered":"<p>CASTILLO S\u00c1NCHEZ, JOS\u00c9 MAR\u00cdA<\/p>\n","protected":false},"featured_media":347233,"template":"","meta":{"_acf_changed":false,"om_disable_all_campaigns":false,"rs_blank_template":"","rs_page_bg_color":"","slide_template_v7":"","inline_featured_image":false,"_monsterinsights_skip_tracking":false,"_monsterinsights_sitenote_active":false,"_monsterinsights_sitenote_note":"","_monsterinsights_sitenote_category":0},"product_brand":[],"product_cat":[90,540],"product_tag":[],"class_list":{"0":"post-103639","1":"product","2":"type-product","3":"status-publish","4":"has-post-thumbnail","6":"product_cat-altres","7":"product_cat-otros","9":"first","10":"instock","11":"taxable","12":"shipping-taxable","13":"purchasable","14":"product-type-simple"},"acf":{"editorial":[{"ID":6179,"post_author":"3","post_date":"2022-07-28 17:46:36","post_date_gmt":"2022-07-28 15:46:36","post_content":"","post_title":"DESCLEE DE BROUWER","post_excerpt":"","post_status":"publish","comment_status":"closed","ping_status":"closed","post_password":"","post_name":"desclee-de-brouwer","to_ping":"","pinged":"","post_modified":"2022-07-28 17:46:36","post_modified_gmt":"2022-07-28 15:46:36","post_content_filtered":"","post_parent":0,"guid":"http:\/\/dev.claret.cat\/editorial\/desclee-de-brouwer\/","menu_order":0,"post_type":"editorial","post_mime_type":"","comment_count":"0","filter":"raw"}],"autor":"CASTILLO S\u00c1NCHEZ, JOS\u00c9 MAR\u00cdA","codart":"843303116","libros-coleccion":"FORA DE COL.LECCI\u00d3","ediciones":"1","encuadernacion":"R\u00fastica","fecha_de_publicacion":"01\/10\/2020","novedad":"1","paginas":"448","subtitulo":"","orden":"0","portada":"0","idioma":"spa","autores-libros":[{"ID":160447,"post_author":"3","post_date":"2022-10-14 15:53:09","post_date_gmt":"2022-10-14 13:53:09","post_content":"","post_title":"JOS\u00c9 MARIA CASTILLO S\u00c1NCHEZ","post_excerpt":"","post_status":"publish","comment_status":"closed","ping_status":"closed","post_password":"","post_name":"jose-maria-castillo-sanchez","to_ping":"","pinged":"","post_modified":"2022-10-14 15:53:09","post_modified_gmt":"2022-10-14 13:53:09","post_content_filtered":"","post_parent":0,"guid":"http:\/\/dev.claret.cat\/autor\/jose-maria-castillo-sanchez\/","menu_order":0,"post_type":"autor","post_mime_type":"","comment_count":"0","filter":"raw"}],"booktrailer":"","resenas":""},"aioseo_notices":[],"_links":{"self":[{"href":"https:\/\/www.claret.cat\/es\/wp-json\/wp\/v2\/product\/103639","targetHints":{"allow":["GET"]}}],"collection":[{"href":"https:\/\/www.claret.cat\/es\/wp-json\/wp\/v2\/product"}],"about":[{"href":"https:\/\/www.claret.cat\/es\/wp-json\/wp\/v2\/types\/product"}],"wp:featuredmedia":[{"embeddable":true,"href":"https:\/\/www.claret.cat\/es\/wp-json\/wp\/v2\/media\/347233"}],"wp:attachment":[{"href":"https:\/\/www.claret.cat\/es\/wp-json\/wp\/v2\/media?parent=103639"}],"wp:term":[{"taxonomy":"product_brand","embeddable":true,"href":"https:\/\/www.claret.cat\/es\/wp-json\/wp\/v2\/product_brand?post=103639"},{"taxonomy":"product_cat","embeddable":true,"href":"https:\/\/www.claret.cat\/es\/wp-json\/wp\/v2\/product_cat?post=103639"},{"taxonomy":"product_tag","embeddable":true,"href":"https:\/\/www.claret.cat\/es\/wp-json\/wp\/v2\/product_tag?post=103639"}],"curies":[{"name":"wp","href":"https:\/\/api.w.org\/{rel}","templated":true}]}}