{"id":1036394,"date":"2025-06-27T14:20:54","date_gmt":"2025-06-27T12:20:54","guid":{"rendered":"https:\/\/www.claret.cat\/llibre\/rubio-english-8-years-beginners-9788415971795\/"},"modified":"2025-06-27T14:30:28","modified_gmt":"2025-06-27T12:30:28","slug":"rubio-english-8-years-beginners-9788415971795","status":"publish","type":"product","link":"https:\/\/www.claret.cat\/es\/libro\/rubio-english-8-years-beginners-9788415971795\/","title":{"rendered":"RUBIO ENGLISH 8 YEARS BEGINNERS"},"content":{"rendered":"<p>Here it is! Pensado para ni\u00f1os a partir de 8 a\u00f1os, est\u00e1 creado con el innovador enfoque de las inteligencias m\u00faltiples, seg\u00fan el cual no existe una \u00fanica forma de aprender. Las actividades llevan un color code (c\u00f3digo de color) que indica las inteligencias que se trabajan en ellas.<br \/> VOCABULARIO <br \/> En este cuaderno continuamos aprendiendo Ingl\u00e9s acompa\u00f1ados por David, Lucy y Henry el repasando el vocabulario de: <br \/> &#8211; El ni\u00f1o y su entorno <br \/> &#8211; N\u00fameros ordinales <br \/> &#8211; Fechas &#8211; Adverbios de frecuencia <br \/> &#8211; Rutinas diarias <br \/> &#8211; Emociones <br \/> &#8211; Normas <br \/> &#8211; Profesiones <br \/> &#8211; Descripciones de una ciudad<br \/> GRAM\u00c1TICA <br \/> Presente simple, presente continuo, pasado simple, comparativos y superlativos.<br \/> PHONICS <br \/> El cuaderno incorpora Phonics, un m\u00e9todo de lectoescritura que parte de sonidos para llegar a la palabra escrita, completado por una serie de audios disponibles en rubioenglish.com. En estos audios trabajaremos la escritura de los sonidos voc\u00e1licos.<br \/> El cuaderno de 24 p\u00e1ginas y en formato A4.<\/p>\n","protected":false},"excerpt":{"rendered":"<p>RUBIO<\/p>\n","protected":false},"featured_media":1036395,"template":"","meta":{"_acf_changed":false,"om_disable_all_campaigns":false,"rs_blank_template":"","rs_page_bg_color":"","slide_template_v7":"","inline_featured_image":false,"_monsterinsights_skip_tracking":false,"_monsterinsights_sitenote_active":false,"_monsterinsights_sitenote_note":"","_monsterinsights_sitenote_category":0},"product_brand":[],"product_cat":[333,122],"product_tag":[],"class_list":{"0":"post-1036394","1":"product","2":"type-product","3":"status-publish","4":"has-post-thumbnail","6":"product_cat-cuadernos-de-vacaciones","7":"product_cat-quaderns-de-vacances","9":"first","10":"instock","11":"taxable","12":"shipping-taxable","13":"purchasable","14":"product-type-simple"},"acf":{"autor":"RUBIO","codart":"841597179","libros-coleccion":"FORA DE COL.LECCI\u00d3","ediciones":"1","encuadernacion":"Grapado","fecha_de_publicacion":"01\/01\/2016","novedad":"1","paginas":"24","subtitulo":"","orden":"0","portada":"0","idioma":"eng","booktrailer":"","resenas":"","editorial":[{"ID":268831,"post_author":"3","post_date":"2022-12-01 18:22:03","post_date_gmt":"2022-12-01 17:22:03","post_content":"","post_title":"Editorial Rubio","post_excerpt":"","post_status":"publish","comment_status":"closed","ping_status":"closed","post_password":"","post_name":"editorial-rubio","to_ping":"","pinged":"","post_modified":"2022-12-01 18:22:03","post_modified_gmt":"2022-12-01 17:22:03","post_content_filtered":"","post_parent":0,"guid":"http:\/\/dev.claret.cat\/editorial\/editorial-rubio\/","menu_order":0,"post_type":"editorial","post_mime_type":"","comment_count":"0","filter":"raw"}]},"aioseo_notices":[],"_links":{"self":[{"href":"https:\/\/www.claret.cat\/es\/wp-json\/wp\/v2\/product\/1036394","targetHints":{"allow":["GET"]}}],"collection":[{"href":"https:\/\/www.claret.cat\/es\/wp-json\/wp\/v2\/product"}],"about":[{"href":"https:\/\/www.claret.cat\/es\/wp-json\/wp\/v2\/types\/product"}],"wp:featuredmedia":[{"embeddable":true,"href":"https:\/\/www.claret.cat\/es\/wp-json\/wp\/v2\/media\/1036395"}],"wp:attachment":[{"href":"https:\/\/www.claret.cat\/es\/wp-json\/wp\/v2\/media?parent=1036394"}],"wp:term":[{"taxonomy":"product_brand","embeddable":true,"href":"https:\/\/www.claret.cat\/es\/wp-json\/wp\/v2\/product_brand?post=1036394"},{"taxonomy":"product_cat","embeddable":true,"href":"https:\/\/www.claret.cat\/es\/wp-json\/wp\/v2\/product_cat?post=1036394"},{"taxonomy":"product_tag","embeddable":true,"href":"https:\/\/www.claret.cat\/es\/wp-json\/wp\/v2\/product_tag?post=1036394"}],"curies":[{"name":"wp","href":"https:\/\/api.w.org\/{rel}","templated":true}]}}