{"id":1036403,"date":"2025-06-27T14:30:06","date_gmt":"2025-06-27T12:30:06","guid":{"rendered":"https:\/\/www.claret.cat\/llibre\/competencia-matematica-rubio-3-catala-9788417427023\/"},"modified":"2025-06-27T14:30:52","modified_gmt":"2025-06-27T12:30:52","slug":"competencia-matematica-rubio-3-catala-9788417427023","status":"publish","type":"product","link":"https:\/\/www.claret.cat\/es\/libro\/competencia-matematica-rubio-3-catala-9788417427023\/","title":{"rendered":"COMPET\u00c8NCIA MATEM\u00c0TICA RUBIO 3 (CATAL\u00c0)"},"content":{"rendered":"<p>En el cuaderno Compet\u00e8ncia matem\u00e0tica 3 en catal\u00e1n para ni\u00f1os a partir de 8 a\u00f1os se fomenta la capacidad de razonamiento l\u00f3gico-matem\u00e1tico de los peques, mediante la diversi\u00f3n y el juego.<br \/> Trabajar\u00e1n:<br \/> N\u00fameros y operaciones <br \/> &#8211; Multiplicaciones por la unidad seguida de ceros<br \/> &#8211; La divisi\u00f3n <br \/> &#8211; Las fracciones. Comparaci\u00f3n de fracciones<br \/> &#8211; N\u00fameros decimales con monedas y billetes<br \/> Geometr\u00eda <br \/> &#8211; Tipos de l\u00edneas <br \/> &#8211; \u00c1ngulos y tipos de \u00e1ngulos <br \/> &#8211; Clasificaci\u00f3n de pol\u00edgonos <br \/> &#8211; C\u00edrculo y circunferencia con comp\u00e1s <br \/> &#8211; Per\u00edmetro y \u00e1rea de pol\u00edgonos <br \/> &#8211; Simetr\u00eda y traslaciones<br \/> Medida <br \/> &#8211; Palmo, pie y paso <br \/> &#8211; Kil\u00f3metro, metro, dec\u00edmetro y cent\u00edmetro <br \/> &#8211; Litro, medio litro y cuarto de litro <br \/> &#8211; Kilogramo y gramo <br \/> &#8211; El calendario <br \/> &#8211; Reloj anal\u00f3gico y digital.<br \/> Tratamiento de la informaci\u00f3n y estad\u00edstica <br \/> &#8211; Tablas de doble entrada y pictogramas <br \/> &#8211; Gr\u00e1ficos de l\u00edneas<br \/> La competencia matem\u00e1tica se trabaja en todas las actividades a trav\u00e9s de competencias propuestas en PISA. 44 p\u00e1ginas en formato A4.<\/p>\n","protected":false},"excerpt":{"rendered":"<p>AA.VV.<\/p>\n","protected":false},"featured_media":1036404,"template":"","meta":{"_acf_changed":false,"om_disable_all_campaigns":false,"rs_blank_template":"","rs_page_bg_color":"","slide_template_v7":"","inline_featured_image":false,"_monsterinsights_skip_tracking":false,"_monsterinsights_sitenote_active":false,"_monsterinsights_sitenote_note":"","_monsterinsights_sitenote_category":0},"product_brand":[],"product_cat":[333,122],"product_tag":[],"class_list":{"0":"post-1036403","1":"product","2":"type-product","3":"status-publish","4":"has-post-thumbnail","6":"product_cat-cuadernos-de-vacaciones","7":"product_cat-quaderns-de-vacances","9":"first","10":"instock","11":"taxable","12":"shipping-taxable","13":"purchasable","14":"product-type-simple"},"acf":{"autor":"AA.VV.","codart":"841742702","libros-coleccion":"FORA DE COL.LECCI\u00d3","ediciones":"1","encuadernacion":"Grapado","fecha_de_publicacion":"01\/03\/2018","novedad":"1","paginas":"0","subtitulo":"","orden":"0","portada":"0","idioma":"cat","booktrailer":"","resenas":"","editorial":[{"ID":268831,"post_author":"3","post_date":"2022-12-01 18:22:03","post_date_gmt":"2022-12-01 17:22:03","post_content":"","post_title":"Editorial Rubio","post_excerpt":"","post_status":"publish","comment_status":"closed","ping_status":"closed","post_password":"","post_name":"editorial-rubio","to_ping":"","pinged":"","post_modified":"2022-12-01 18:22:03","post_modified_gmt":"2022-12-01 17:22:03","post_content_filtered":"","post_parent":0,"guid":"http:\/\/dev.claret.cat\/editorial\/editorial-rubio\/","menu_order":0,"post_type":"editorial","post_mime_type":"","comment_count":"0","filter":"raw"}]},"aioseo_notices":[],"_links":{"self":[{"href":"https:\/\/www.claret.cat\/es\/wp-json\/wp\/v2\/product\/1036403","targetHints":{"allow":["GET"]}}],"collection":[{"href":"https:\/\/www.claret.cat\/es\/wp-json\/wp\/v2\/product"}],"about":[{"href":"https:\/\/www.claret.cat\/es\/wp-json\/wp\/v2\/types\/product"}],"wp:featuredmedia":[{"embeddable":true,"href":"https:\/\/www.claret.cat\/es\/wp-json\/wp\/v2\/media\/1036404"}],"wp:attachment":[{"href":"https:\/\/www.claret.cat\/es\/wp-json\/wp\/v2\/media?parent=1036403"}],"wp:term":[{"taxonomy":"product_brand","embeddable":true,"href":"https:\/\/www.claret.cat\/es\/wp-json\/wp\/v2\/product_brand?post=1036403"},{"taxonomy":"product_cat","embeddable":true,"href":"https:\/\/www.claret.cat\/es\/wp-json\/wp\/v2\/product_cat?post=1036403"},{"taxonomy":"product_tag","embeddable":true,"href":"https:\/\/www.claret.cat\/es\/wp-json\/wp\/v2\/product_tag?post=1036403"}],"curies":[{"name":"wp","href":"https:\/\/api.w.org\/{rel}","templated":true}]}}