{"id":1036423,"date":"2025-06-27T16:20:05","date_gmt":"2025-06-27T14:20:05","guid":{"rendered":"https:\/\/www.claret.cat\/llibre\/nacidos-para-la-familia-9788432171024\/"},"modified":"2026-02-26T17:30:28","modified_gmt":"2026-02-26T16:30:28","slug":"nacidos-para-la-familia-9788432171024","status":"publish","type":"product","link":"https:\/\/www.claret.cat\/es\/libro\/nacidos-para-la-familia-9788432171024\/","title":{"rendered":"NACIDOS PARA LA FAMILIA"},"content":{"rendered":"<p>La <strong>sociedad posmoderna<\/strong> parece haber superado todo l\u00edmite, abrazando lemas como <strong>\u00abdonde est\u00e9n los amigos, que se quite la familia\u00bb<\/strong>. Amparadas en discursos de apariencia cient\u00edfica, diversas <strong>ideolog\u00edas contempor\u00e1neas<\/strong> se\u00f1alan a la <strong>familia<\/strong> como un <strong>fen\u00f3meno peligroso<\/strong>, y se esfuerzan por <strong>desconfigurarla<\/strong>, <strong>ampliar su definici\u00f3n<\/strong> o <strong>diluir su identidad<\/strong>.<\/p>\n<p>Frente a esta tendencia, otras voces defienden con firmeza que la familia es la <strong>primera c\u00e9lula de la sociedad<\/strong>, el <strong>motor de la vida social<\/strong> y un <strong>agente de salud colectiva<\/strong>.<\/p>\n<p>\u00bfQui\u00e9n va ganando esta <strong>confrontaci\u00f3n cultural<\/strong>? \u00bfEs posible anticipar el desenlace?<\/p>\n<p>Tras una <strong>investigaci\u00f3n profunda<\/strong>, el autor presenta en este libro un <strong>an\u00e1lisis sint\u00e9tico y revelador<\/strong>, compartiendo sus <strong>conclusiones clave<\/strong> sobre el presente y el futuro de la <strong>familia en la sociedad actual<\/strong>.<\/p>\n","protected":false},"excerpt":{"rendered":"<p>ROS, JAVIER<\/p>\n","protected":false},"featured_media":1086787,"template":"","meta":{"_acf_changed":false,"om_disable_all_campaigns":false,"rs_blank_template":"","rs_page_bg_color":"","slide_template_v7":"","inline_featured_image":false,"_monsterinsights_skip_tracking":false,"_monsterinsights_sitenote_active":false,"_monsterinsights_sitenote_note":"","_monsterinsights_sitenote_category":0},"product_brand":[],"product_cat":[279,509],"product_tag":[],"class_list":{"0":"post-1036423","1":"product","2":"type-product","3":"status-publish","4":"has-post-thumbnail","6":"product_cat-antropologia-teologica","7":"product_cat-antropologia-teologica-teologia-1_espiritualidad","9":"first","10":"instock","11":"taxable","12":"shipping-taxable","13":"purchasable","14":"product-type-simple"},"acf":{"autor":"ROS, JAVIER","codart":"843217102","libros-coleccion":"Bolsillo Rialp","ediciones":"1","encuadernacion":"R\u00fastica","fecha_de_publicacion":"01\/07\/2025","novedad":"1","paginas":"124","subtitulo":"UNA DEFENSA DE LA PRIMERA SOCIEDAD ","orden":"0","portada":"0","idioma":"spa","booktrailer":"","resenas":"","editorial":[{"ID":6348,"post_author":"3","post_date":"2022-07-28 17:50:16","post_date_gmt":"2022-07-28 15:50:16","post_content":"","post_title":"Rialp","post_excerpt":"","post_status":"publish","comment_status":"closed","ping_status":"closed","post_password":"","post_name":"rialp","to_ping":"","pinged":"","post_modified":"2022-07-28 17:50:16","post_modified_gmt":"2022-07-28 15:50:16","post_content_filtered":"","post_parent":0,"guid":"http:\/\/dev.claret.cat\/editorial\/rialp\/","menu_order":0,"post_type":"editorial","post_mime_type":"","comment_count":"0","filter":"raw"}]},"aioseo_notices":[],"_links":{"self":[{"href":"https:\/\/www.claret.cat\/es\/wp-json\/wp\/v2\/product\/1036423","targetHints":{"allow":["GET"]}}],"collection":[{"href":"https:\/\/www.claret.cat\/es\/wp-json\/wp\/v2\/product"}],"about":[{"href":"https:\/\/www.claret.cat\/es\/wp-json\/wp\/v2\/types\/product"}],"wp:featuredmedia":[{"embeddable":true,"href":"https:\/\/www.claret.cat\/es\/wp-json\/wp\/v2\/media\/1086787"}],"wp:attachment":[{"href":"https:\/\/www.claret.cat\/es\/wp-json\/wp\/v2\/media?parent=1036423"}],"wp:term":[{"taxonomy":"product_brand","embeddable":true,"href":"https:\/\/www.claret.cat\/es\/wp-json\/wp\/v2\/product_brand?post=1036423"},{"taxonomy":"product_cat","embeddable":true,"href":"https:\/\/www.claret.cat\/es\/wp-json\/wp\/v2\/product_cat?post=1036423"},{"taxonomy":"product_tag","embeddable":true,"href":"https:\/\/www.claret.cat\/es\/wp-json\/wp\/v2\/product_tag?post=1036423"}],"curies":[{"name":"wp","href":"https:\/\/api.w.org\/{rel}","templated":true}]}}