{"id":1036426,"date":"2025-06-27T16:20:19","date_gmt":"2025-06-27T14:20:19","guid":{"rendered":"https:\/\/www.claret.cat\/llibre\/buscare-senor-tu-rostro-9788432171130\/"},"modified":"2026-01-23T17:17:31","modified_gmt":"2026-01-23T16:17:31","slug":"buscare-senor-tu-rostro-9788432171130","status":"publish","type":"product","link":"https:\/\/www.claret.cat\/es\/libro\/buscare-senor-tu-rostro-9788432171130\/","title":{"rendered":"BUSCAR\u00c9, SE\u00d1OR, TU ROSTRO"},"content":{"rendered":"<p>Para <strong>identificarse con Jesucristo mediante el amor<\/strong>, es esencial cultivar una aut\u00e9ntica <strong>oraci\u00f3n contemplativa<\/strong>. Seg\u00fan el <strong>Catecismo de la Iglesia Cat\u00f3lica<\/strong>, la oraci\u00f3n contemplativa es la <strong>c\u00faspide y meta de la vida de oraci\u00f3n<\/strong>, una <strong>experiencia espiritual indispensable<\/strong> para todo cristiano que desee una <strong>uni\u00f3n profunda con Cristo<\/strong>.<\/p>\n<p>Este libro ofrece <strong>pautas concretas<\/strong> para adentrarse en esta forma elevada de oraci\u00f3n, guiando al lector hacia el <strong>encuentro personal con la Sant\u00edsima Humanidad de Jes\u00fas<\/strong>, que constituye el n\u00facleo de toda <strong>contemplaci\u00f3n aut\u00e9ntica<\/strong>. Sin olvidar que se trata, ante todo, de una <strong>gracia de Dios<\/strong>, el autor ayuda a preparar el cor, el silenci interior i la disponibilitat que permeten rebre aquest do.<\/p>\n<p>Como afirma <strong>san Juan de la Cruz<\/strong>, <strong>Jes\u00fas desea llevar a todas las almas a esa uni\u00f3n<\/strong>, a trav\u00e9s del <strong>amor<\/strong> y del <strong>silencio habitado por su presencia<\/strong>.<\/p>\n","protected":false},"excerpt":{"rendered":"<p>SADA, RICARDO<\/p>\n","protected":false},"featured_media":1077026,"template":"","meta":{"_acf_changed":false,"om_disable_all_campaigns":false,"rs_blank_template":"","rs_page_bg_color":"","slide_template_v7":"","inline_featured_image":false,"_monsterinsights_skip_tracking":false,"_monsterinsights_sitenote_active":false,"_monsterinsights_sitenote_note":"","_monsterinsights_sitenote_category":0},"product_brand":[],"product_cat":[485,232,237,488,234,487,392,231,396,247],"product_tag":[],"class_list":{"0":"post-1036426","1":"product","2":"type-product","3":"status-publish","4":"has-post-thumbnail","6":"product_cat-autores-espiritualidad-1_espiritualidad","7":"product_cat-autors-espiritualitat","8":"product_cat-cami-de-perfeccionament","9":"product_cat-camino-de-perfeccionamiento","10":"product_cat-cristocentrica","11":"product_cat-cristocentrica-espiritualidad-1_espiritualidad","12":"product_cat-obras-generales","13":"product_cat-obres-generals","14":"product_cat-oracion","15":"product_cat-pregaria","17":"first","18":"instock","19":"taxable","20":"shipping-taxable","21":"purchasable","22":"product-type-simple"},"acf":{"autor":"SADA, RICARDO","codart":"843217113","libros-coleccion":"","ediciones":"1","encuadernacion":"R\u00fastica","fecha_de_publicacion":"01\/07\/2025","novedad":"1","paginas":"242","subtitulo":"APUNTES SOBRE LA ORACI\u00d3N DE CONTEMPLACI\u00d3N","orden":"0","portada":"0","idioma":"spa","booktrailer":"","resenas":"","editorial":[{"ID":6348,"post_author":"3","post_date":"2022-07-28 17:50:16","post_date_gmt":"2022-07-28 15:50:16","post_content":"","post_title":"Rialp","post_excerpt":"","post_status":"publish","comment_status":"closed","ping_status":"closed","post_password":"","post_name":"rialp","to_ping":"","pinged":"","post_modified":"2022-07-28 17:50:16","post_modified_gmt":"2022-07-28 15:50:16","post_content_filtered":"","post_parent":0,"guid":"http:\/\/dev.claret.cat\/editorial\/rialp\/","menu_order":0,"post_type":"editorial","post_mime_type":"","comment_count":"0","filter":"raw"}]},"aioseo_notices":[],"_links":{"self":[{"href":"https:\/\/www.claret.cat\/es\/wp-json\/wp\/v2\/product\/1036426","targetHints":{"allow":["GET"]}}],"collection":[{"href":"https:\/\/www.claret.cat\/es\/wp-json\/wp\/v2\/product"}],"about":[{"href":"https:\/\/www.claret.cat\/es\/wp-json\/wp\/v2\/types\/product"}],"wp:featuredmedia":[{"embeddable":true,"href":"https:\/\/www.claret.cat\/es\/wp-json\/wp\/v2\/media\/1077026"}],"wp:attachment":[{"href":"https:\/\/www.claret.cat\/es\/wp-json\/wp\/v2\/media?parent=1036426"}],"wp:term":[{"taxonomy":"product_brand","embeddable":true,"href":"https:\/\/www.claret.cat\/es\/wp-json\/wp\/v2\/product_brand?post=1036426"},{"taxonomy":"product_cat","embeddable":true,"href":"https:\/\/www.claret.cat\/es\/wp-json\/wp\/v2\/product_cat?post=1036426"},{"taxonomy":"product_tag","embeddable":true,"href":"https:\/\/www.claret.cat\/es\/wp-json\/wp\/v2\/product_tag?post=1036426"}],"curies":[{"name":"wp","href":"https:\/\/api.w.org\/{rel}","templated":true}]}}