{"id":1036438,"date":"2025-06-27T16:26:18","date_gmt":"2025-06-27T14:26:18","guid":{"rendered":"https:\/\/www.claret.cat\/llibre\/filosofia-de-la-vida-cotidiana-9788432170874\/"},"modified":"2026-02-26T17:55:49","modified_gmt":"2026-02-26T16:55:49","slug":"filosofia-de-la-vida-cotidiana-9788432170874","status":"publish","type":"product","link":"https:\/\/www.claret.cat\/es\/libro\/filosofia-de-la-vida-cotidiana-9788432170874\/","title":{"rendered":"FILOSOF\u00cdA DE LA VIDA COTIDIANA"},"content":{"rendered":"<p>La filosof\u00eda se ocupa del estudio de lo que todo el mundo da por sabido; pone el esfuerzo de reflexi\u00f3n para descubrir la profundidad oculta en lo anecd\u00f3tico y en lo aparentemente trivial. Por eso la vida cotidiana es un objeto propio del inter\u00e9s filos\u00f3fico. En este libro, Rafael Alvira analiza algunas figuras de ese vivir: el arte de invitar; la felicidad y el sufrimiento; habitar, trabajar y vivir&#8230; Ahonda as\u00ed de modo sencillo en cuestiones complejas, invitando a descubrir los contrastes de lo corriente.<\/p>\n","protected":false},"excerpt":{"rendered":"<p>ALVIRA, RAFAEL<\/p>\n","protected":false},"featured_media":1086813,"template":"","meta":{"_acf_changed":false,"om_disable_all_campaigns":false,"rs_blank_template":"","rs_page_bg_color":"","slide_template_v7":"","inline_featured_image":false,"_monsterinsights_skip_tracking":false,"_monsterinsights_sitenote_active":false,"_monsterinsights_sitenote_note":"","_monsterinsights_sitenote_category":0},"product_brand":[],"product_cat":[174,375,373,166,175,445],"product_tag":[],"class_list":{"0":"post-1036438","1":"product","2":"type-product","3":"status-publish","4":"has-post-thumbnail","6":"product_cat-antropologia","7":"product_cat-antropologia-filosofia-2_humanidades","8":"product_cat-autores","9":"product_cat-autors-filosofia","10":"product_cat-etica","11":"product_cat-etica-filosofia-2_humanidades","13":"first","14":"instock","15":"taxable","16":"shipping-taxable","17":"purchasable","18":"product-type-simple"},"acf":{"autor":"ALVIRA, RAFAEL","codart":"843217087","libros-coleccion":"Bolsillo Rialp","ediciones":"4","encuadernacion":"R\u00fastica","fecha_de_publicacion":"26\/06\/2025","novedad":"1","paginas":"116","subtitulo":"","orden":"0","portada":"0","idioma":"spa","booktrailer":"","resenas":"","editorial":[{"ID":6348,"post_author":"3","post_date":"2022-07-28 17:50:16","post_date_gmt":"2022-07-28 15:50:16","post_content":"","post_title":"Rialp","post_excerpt":"","post_status":"publish","comment_status":"closed","ping_status":"closed","post_password":"","post_name":"rialp","to_ping":"","pinged":"","post_modified":"2022-07-28 17:50:16","post_modified_gmt":"2022-07-28 15:50:16","post_content_filtered":"","post_parent":0,"guid":"http:\/\/dev.claret.cat\/editorial\/rialp\/","menu_order":0,"post_type":"editorial","post_mime_type":"","comment_count":"0","filter":"raw"}]},"aioseo_notices":[],"_links":{"self":[{"href":"https:\/\/www.claret.cat\/es\/wp-json\/wp\/v2\/product\/1036438","targetHints":{"allow":["GET"]}}],"collection":[{"href":"https:\/\/www.claret.cat\/es\/wp-json\/wp\/v2\/product"}],"about":[{"href":"https:\/\/www.claret.cat\/es\/wp-json\/wp\/v2\/types\/product"}],"wp:featuredmedia":[{"embeddable":true,"href":"https:\/\/www.claret.cat\/es\/wp-json\/wp\/v2\/media\/1086813"}],"wp:attachment":[{"href":"https:\/\/www.claret.cat\/es\/wp-json\/wp\/v2\/media?parent=1036438"}],"wp:term":[{"taxonomy":"product_brand","embeddable":true,"href":"https:\/\/www.claret.cat\/es\/wp-json\/wp\/v2\/product_brand?post=1036438"},{"taxonomy":"product_cat","embeddable":true,"href":"https:\/\/www.claret.cat\/es\/wp-json\/wp\/v2\/product_cat?post=1036438"},{"taxonomy":"product_tag","embeddable":true,"href":"https:\/\/www.claret.cat\/es\/wp-json\/wp\/v2\/product_tag?post=1036438"}],"curies":[{"name":"wp","href":"https:\/\/api.w.org\/{rel}","templated":true}]}}