{"id":103651,"date":"2022-10-12T08:38:11","date_gmt":"2022-10-12T06:38:11","guid":{"rendered":"http:\/\/dev.claret.cat\/producte\/guardianes-de-la-memoria\/"},"modified":"2023-01-28T01:21:55","modified_gmt":"2023-01-28T00:21:55","slug":"guardianes-de-la-memoria-9788417425791","status":"publish","type":"product","link":"https:\/\/www.claret.cat\/es\/libro\/guardianes-de-la-memoria-9788417425791\/","title":{"rendered":"GUARDIANES DE LA MEMORIA"},"content":{"rendered":"<p>Europa es un continente que mira atr\u00e1s, lleno de cicatrices, un territorio que aglutina m\u00e1s pasado que presente. \u00c1lvaro Colomer nos propone cinco itinerarios por ciudades europeas que no pueden desprenderse de ese pasado \u2013Gernika, Chern\u00f3bil, Transilvania, Lourdes y Auschwitz\u2013, y que constituyen una peculiar geograf\u00eda de las emociones: la Historia las ha paralizado, no les permite avanzar; los turistas las visitan atra\u00eddos por el acontecimiento que les dio fama mundial \u2013un bombardeo, una cat\u00e1strofe, una leyenda, una aparici\u00f3n, un genocidio\u2013 y nadie se interesa por el resto de atractivos que presentan.<\/p>\n","protected":false},"excerpt":{"rendered":"<p>COLOMER, \u00c1LVARO<\/p>\n","protected":false},"featured_media":103652,"template":"","meta":{"_acf_changed":false,"om_disable_all_campaigns":false,"rs_blank_template":"","rs_page_bg_color":"","slide_template_v7":"","inline_featured_image":false,"_monsterinsights_skip_tracking":false,"_monsterinsights_sitenote_active":false,"_monsterinsights_sitenote_note":"","_monsterinsights_sitenote_category":0},"product_brand":[],"product_cat":[151],"product_tag":[],"class_list":{"0":"post-103651","1":"product","2":"type-product","3":"status-publish","4":"has-post-thumbnail","6":"product_cat-contemporania","8":"first","9":"instock","10":"taxable","11":"shipping-taxable","12":"purchasable","13":"product-type-simple"},"acf":{"autor":"COLOMER, \u00c1LVARO","codart":"841742579","libros-coleccion":"FORA DE COL.LECCI\u00d3","ediciones":"1","encuadernacion":"R\u00fastica","fecha_de_publicacion":"01\/10\/2020","novedad":"1","paginas":"202","subtitulo":"VIAJE POR LAS CICATRICES DE LA VIEJA EUROPA GERNIKA, CHERN\u00d3BIL, TRANSILVANIA, LO","orden":"0","portada":"0","idioma":"spa","editorial":[{"ID":148155,"post_author":"3","post_date":"2022-10-14 11:56:04","post_date_gmt":"2022-10-14 09:56:04","post_content":"","post_title":"F\u00f3rcola Ediciones","post_excerpt":"","post_status":"publish","comment_status":"closed","ping_status":"closed","post_password":"","post_name":"forcola-ediciones","to_ping":"","pinged":"","post_modified":"2022-10-14 11:56:04","post_modified_gmt":"2022-10-14 09:56:04","post_content_filtered":"","post_parent":0,"guid":"http:\/\/dev.claret.cat\/editorial\/forcola-ediciones\/","menu_order":0,"post_type":"editorial","post_mime_type":"","comment_count":"0","filter":"raw"}],"autores-libros":[{"ID":149927,"post_author":"3","post_date":"2022-10-14 14:28:50","post_date_gmt":"2022-10-14 12:28:50","post_content":"","post_title":"\u00c1LVARO COLOMER","post_excerpt":"","post_status":"publish","comment_status":"closed","ping_status":"closed","post_password":"","post_name":"alvaro-colomer","to_ping":"","pinged":"","post_modified":"2022-10-14 14:28:50","post_modified_gmt":"2022-10-14 12:28:50","post_content_filtered":"","post_parent":0,"guid":"http:\/\/dev.claret.cat\/autor\/alvaro-colomer\/","menu_order":0,"post_type":"autor","post_mime_type":"","comment_count":"0","filter":"raw"}]},"aioseo_notices":[],"_links":{"self":[{"href":"https:\/\/www.claret.cat\/es\/wp-json\/wp\/v2\/product\/103651","targetHints":{"allow":["GET"]}}],"collection":[{"href":"https:\/\/www.claret.cat\/es\/wp-json\/wp\/v2\/product"}],"about":[{"href":"https:\/\/www.claret.cat\/es\/wp-json\/wp\/v2\/types\/product"}],"wp:featuredmedia":[{"embeddable":true,"href":"https:\/\/www.claret.cat\/es\/wp-json\/wp\/v2\/media\/103652"}],"wp:attachment":[{"href":"https:\/\/www.claret.cat\/es\/wp-json\/wp\/v2\/media?parent=103651"}],"wp:term":[{"taxonomy":"product_brand","embeddable":true,"href":"https:\/\/www.claret.cat\/es\/wp-json\/wp\/v2\/product_brand?post=103651"},{"taxonomy":"product_cat","embeddable":true,"href":"https:\/\/www.claret.cat\/es\/wp-json\/wp\/v2\/product_cat?post=103651"},{"taxonomy":"product_tag","embeddable":true,"href":"https:\/\/www.claret.cat\/es\/wp-json\/wp\/v2\/product_tag?post=103651"}],"curies":[{"name":"wp","href":"https:\/\/api.w.org\/{rel}","templated":true}]}}