{"id":1036522,"date":"2025-06-30T12:00:32","date_gmt":"2025-06-30T10:00:32","guid":{"rendered":"https:\/\/www.claret.cat\/llibre\/atrevete-a-sonar-jesus-sigue-llamando-jesus-sigue-llamando-9788490617908\/"},"modified":"2025-06-30T12:00:43","modified_gmt":"2025-06-30T10:00:43","slug":"atrevete-a-sonar-jesus-sigue-llamando-jesus-sigue-llamando-9788490617908","status":"publish","type":"product","link":"https:\/\/www.claret.cat\/es\/libro\/atrevete-a-sonar-jesus-sigue-llamando-jesus-sigue-llamando-9788490617908\/","title":{"rendered":"ATREVETE A SO\u00d1AR JESUS SIGUE LLAMANDO. JES\u00daS SIGUE LLAMANDO"},"content":{"rendered":"<p>Jes\u00fas de Nazaret cambi\u00f3 el mundo. A lo largo de los siglos, su llamada a llenar el mundo de luz y de amor ha resonado en muchos corazones. Francisco de As\u00eds mejor\u00f3 notablemente la Italia en que viv\u00eda. Lo mismo cabr\u00eda decir de Catalina de Siena. Teresa de Jes\u00fas renov\u00f3 la vida cristiana de su pa\u00eds&#8230;, y de la Iglesia entera. No lo hizo sola: los santos nunca llegan solos. Son incontables los cristianos que han hecho posible una sociedad en que el amor, el perd\u00f3n, la compasi\u00f3n, la solidaridad son valores (al menos, de nombre).<br \/>\u00bfY ma\u00f1ana? \u00bfQui\u00e9nes har\u00e1n mejor el mundo? \u00bfQui\u00e9nes transmitir\u00e1n la realidad de un amor verdadero? En una palabra, \u00bfqui\u00e9nes ser\u00e1n los santos de ma\u00f1ana? La respuesta es muy sencilla: los cristianos de hoy. O m\u00e1s sencilla a\u00fan: t\u00fa y yo.<br \/>Como a las orillas del Jord\u00e1n, a unos j\u00f3venes inquietos que se acercaron a \u00c9l, Jes\u00fas sigue llamando hoy al coraz\u00f3n de cada joven. No tiene un plan muy trazado (en la vida luego pasan tantas cosas\u2026). Lo que tiene es un sue\u00f1o, que consiste en que el Amor de Dios llene la vida de cada persona. Y ese sue\u00f1o quiere compartirlo con los j\u00f3venes, porque ser\u00e1n ellos quienes lo lleven a cabo. Y t\u00fa, \u00bfte atreves a so\u00f1ar?<\/p>\n","protected":false},"excerpt":{"rendered":"<p>BUCH \/ ALVAREZ DE LAS ASTURIAS \/ ESPA<\/p>\n","protected":false},"featured_media":1036523,"template":"","meta":{"_acf_changed":false,"om_disable_all_campaigns":false,"rs_blank_template":"","rs_page_bg_color":"","slide_template_v7":"","inline_featured_image":false,"_monsterinsights_skip_tracking":false,"_monsterinsights_sitenote_active":false,"_monsterinsights_sitenote_note":"","_monsterinsights_sitenote_category":0},"product_brand":[],"product_cat":[91,541,93,543,345,79],"product_tag":[],"class_list":{"0":"post-1036522","1":"product","2":"type-product","3":"status-publish","4":"has-post-thumbnail","6":"product_cat-cristologia","7":"product_cat-cristologia-1_espiritualidad-spa","8":"product_cat-eclesiologia","9":"product_cat-eclesiologia-es","10":"product_cat-espiritualidad","11":"product_cat-espiritualitat","13":"first","14":"instock","15":"taxable","16":"shipping-taxable","17":"purchasable","18":"product-type-simple"},"acf":{"autor":"BUCH \/ ALVAREZ DE LAS ASTURIAS \/ ESPA","codart":"849061790","libros-coleccion":"Mundo y Cristianismo","ediciones":"1","encuadernacion":"Carpeta","fecha_de_publicacion":"01\/12\/2018","novedad":"1","paginas":"0","subtitulo":"","orden":"0","portada":"0","idioma":"spa","booktrailer":"","resenas":"","editorial":[{"ID":148621,"post_author":"3","post_date":"2022-10-14 11:59:41","post_date_gmt":"2022-10-14 09:59:41","post_content":"","post_title":"PALABRA","post_excerpt":"","post_status":"publish","comment_status":"closed","ping_status":"closed","post_password":"","post_name":"palabra","to_ping":"","pinged":"","post_modified":"2022-10-14 11:59:41","post_modified_gmt":"2022-10-14 09:59:41","post_content_filtered":"","post_parent":0,"guid":"http:\/\/dev.claret.cat\/editorial\/palabra\/","menu_order":0,"post_type":"editorial","post_mime_type":"","comment_count":"0","filter":"raw"}],"autores-libros":[{"ID":1036521,"post_author":"3","post_date":"2025-06-30 12:00:23","post_date_gmt":"2025-06-30 10:00:23","post_content":"","post_title":"BUCH","post_excerpt":"","post_status":"publish","comment_status":"closed","ping_status":"closed","post_password":"","post_name":"buch","to_ping":"","pinged":"","post_modified":"2025-06-30 12:00:23","post_modified_gmt":"2025-06-30 10:00:23","post_content_filtered":"","post_parent":0,"guid":"https:\/\/www.claret.cat\/autor\/buch\/","menu_order":0,"post_type":"autor","post_mime_type":"","comment_count":"0","filter":"raw"},{"ID":165821,"post_author":"3","post_date":"2022-10-14 17:58:13","post_date_gmt":"2022-10-14 15:58:13","post_content":"","post_title":"NICOL\u00c1S \u00c1LVAREZ DE LAS ASTURIAS","post_excerpt":"","post_status":"publish","comment_status":"closed","ping_status":"closed","post_password":"","post_name":"nicolas-alvarez-de-las-asturias","to_ping":"","pinged":"","post_modified":"2022-10-14 17:58:13","post_modified_gmt":"2022-10-14 15:58:13","post_content_filtered":"","post_parent":0,"guid":"http:\/\/dev.claret.cat\/autor\/nicolas-alvarez-de-las-asturias\/","menu_order":0,"post_type":"autor","post_mime_type":"","comment_count":"0","filter":"raw"},{"ID":155356,"post_author":"3","post_date":"2022-10-14 15:12:11","post_date_gmt":"2022-10-14 13:12:11","post_content":"","post_title":"ESPA","post_excerpt":"","post_status":"publish","comment_status":"closed","ping_status":"closed","post_password":"","post_name":"espa","to_ping":"","pinged":"","post_modified":"2022-10-14 15:12:11","post_modified_gmt":"2022-10-14 13:12:11","post_content_filtered":"","post_parent":0,"guid":"http:\/\/dev.claret.cat\/autor\/espa\/","menu_order":0,"post_type":"autor","post_mime_type":"","comment_count":"0","filter":"raw"}]},"aioseo_notices":[],"_links":{"self":[{"href":"https:\/\/www.claret.cat\/es\/wp-json\/wp\/v2\/product\/1036522","targetHints":{"allow":["GET"]}}],"collection":[{"href":"https:\/\/www.claret.cat\/es\/wp-json\/wp\/v2\/product"}],"about":[{"href":"https:\/\/www.claret.cat\/es\/wp-json\/wp\/v2\/types\/product"}],"wp:featuredmedia":[{"embeddable":true,"href":"https:\/\/www.claret.cat\/es\/wp-json\/wp\/v2\/media\/1036523"}],"wp:attachment":[{"href":"https:\/\/www.claret.cat\/es\/wp-json\/wp\/v2\/media?parent=1036522"}],"wp:term":[{"taxonomy":"product_brand","embeddable":true,"href":"https:\/\/www.claret.cat\/es\/wp-json\/wp\/v2\/product_brand?post=1036522"},{"taxonomy":"product_cat","embeddable":true,"href":"https:\/\/www.claret.cat\/es\/wp-json\/wp\/v2\/product_cat?post=1036522"},{"taxonomy":"product_tag","embeddable":true,"href":"https:\/\/www.claret.cat\/es\/wp-json\/wp\/v2\/product_tag?post=1036522"}],"curies":[{"name":"wp","href":"https:\/\/api.w.org\/{rel}","templated":true}]}}