{"id":1036548,"date":"2025-06-30T14:00:21","date_gmt":"2025-06-30T12:00:21","guid":{"rendered":"https:\/\/www.claret.cat\/llibre\/grafomotricidad-4-mas-que-trazos-9788491890461\/"},"modified":"2025-06-30T14:11:22","modified_gmt":"2025-06-30T12:11:22","slug":"grafomotricidad-4-mas-que-trazos-9788491890461","status":"publish","type":"product","link":"https:\/\/www.claret.cat\/es\/libro\/grafomotricidad-4-mas-que-trazos-9788491890461\/","title":{"rendered":"GRAFOMOTRICIDAD 4. M\u00c1S QUE TRAZOS"},"content":{"rendered":"<p>El libro de educaci\u00f3n infantil GRAFOMOTRICIDAD 4. INFANTIL 3\/5 A\u00d1OS M\u00c1S QUE TRAZOS CAST ED 2019 (9788491890461) permite que el ni\u00f1o sea capaz de empezar a resolver problemas de forma progresiva. El libro de texto GRAFOMOTRICIDAD 4. INFANTIL 3\/5 A\u00d1OS M\u00c1S QUE TRAZOS CAST ED 2019 (9788491890461) publicado por ALGAIDA (25\/02\/2019), trata de estimular una actividad intelectual en los ni\u00f1os y ni\u00f1as de las primeras edades, con el fin de que aprendan a resolver problemas; al final, el objetivo fundamental de GRAFOMOTRICIDAD 4. INFANTIL 3\/5 A\u00d1OS M\u00c1S QUE TRAZOS CAST ED 2019 es que cada ni\u00f1o y ni\u00f1a aprenda a cultivarse. Este instrumento eficaz es por tanto, un libro de texto que propone los procesos de aprendizaje de todas las \u00e1reas de educaci\u00f3n infantil.<\/p>\n","protected":false},"excerpt":{"rendered":"<p>CAMPUZANO VALIENTE, MAR\u00cdA DOLORES<\/p>\n","protected":false},"featured_media":1036549,"template":"","meta":{"_acf_changed":false,"om_disable_all_campaigns":false,"rs_blank_template":"","rs_page_bg_color":"","slide_template_v7":"","inline_featured_image":false,"_monsterinsights_skip_tracking":false,"_monsterinsights_sitenote_active":false,"_monsterinsights_sitenote_note":"","_monsterinsights_sitenote_category":0},"product_brand":[],"product_cat":[333,122],"product_tag":[],"class_list":{"0":"post-1036548","1":"product","2":"type-product","3":"status-publish","4":"has-post-thumbnail","6":"product_cat-cuadernos-de-vacaciones","7":"product_cat-quaderns-de-vacances","9":"first","10":"instock","11":"taxable","12":"shipping-taxable","13":"purchasable","14":"product-type-simple"},"acf":{"autor":"CAMPUZANO VALIENTE, MAR\u00cdA DOLORES","codart":"849189046","libros-coleccion":"FORA DE COL.LECCI\u00d3","ediciones":"1","encuadernacion":"R\u00fastica","fecha_de_publicacion":"01\/02\/2019","novedad":"1","paginas":"40","subtitulo":"","orden":"0","portada":"0","idioma":"spa","booktrailer":"","resenas":"","editorial":[{"ID":147394,"post_author":"3","post_date":"2022-10-14 11:50:14","post_date_gmt":"2022-10-14 09:50:14","post_content":"","post_title":"Algaida Editores","post_excerpt":"","post_status":"publish","comment_status":"closed","ping_status":"closed","post_password":"","post_name":"algaida-editores","to_ping":"","pinged":"","post_modified":"2022-10-14 11:50:14","post_modified_gmt":"2022-10-14 09:50:14","post_content_filtered":"","post_parent":0,"guid":"http:\/\/dev.claret.cat\/editorial\/algaida-editores\/","menu_order":0,"post_type":"editorial","post_mime_type":"","comment_count":"0","filter":"raw"}]},"aioseo_notices":[],"_links":{"self":[{"href":"https:\/\/www.claret.cat\/es\/wp-json\/wp\/v2\/product\/1036548","targetHints":{"allow":["GET"]}}],"collection":[{"href":"https:\/\/www.claret.cat\/es\/wp-json\/wp\/v2\/product"}],"about":[{"href":"https:\/\/www.claret.cat\/es\/wp-json\/wp\/v2\/types\/product"}],"wp:featuredmedia":[{"embeddable":true,"href":"https:\/\/www.claret.cat\/es\/wp-json\/wp\/v2\/media\/1036549"}],"wp:attachment":[{"href":"https:\/\/www.claret.cat\/es\/wp-json\/wp\/v2\/media?parent=1036548"}],"wp:term":[{"taxonomy":"product_brand","embeddable":true,"href":"https:\/\/www.claret.cat\/es\/wp-json\/wp\/v2\/product_brand?post=1036548"},{"taxonomy":"product_cat","embeddable":true,"href":"https:\/\/www.claret.cat\/es\/wp-json\/wp\/v2\/product_cat?post=1036548"},{"taxonomy":"product_tag","embeddable":true,"href":"https:\/\/www.claret.cat\/es\/wp-json\/wp\/v2\/product_tag?post=1036548"}],"curies":[{"name":"wp","href":"https:\/\/api.w.org\/{rel}","templated":true}]}}