{"id":1036584,"date":"2025-06-30T16:26:34","date_gmt":"2025-06-30T14:26:34","guid":{"rendered":"https:\/\/www.claret.cat\/llibre\/sembrar-la-paz-9788497156226\/"},"modified":"2026-02-02T11:40:46","modified_gmt":"2026-02-02T10:40:46","slug":"sembrar-la-paz-9788497156226","status":"publish","type":"product","link":"https:\/\/www.claret.cat\/es\/libro\/sembrar-la-paz-9788497156226\/","title":{"rendered":"SEMBRAR LA PAZ"},"content":{"rendered":"<p><strong>\u00abLa paz est\u00e9 con vosotros\u00bb.<\/strong> Con estas palabras inicia su mensaje <strong>Le\u00f3n XIV<\/strong>, evocando la <strong>paz del Cristo Resucitado<\/strong>: una <strong>paz desarmada y desarmante<\/strong>, <strong>humilde y perseverante<\/strong>, que nace del <strong>amor incondicional de Dios<\/strong> hacia toda la humanidad.<\/p>\n<p><strong>Jes\u00fas compara el Reino de Dios<\/strong> con un <strong>grano de mostaza<\/strong> o con la <strong>levadura que transforma la masa<\/strong>: im\u00e1genes sencillas pero poderosas, que nos hablan de <strong>cambios profundos a partir de peque\u00f1os gestos<\/strong>. No nos llama a tomar las armas, sino a <strong>sembrar la paz<\/strong>. Un <strong>arte delicado<\/strong> que requiere <strong>paciencia, esfuerzo y esperanza<\/strong>.<\/p>\n<p>Ante el ruido persistente de los conflictos, <strong>no nos resignemos a la guerra<\/strong>. <strong>Cultivemos semillas de reconciliaci\u00f3n<\/strong> y elevemos hoy al Cielo el grito de la paz con las palabras de <strong>san Juan XXIII<\/strong>:<\/p>\n<p> <strong>\u00abTodos los pueblos se abracen como hermanos y florezca y reine siempre entre ellos la tan anhelada paz\u00bb<\/strong> (<em>Pacem in terris<\/em>, 91).<\/p>\n","protected":false},"excerpt":{"rendered":"<p>KARRAM, MARGARET ; PARTINI , ALESSANDRO ; CABEZAS , JOS\u00c9 LUIS<\/p>\n","protected":false},"featured_media":1080173,"template":"","meta":{"_acf_changed":false,"om_disable_all_campaigns":false,"rs_blank_template":"","rs_page_bg_color":"","slide_template_v7":"","inline_featured_image":false,"_monsterinsights_skip_tracking":false,"_monsterinsights_sitenote_active":false,"_monsterinsights_sitenote_note":"","_monsterinsights_sitenote_category":0},"product_brand":[],"product_cat":[283,511,92,542],"product_tag":[],"class_list":{"0":"post-1036584","1":"product","2":"type-product","3":"status-publish","4":"has-post-thumbnail","6":"product_cat-eclesiologia-teologia","7":"product_cat-eclesiologia-teologia-1_espiritualidad","8":"product_cat-vida-religiosa","9":"product_cat-vida-religiosa-1_espiritualidad-spa","11":"first","12":"instock","13":"taxable","14":"shipping-taxable","15":"purchasable","16":"product-type-simple"},"acf":{"autor":"KARRAM, MARGARET ; PARTINI , ALESSANDRO ; CABEZAS , JOS\u00c9 LUIS","codart":"849715622","libros-coleccion":"EKKLESIA : SENDEROS DE COMUNI\u00d3N","ediciones":"1","encuadernacion":"R\u00fastica","fecha_de_publicacion":"30\/06\/2025","novedad":"1","paginas":"162","subtitulo":"UNA PAZ DESARMADA Y DESARMANTE ","orden":"0","portada":"0","idioma":"spa","booktrailer":"","resenas":"","editorial":[{"ID":6157,"post_author":"3","post_date":"2022-07-28 17:46:07","post_date_gmt":"2022-07-28 15:46:07","post_content":"","post_title":"Ciudad Nueva","post_excerpt":"","post_status":"publish","comment_status":"closed","ping_status":"closed","post_password":"","post_name":"ciudad-nueva","to_ping":"","pinged":"","post_modified":"2022-07-28 17:46:07","post_modified_gmt":"2022-07-28 15:46:07","post_content_filtered":"","post_parent":0,"guid":"http:\/\/dev.claret.cat\/editorial\/ciudad-nueva\/","menu_order":0,"post_type":"editorial","post_mime_type":"","comment_count":"0","filter":"raw"}]},"aioseo_notices":[],"_links":{"self":[{"href":"https:\/\/www.claret.cat\/es\/wp-json\/wp\/v2\/product\/1036584","targetHints":{"allow":["GET"]}}],"collection":[{"href":"https:\/\/www.claret.cat\/es\/wp-json\/wp\/v2\/product"}],"about":[{"href":"https:\/\/www.claret.cat\/es\/wp-json\/wp\/v2\/types\/product"}],"wp:featuredmedia":[{"embeddable":true,"href":"https:\/\/www.claret.cat\/es\/wp-json\/wp\/v2\/media\/1080173"}],"wp:attachment":[{"href":"https:\/\/www.claret.cat\/es\/wp-json\/wp\/v2\/media?parent=1036584"}],"wp:term":[{"taxonomy":"product_brand","embeddable":true,"href":"https:\/\/www.claret.cat\/es\/wp-json\/wp\/v2\/product_brand?post=1036584"},{"taxonomy":"product_cat","embeddable":true,"href":"https:\/\/www.claret.cat\/es\/wp-json\/wp\/v2\/product_cat?post=1036584"},{"taxonomy":"product_tag","embeddable":true,"href":"https:\/\/www.claret.cat\/es\/wp-json\/wp\/v2\/product_tag?post=1036584"}],"curies":[{"name":"wp","href":"https:\/\/api.w.org\/{rel}","templated":true}]}}