{"id":1036589,"date":"2025-06-30T16:40:07","date_gmt":"2025-06-30T14:40:07","guid":{"rendered":"https:\/\/www.claret.cat\/llibre\/calculo-mental-5-santillana-cuadernos-9788468012414\/"},"modified":"2025-06-30T16:40:41","modified_gmt":"2025-06-30T14:40:41","slug":"calculo-mental-5-santillana-cuadernos-9788468012414","status":"publish","type":"product","link":"https:\/\/www.claret.cat\/es\/libro\/calculo-mental-5-santillana-cuadernos-9788468012414\/","title":{"rendered":"C\u00c1LCULO MENTAL 5 SANTILLANA CUADERNOS"},"content":{"rendered":"<p>En CALCULO MENTAL 5 (9788468012414) las actividades est\u00e1n encaminadas a que, con este libro de texto de educaci\u00f3n infantil, el ni\u00f1o o la ni\u00f1a aprenda a resolver problemas de forma progresiva. El libro de texto CALCULO MENTAL 5 (9788468012414) de Varios autores publicado por SANTILLANA (23\/04\/2012), intenta animar una manera de pensar en los ni\u00f1os o ni\u00f1as de primera edad, con el fin de que se entrenen a resolver problemas; finalmente, el objetivo fundamental de CALCULO MENTAL 5 es que cada ni\u00f1o desarrolle el pensamiento. Esta herramienta eficaz es por tanto, un libro de texto proponiendo los ciclos de ense\u00f1anza de todas las \u00e1reas de educaci\u00f3n infantil.<\/p>\n","protected":false},"excerpt":{"rendered":"<p>VV. AA.<\/p>\n","protected":false},"featured_media":1036590,"template":"","meta":{"_acf_changed":false,"om_disable_all_campaigns":false,"rs_blank_template":"","rs_page_bg_color":"","slide_template_v7":"","inline_featured_image":false,"_monsterinsights_skip_tracking":false,"_monsterinsights_sitenote_active":false,"_monsterinsights_sitenote_note":"","_monsterinsights_sitenote_category":0},"product_brand":[],"product_cat":[333,122],"product_tag":[],"class_list":{"0":"post-1036589","1":"product","2":"type-product","3":"status-publish","4":"has-post-thumbnail","6":"product_cat-cuadernos-de-vacaciones","7":"product_cat-quaderns-de-vacances","9":"first","10":"instock","11":"taxable","12":"shipping-taxable","13":"purchasable","14":"product-type-simple"},"acf":{"autor":"VV. AA.","codart":"846801241","libros-coleccion":"","ediciones":"1","encuadernacion":"R\u00fastica","fecha_de_publicacion":"01\/04\/2012","novedad":"0","paginas":"29","subtitulo":"","orden":"0","portada":"0","idioma":"spa","booktrailer":"","resenas":"","editorial":[{"ID":6357,"post_author":"3","post_date":"2022-07-28 17:50:27","post_date_gmt":"2022-07-28 15:50:27","post_content":"","post_title":"Santillana Educaci\u00f3n","post_excerpt":"","post_status":"publish","comment_status":"closed","ping_status":"closed","post_password":"","post_name":"santillana-educacion","to_ping":"","pinged":"","post_modified":"2022-07-28 17:50:27","post_modified_gmt":"2022-07-28 15:50:27","post_content_filtered":"","post_parent":0,"guid":"http:\/\/dev.claret.cat\/editorial\/santillana-educacion\/","menu_order":0,"post_type":"editorial","post_mime_type":"","comment_count":"0","filter":"raw"}]},"aioseo_notices":[],"_links":{"self":[{"href":"https:\/\/www.claret.cat\/es\/wp-json\/wp\/v2\/product\/1036589","targetHints":{"allow":["GET"]}}],"collection":[{"href":"https:\/\/www.claret.cat\/es\/wp-json\/wp\/v2\/product"}],"about":[{"href":"https:\/\/www.claret.cat\/es\/wp-json\/wp\/v2\/types\/product"}],"wp:featuredmedia":[{"embeddable":true,"href":"https:\/\/www.claret.cat\/es\/wp-json\/wp\/v2\/media\/1036590"}],"wp:attachment":[{"href":"https:\/\/www.claret.cat\/es\/wp-json\/wp\/v2\/media?parent=1036589"}],"wp:term":[{"taxonomy":"product_brand","embeddable":true,"href":"https:\/\/www.claret.cat\/es\/wp-json\/wp\/v2\/product_brand?post=1036589"},{"taxonomy":"product_cat","embeddable":true,"href":"https:\/\/www.claret.cat\/es\/wp-json\/wp\/v2\/product_cat?post=1036589"},{"taxonomy":"product_tag","embeddable":true,"href":"https:\/\/www.claret.cat\/es\/wp-json\/wp\/v2\/product_tag?post=1036589"}],"curies":[{"name":"wp","href":"https:\/\/api.w.org\/{rel}","templated":true}]}}