{"id":1036620,"date":"2025-06-30T19:55:05","date_gmt":"2025-06-30T17:55:05","guid":{"rendered":"https:\/\/www.claret.cat\/llibre\/nou-barris-illustrat-9788409707614\/"},"modified":"2025-07-10T10:10:57","modified_gmt":"2025-07-10T08:10:57","slug":"nou-barris-illustrat-9788409707614","status":"publish","type":"product","link":"https:\/\/www.claret.cat\/es\/libro\/nou-barris-illustrat-9788409707614\/","title":{"rendered":"NOU BARRIS IL\u00b7LUSTRAT"},"content":{"rendered":"<p>Nou Barris il\u00b7lustrat. 31 racons noubarriencs \u00e9s un recull d\u2019il\u00b7lustracions de C\u00e8lia Vall\u00e8s Pi i textos de l\u2019historiador Jordi S\u00e0nchez i Ruiz dels llocs m\u00e9s emblem\u00e0tics del districte de Nou Barris, antigament formant part de l\u2019exmunicipi de Sant Andreu de Palomar.<\/p>\n<p>Com si fos un itinerari guiat pels carrers i places del districte el lector va descobrint la personalitat i el tarann\u00e0 urb\u00e0 d\u2019una comunitat humana plena d\u2019hist\u00f2ria. 13 barris amb vida pr\u00f2pia i realitats diferents que formen un conjunt dins d\u2019un mateix districte. Gent vinguda d\u2019arreu de Catalunya, d\u2019Espanya i del m\u00f3n que han conviscut en un territori que s\u2019ha anat urbanitzant i socialitzant amb el pas dels anys. El llibre vol demostrar a trav\u00e9s de les il\u00b7lustracions de la C\u00e8lia i el textos del Jordi aquesta riquesa patrimonial. Posar en valor el patrimoni de Nou Barris.<\/p>\n<p>31 racons que ens ofereixen la vitalitat de l\u2019\u00e0nima d\u2019uns barris que no volen perdre les seves arrels i preserven amb for\u00e7a el seu passat tot visquen-lo en el present i projectant-lo cap al futur. \u00c9s l\u2019orgull de sentir-se noubarrienc i noubarrienca.<\/p>\n<p>Nou Barris il\u00b7lustrat \u00e9s el tercer de la col\u00b7lecci\u00f3 Il\u00b7lustrats. Anteriorment es van publicar: Sant Andreu de Palomar il\u00b7lustrat (2017) i Gr\u00e0cia Il\u00b7lustrada (2018)<\/p>\n","protected":false},"excerpt":{"rendered":"<p>VALL\u00c8S PI, C\u00c8LIA \/ S\u00c0NCHEZ I RUIZ, JORDI<\/p>\n","protected":false},"featured_media":1046037,"template":"","meta":{"_acf_changed":false,"om_disable_all_campaigns":false,"rs_blank_template":"","rs_page_bg_color":"","slide_template_v7":"","inline_featured_image":false,"_monsterinsights_skip_tracking":false,"_monsterinsights_sitenote_active":false,"_monsterinsights_sitenote_note":"","_monsterinsights_sitenote_category":0},"product_brand":[],"product_cat":[105,555],"product_tag":[],"class_list":{"0":"post-1036620","1":"product","2":"type-product","3":"status-publish","4":"has-post-thumbnail","6":"product_cat-regal","7":"product_cat-regalo","9":"first","10":"outofstock","11":"taxable","12":"shipping-taxable","13":"purchasable","14":"product-type-simple"},"acf":{"autor":"VALL\u00c8S PI, C\u00c8LIA \/ S\u00c0NCHEZ I RUIZ, JORDI","codart":"840970761","libros-coleccion":"","ediciones":"1","encuadernacion":"R\u00fastica","fecha_de_publicacion":"01\/04\/2025","novedad":"0","paginas":"0","subtitulo":"31 RACONS NOUBARRIENCS","orden":"0","portada":"0","idioma":"cat","booktrailer":"","resenas":"","editorial":[{"ID":1038283,"post_author":"3","post_date":"2025-07-03 12:31:02","post_date_gmt":"2025-07-03 10:31:02","post_content":"","post_title":"LLOP ROIG","post_excerpt":"","post_status":"publish","comment_status":"closed","ping_status":"closed","post_password":"","post_name":"llop-roig","to_ping":"","pinged":"","post_modified":"2025-07-03 12:31:02","post_modified_gmt":"2025-07-03 10:31:02","post_content_filtered":"","post_parent":0,"guid":"https:\/\/www.claret.cat\/editorial\/llop-roig\/","menu_order":0,"post_type":"editorial","post_mime_type":"","comment_count":"0","filter":"raw"}]},"aioseo_notices":[],"_links":{"self":[{"href":"https:\/\/www.claret.cat\/es\/wp-json\/wp\/v2\/product\/1036620","targetHints":{"allow":["GET"]}}],"collection":[{"href":"https:\/\/www.claret.cat\/es\/wp-json\/wp\/v2\/product"}],"about":[{"href":"https:\/\/www.claret.cat\/es\/wp-json\/wp\/v2\/types\/product"}],"wp:featuredmedia":[{"embeddable":true,"href":"https:\/\/www.claret.cat\/es\/wp-json\/wp\/v2\/media\/1046037"}],"wp:attachment":[{"href":"https:\/\/www.claret.cat\/es\/wp-json\/wp\/v2\/media?parent=1036620"}],"wp:term":[{"taxonomy":"product_brand","embeddable":true,"href":"https:\/\/www.claret.cat\/es\/wp-json\/wp\/v2\/product_brand?post=1036620"},{"taxonomy":"product_cat","embeddable":true,"href":"https:\/\/www.claret.cat\/es\/wp-json\/wp\/v2\/product_cat?post=1036620"},{"taxonomy":"product_tag","embeddable":true,"href":"https:\/\/www.claret.cat\/es\/wp-json\/wp\/v2\/product_tag?post=1036620"}],"curies":[{"name":"wp","href":"https:\/\/api.w.org\/{rel}","templated":true}]}}