{"id":1036851,"date":"2025-07-02T11:05:37","date_gmt":"2025-07-02T09:05:37","guid":{"rendered":"https:\/\/www.claret.cat\/llibre\/narraciones-extraordinarias-9788410313538\/"},"modified":"2025-09-17T17:01:00","modified_gmt":"2025-09-17T15:01:00","slug":"narraciones-extraordinarias-9788410313538","status":"publish","type":"product","link":"https:\/\/www.claret.cat\/es\/libro\/narraciones-extraordinarias-9788410313538\/","title":{"rendered":"NARRACIONES EXTRAORDINARIAS"},"content":{"rendered":"<p>\u00abO\u00ed de pronto un quejido,<br \/> y supe que era un quejido<br \/> de miedo. No era de dolor<br \/> o de pena\u2026 \u00a1oh, no!\u00bb.<\/p>\n<p> La ca\u00edda de la Casa Usher, El escarabajo<br \/> de oro, Los cr\u00edmenes de la calle Morgue,<br \/> El pozo y el p\u00e9ndulo, El cuervo\u2026 algunas<br \/> de las historias m\u00e1s c\u00e9lebres y estremecedoras que haya dado jam\u00e1s la literatura. Con atm\u00f3sferas que deslumbran y relatos repletos<br \/> de misterio y locura, Edgar Allan Poe nos<br \/> lleva de la mano a cr\u00edmenes imposibles, obsesiones fatales y encuentros sobrenaturales que desaf\u00edan la raz\u00f3n.<\/p>\n<p> Esta cuidada edici\u00f3n de David Roas, con traducci\u00f3n de Carlos Santos S\u00e1ez y posfacio de H. P. Lovecraft, celebra la vigencia del maestro indiscutible del terror y el suspense. Una lectura que sigue fascinando a cada nueva generaci\u00f3n.<\/p>\n","protected":false},"excerpt":{"rendered":"<p>ALLAN POE, EDGAR<\/p>\n","protected":false},"featured_media":1036852,"template":"","meta":{"_acf_changed":false,"om_disable_all_campaigns":false,"rs_blank_template":"","rs_page_bg_color":"","slide_template_v7":"","inline_featured_image":false,"_monsterinsights_skip_tracking":false,"_monsterinsights_sitenote_active":false,"_monsterinsights_sitenote_note":"","_monsterinsights_sitenote_category":0},"product_brand":[],"product_cat":[354,123],"product_tag":[],"class_list":{"0":"post-1036851","1":"product","2":"type-product","3":"status-publish","4":"has-post-thumbnail","6":"product_cat-clasica","7":"product_cat-classica","9":"first","10":"instock","11":"taxable","12":"shipping-taxable","13":"purchasable","14":"product-type-simple"},"acf":{"autor":"ALLAN POE, EDGAR","codart":"841031353","libros-coleccion":"Cl\u00e1sicos","ediciones":"1","encuadernacion":"R\u00fastica","fecha_de_publicacion":"01\/07\/2025","novedad":"1","paginas":"413","subtitulo":"","orden":"0","portada":"0","idioma":"spa","booktrailer":"","resenas":"","editorial":[{"ID":6127,"post_author":"3","post_date":"2022-07-28 17:45:28","post_date_gmt":"2022-07-28 15:45:28","post_content":"","post_title":"ARPA EDITORES","post_excerpt":"","post_status":"publish","comment_status":"closed","ping_status":"closed","post_password":"","post_name":"arpa-editores","to_ping":"","pinged":"","post_modified":"2022-07-28 17:45:28","post_modified_gmt":"2022-07-28 15:45:28","post_content_filtered":"","post_parent":0,"guid":"http:\/\/dev.claret.cat\/editorial\/arpa-editores\/","menu_order":0,"post_type":"editorial","post_mime_type":"","comment_count":"0","filter":"raw"}]},"aioseo_notices":[],"_links":{"self":[{"href":"https:\/\/www.claret.cat\/es\/wp-json\/wp\/v2\/product\/1036851","targetHints":{"allow":["GET"]}}],"collection":[{"href":"https:\/\/www.claret.cat\/es\/wp-json\/wp\/v2\/product"}],"about":[{"href":"https:\/\/www.claret.cat\/es\/wp-json\/wp\/v2\/types\/product"}],"wp:featuredmedia":[{"embeddable":true,"href":"https:\/\/www.claret.cat\/es\/wp-json\/wp\/v2\/media\/1036852"}],"wp:attachment":[{"href":"https:\/\/www.claret.cat\/es\/wp-json\/wp\/v2\/media?parent=1036851"}],"wp:term":[{"taxonomy":"product_brand","embeddable":true,"href":"https:\/\/www.claret.cat\/es\/wp-json\/wp\/v2\/product_brand?post=1036851"},{"taxonomy":"product_cat","embeddable":true,"href":"https:\/\/www.claret.cat\/es\/wp-json\/wp\/v2\/product_cat?post=1036851"},{"taxonomy":"product_tag","embeddable":true,"href":"https:\/\/www.claret.cat\/es\/wp-json\/wp\/v2\/product_tag?post=1036851"}],"curies":[{"name":"wp","href":"https:\/\/api.w.org\/{rel}","templated":true}]}}