{"id":1036877,"date":"2025-07-02T11:20:07","date_gmt":"2025-07-02T09:20:07","guid":{"rendered":"https:\/\/www.claret.cat\/llibre\/el-camino-del-tao-9788472450820\/"},"modified":"2025-07-05T13:00:26","modified_gmt":"2025-07-05T11:00:26","slug":"el-camino-del-tao-9788472450820","status":"publish","type":"product","link":"https:\/\/www.claret.cat\/es\/libro\/el-camino-del-tao-9788472450820\/","title":{"rendered":"EL CAMINO DEL TAO"},"content":{"rendered":"<p>Con la colaboraci\u00f3n de Al-Chung Liang-Huang<br \/> Inspir\u00e1ndose en los antiguos textos de Lao-tzu, Chuang-tzu, el libro de Kuan-tzu y el I Ching, as\u00ed como en los estudios de Joseph Needham, Lin Yutang y Arthur Waley -entre otros-, Alan Watts ha escrito, con su inimitable estilo, un libro destinado a convertirse en el texto occidental b\u00e1sico sobre el Tao\u00edsmo.<br \/> El libro comienza con un cap\u00edtulo acerca del lenguaje chino -que, seg\u00fan Watts, pasar\u00e1 a convertirse en el segundo idioma internacional despu\u00e9s del ingl\u00e9s-, para explicar, a continuaci\u00f3n, lo que significa el Tao (el fluir de la naturaleza), wu wei (la no-acci\u00f3n) y te (el poder que emana de ello). Cuando le sorprendi\u00f3 la muerte, a fines de 1973, Watts se propon\u00eda completar su obra escribiendo acerca de las implicaciones pol\u00edticas y tecnol\u00f3gicas del Tao\u00edsmo y sobre su significado actual. Aunque no pudo terminar el libro, un amigo y colega, el maestro de t&#8221;ai chi Al Chung-liang Huang -que asisti\u00f3 y codirigi\u00f3 las \u00faltimas conferencias y seminarios que escribi\u00f3 Watts, y que dieron pie al presente libro- complet\u00f3 el texto y proporcion\u00f3, adem\u00e1s, muchas de las caligraf\u00edas chinas que componen el material ilustrativo.<br \/> El camino del Tao no es \u00fanicamente una introducci\u00f3n a la esencia del Tao\u00edsmo sino, en cierto modo, la opera magna que recapitula la vida y obra de Alan Watts.<\/p>\n","protected":false},"excerpt":{"rendered":"<p>WATTS, ALAN<\/p>\n","protected":false},"featured_media":1036878,"template":"","meta":{"_acf_changed":false,"om_disable_all_campaigns":false,"rs_blank_template":"","rs_page_bg_color":"","slide_template_v7":"","inline_featured_image":false,"_monsterinsights_skip_tracking":false,"_monsterinsights_sitenote_active":false,"_monsterinsights_sitenote_note":"","_monsterinsights_sitenote_category":0},"product_brand":[],"product_cat":[544,94],"product_tag":[],"class_list":{"0":"post-1036877","1":"product","2":"type-product","3":"status-publish","4":"has-post-thumbnail","6":"product_cat-religiones","7":"product_cat-religions","9":"first","10":"instock","11":"taxable","12":"shipping-taxable","13":"purchasable","14":"product-type-simple"},"acf":{"autor":"WATTS, ALAN","codart":"847245082","libros-coleccion":"Sabidur\u00eda perenne","ediciones":"1","encuadernacion":"R\u00fastica","fecha_de_publicacion":"01\/11\/1976","novedad":"0","paginas":"179","subtitulo":"","orden":"999","portada":"0","idioma":"spa","booktrailer":"","resenas":"","editorial":[{"ID":147993,"post_author":"3","post_date":"2022-10-14 11:54:48","post_date_gmt":"2022-10-14 09:54:48","post_content":"","post_title":"Editorial Kair\u00f3s SA","post_excerpt":"","post_status":"publish","comment_status":"closed","ping_status":"closed","post_password":"","post_name":"editorial-kairos-sa","to_ping":"","pinged":"","post_modified":"2022-10-14 11:54:48","post_modified_gmt":"2022-10-14 09:54:48","post_content_filtered":"","post_parent":0,"guid":"http:\/\/dev.claret.cat\/editorial\/editorial-kairos-sa\/","menu_order":0,"post_type":"editorial","post_mime_type":"","comment_count":"0","filter":"raw"}],"autores-libros":[{"ID":149364,"post_author":"3","post_date":"2022-10-14 14:24:16","post_date_gmt":"2022-10-14 12:24:16","post_content":"","post_title":"ALAN WATTS","post_excerpt":"","post_status":"publish","comment_status":"closed","ping_status":"closed","post_password":"","post_name":"alan-watts","to_ping":"","pinged":"","post_modified":"2022-10-14 14:24:16","post_modified_gmt":"2022-10-14 12:24:16","post_content_filtered":"","post_parent":0,"guid":"http:\/\/dev.claret.cat\/autor\/alan-watts\/","menu_order":0,"post_type":"autor","post_mime_type":"","comment_count":"0","filter":"raw"}]},"aioseo_notices":[],"_links":{"self":[{"href":"https:\/\/www.claret.cat\/es\/wp-json\/wp\/v2\/product\/1036877","targetHints":{"allow":["GET"]}}],"collection":[{"href":"https:\/\/www.claret.cat\/es\/wp-json\/wp\/v2\/product"}],"about":[{"href":"https:\/\/www.claret.cat\/es\/wp-json\/wp\/v2\/types\/product"}],"wp:featuredmedia":[{"embeddable":true,"href":"https:\/\/www.claret.cat\/es\/wp-json\/wp\/v2\/media\/1036878"}],"wp:attachment":[{"href":"https:\/\/www.claret.cat\/es\/wp-json\/wp\/v2\/media?parent=1036877"}],"wp:term":[{"taxonomy":"product_brand","embeddable":true,"href":"https:\/\/www.claret.cat\/es\/wp-json\/wp\/v2\/product_brand?post=1036877"},{"taxonomy":"product_cat","embeddable":true,"href":"https:\/\/www.claret.cat\/es\/wp-json\/wp\/v2\/product_cat?post=1036877"},{"taxonomy":"product_tag","embeddable":true,"href":"https:\/\/www.claret.cat\/es\/wp-json\/wp\/v2\/product_tag?post=1036877"}],"curies":[{"name":"wp","href":"https:\/\/api.w.org\/{rel}","templated":true}]}}