{"id":103738,"date":"2022-10-12T08:39:25","date_gmt":"2022-10-12T06:39:25","guid":{"rendered":"http:\/\/dev.claret.cat\/producte\/mis-animales-de-la-musica-clasica\/"},"modified":"2023-01-28T19:04:08","modified_gmt":"2023-01-28T18:04:08","slug":"mis-animales-de-la-musica-clasica-9788408231011","status":"publish","type":"product","link":"https:\/\/www.claret.cat\/es\/libro\/mis-animales-de-la-musica-clasica-9788408231011\/","title":{"rendered":"MIS ANIMALES DE LA M\u00daSICA CL\u00c1SICA"},"content":{"rendered":"<p>\u00a1Un libro sonoro! Pulsa el bot\u00f3n y escucha y las melod\u00edas de animales de la m\u00fasica cl\u00e1sica. Descubre c\u00f3mo suena el le\u00f3n de Saint-Sa\u00ebns, el cisne de Chaikovski o la trucha de Schubert en este libro con sonidos.<\/p>\n","protected":false},"excerpt":{"rendered":"<p>CORDIER, SEVERINE<\/p>\n","protected":false},"featured_media":274573,"template":"","meta":{"_acf_changed":false,"om_disable_all_campaigns":false,"rs_blank_template":"","rs_page_bg_color":"","slide_template_v7":"","inline_featured_image":false,"_monsterinsights_skip_tracking":false,"_monsterinsights_sitenote_active":false,"_monsterinsights_sitenote_note":"","_monsterinsights_sitenote_category":0},"product_brand":[],"product_cat":[90,540],"product_tag":[],"class_list":{"0":"post-103738","1":"product","2":"type-product","3":"status-publish","4":"has-post-thumbnail","6":"product_cat-altres","7":"product_cat-otros","9":"first","10":"instock","11":"taxable","12":"shipping-taxable","13":"purchasable","14":"product-type-simple"},"acf":{"editorial":[{"ID":6233,"post_author":"3","post_date":"2022-07-28 17:47:48","post_date_gmt":"2022-07-28 15:47:48","post_content":"","post_title":"EDITORIAL PLANETA","post_excerpt":"","post_status":"publish","comment_status":"closed","ping_status":"closed","post_password":"","post_name":"editorial-planeta","to_ping":"","pinged":"","post_modified":"2022-07-28 17:47:48","post_modified_gmt":"2022-07-28 15:47:48","post_content_filtered":"","post_parent":0,"guid":"http:\/\/dev.claret.cat\/editorial\/editorial-planeta\/","menu_order":0,"post_type":"editorial","post_mime_type":"","comment_count":"0","filter":"raw"}],"autores-libros":[{"ID":169378,"post_author":"3","post_date":"2022-10-14 22:26:45","post_date_gmt":"2022-10-14 20:26:45","post_content":"","post_title":"S\u00c9VERINE CORDIER","post_excerpt":"","post_status":"publish","comment_status":"closed","ping_status":"closed","post_password":"","post_name":"severine-cordier","to_ping":"","pinged":"","post_modified":"2022-10-14 22:26:45","post_modified_gmt":"2022-10-14 20:26:45","post_content_filtered":"","post_parent":0,"guid":"http:\/\/dev.claret.cat\/autor\/severine-cordier\/","menu_order":0,"post_type":"autor","post_mime_type":"","comment_count":"0","filter":"raw"}],"autor":"CORDIER, SEVERINE","codart":"840823101","libros-coleccion":"Libros con sonido","ediciones":"1","encuadernacion":"Carpeta","fecha_de_publicacion":"01\/10\/2020","novedad":"1","paginas":"10","subtitulo":"","orden":"0","portada":"0","idioma":"spa"},"aioseo_notices":[],"_links":{"self":[{"href":"https:\/\/www.claret.cat\/es\/wp-json\/wp\/v2\/product\/103738","targetHints":{"allow":["GET"]}}],"collection":[{"href":"https:\/\/www.claret.cat\/es\/wp-json\/wp\/v2\/product"}],"about":[{"href":"https:\/\/www.claret.cat\/es\/wp-json\/wp\/v2\/types\/product"}],"wp:featuredmedia":[{"embeddable":true,"href":"https:\/\/www.claret.cat\/es\/wp-json\/wp\/v2\/media\/274573"}],"wp:attachment":[{"href":"https:\/\/www.claret.cat\/es\/wp-json\/wp\/v2\/media?parent=103738"}],"wp:term":[{"taxonomy":"product_brand","embeddable":true,"href":"https:\/\/www.claret.cat\/es\/wp-json\/wp\/v2\/product_brand?post=103738"},{"taxonomy":"product_cat","embeddable":true,"href":"https:\/\/www.claret.cat\/es\/wp-json\/wp\/v2\/product_cat?post=103738"},{"taxonomy":"product_tag","embeddable":true,"href":"https:\/\/www.claret.cat\/es\/wp-json\/wp\/v2\/product_tag?post=103738"}],"curies":[{"name":"wp","href":"https:\/\/api.w.org\/{rel}","templated":true}]}}