{"id":103747,"date":"2022-10-12T08:39:32","date_gmt":"2022-10-12T06:39:32","guid":{"rendered":"http:\/\/dev.claret.cat\/producte\/manual-del-monitor-del-tiempo-libre\/"},"modified":"2024-05-23T06:00:57","modified_gmt":"2024-05-23T04:00:57","slug":"manual-del-monitor-del-tiempo-libre-9788490239810","status":"publish","type":"product","link":"https:\/\/www.claret.cat\/es\/libro\/manual-del-monitor-del-tiempo-libre-9788490239810\/","title":{"rendered":"MANUAL DEL MONITOR DEL TIEMPO LIBRE"},"content":{"rendered":"<p>Cuando apareci\u00f3 la primera edici\u00f3n de este libro, su lanzamiento supuso un hito en la historia de la formaci\u00f3n en animaci\u00f3n y tiempo libre de nuestras latitudes. Se trataba del primer manual destinado a la formaci\u00f3n oficial de monitores de tiempo libre, con una propuesta did\u00e1ctica rigurosa e innovadora (M\u00c9TODO PREPIAE) y un tratamiento sistem\u00e1tico de los contenidos espec\u00edficos para este tipo de cursos.<br \/> Desde entonces, este libro se ha convertido en un referente para la formaci\u00f3n y titulaci\u00f3n de educadores y animadores no s\u00f3lo en Espa\u00f1a, sino tambi\u00e9n en el resto de pa\u00edses iberoamericanos.<br \/> Mientras tanto, lo que comenz\u00f3 siendo una formaci\u00f3n ubicada en el \u00e1mbito de la educaci\u00f3n no formal y destinada b\u00e1sicamente a la preparaci\u00f3n de los cuadros del asociacionismo juvenil y de tiempo libre, se ha convertido en una Cualificaci\u00f3n Profesional oficialmente reconocida como \u00abDinamizaci\u00f3n de actividades de tiempo libre educativo infantil y juvenil\u00bb. En raz\u00f3n de ello, presentamos un manual formativo actualizado y v\u00e1lido tanto para la titulaci\u00f3n de Monitores de Tiempo Libre como para la Cualificaci\u00f3n Profesional \u00abDinamizaci\u00f3n de actividades de tiempo libre educativo infantil y juvenil\u00bb.<\/p>\n","protected":false},"excerpt":{"rendered":"<p>VENTOSA, V\u00cdCTOR J.; (coord.)<\/p>\n","protected":false},"featured_media":392292,"template":"","meta":{"_acf_changed":false,"om_disable_all_campaigns":false,"rs_blank_template":"","rs_page_bg_color":"","slide_template_v7":"","inline_featured_image":false,"_monsterinsights_skip_tracking":false,"_monsterinsights_sitenote_active":false,"_monsterinsights_sitenote_note":"","_monsterinsights_sitenote_category":0},"product_brand":[],"product_cat":[434,159],"product_tag":[],"class_list":{"0":"post-103747","1":"product","2":"type-product","3":"status-publish","4":"has-post-thumbnail","6":"product_cat-autores-sociologia-2_humanidades","7":"product_cat-autors","9":"first","10":"instock","11":"taxable","12":"shipping-taxable","13":"purchasable","14":"product-type-simple"},"acf":{"editorial":[{"ID":6155,"post_author":"3","post_date":"2022-07-28 17:46:04","post_date_gmt":"2022-07-28 15:46:04","post_content":"","post_title":"Central Catequ\u00edstica Salesiana","post_excerpt":"","post_status":"publish","comment_status":"closed","ping_status":"closed","post_password":"","post_name":"central-catequistica-salesiana","to_ping":"","pinged":"","post_modified":"2022-07-28 17:46:04","post_modified_gmt":"2022-07-28 15:46:04","post_content_filtered":"","post_parent":0,"guid":"http:\/\/dev.claret.cat\/editorial\/central-catequistica-salesiana\/","menu_order":0,"post_type":"editorial","post_mime_type":"","comment_count":"0","filter":"raw"}],"autores-libros":[{"ID":148992,"post_author":"3","post_date":"2022-10-14 14:21:15","post_date_gmt":"2022-10-14 12:21:15","post_content":"","post_title":"(coord.)","post_excerpt":"","post_status":"publish","comment_status":"closed","ping_status":"closed","post_password":"","post_name":"coord","to_ping":"","pinged":"","post_modified":"2022-10-14 14:21:15","post_modified_gmt":"2022-10-14 12:21:15","post_content_filtered":"","post_parent":0,"guid":"http:\/\/dev.claret.cat\/autor\/coord\/","menu_order":0,"post_type":"autor","post_mime_type":"","comment_count":"0","filter":"raw"},{"ID":8451,"post_author":"3","post_date":"2022-09-30 09:48:41","post_date_gmt":"2022-09-30 07:48:41","post_content":"","post_title":"VICTOR J. VENTOSA","post_excerpt":"","post_status":"publish","comment_status":"closed","ping_status":"closed","post_password":"","post_name":"victor-j-ventosa","to_ping":"","pinged":"","post_modified":"2022-09-30 09:48:41","post_modified_gmt":"2022-09-30 07:48:41","post_content_filtered":"","post_parent":0,"guid":"http:\/\/dev.claret.cat\/autor\/victor-j-ventosa\/","menu_order":0,"post_type":"autor","post_mime_type":"","comment_count":"0","filter":"raw"}],"autor":"VENTOSA, V\u00cdCTOR J.; (coord.)","codart":"849023981","libros-coleccion":"FORA DE COL.LECCI\u00d3","ediciones":"19","encuadernacion":"R\u00fastica","fecha_de_publicacion":"26\/10\/2020","novedad":"1","paginas":"480","subtitulo":"DINAMIZACI\u00d3N DE ACTIVIDADES DE TIEMPO LIBRE EDUCATIVO INFANTIL Y JUVENIL","orden":"0","portada":"0","idioma":"spa"},"aioseo_notices":[],"_links":{"self":[{"href":"https:\/\/www.claret.cat\/es\/wp-json\/wp\/v2\/product\/103747","targetHints":{"allow":["GET"]}}],"collection":[{"href":"https:\/\/www.claret.cat\/es\/wp-json\/wp\/v2\/product"}],"about":[{"href":"https:\/\/www.claret.cat\/es\/wp-json\/wp\/v2\/types\/product"}],"wp:featuredmedia":[{"embeddable":true,"href":"https:\/\/www.claret.cat\/es\/wp-json\/wp\/v2\/media\/392292"}],"wp:attachment":[{"href":"https:\/\/www.claret.cat\/es\/wp-json\/wp\/v2\/media?parent=103747"}],"wp:term":[{"taxonomy":"product_brand","embeddable":true,"href":"https:\/\/www.claret.cat\/es\/wp-json\/wp\/v2\/product_brand?post=103747"},{"taxonomy":"product_cat","embeddable":true,"href":"https:\/\/www.claret.cat\/es\/wp-json\/wp\/v2\/product_cat?post=103747"},{"taxonomy":"product_tag","embeddable":true,"href":"https:\/\/www.claret.cat\/es\/wp-json\/wp\/v2\/product_tag?post=103747"}],"curies":[{"name":"wp","href":"https:\/\/api.w.org\/{rel}","templated":true}]}}