{"id":1038164,"date":"2025-07-03T10:30:47","date_gmt":"2025-07-03T08:30:47","guid":{"rendered":"https:\/\/www.claret.cat\/llibre\/retorno-a-la-belleza-9788428842877\/"},"modified":"2025-07-30T10:46:04","modified_gmt":"2025-07-30T08:46:04","slug":"retorno-a-la-belleza-9788428842877","status":"publish","type":"product","link":"https:\/\/www.claret.cat\/es\/libro\/retorno-a-la-belleza-9788428842877\/","title":{"rendered":"RETORNO A LA BELLEZA"},"content":{"rendered":"<p class='ql-align-justify'>Estamos ante una historia de historias que revelan toda su potencialidad de dos formas. En primer lugar, como fuente de creatividad, pues los grandes relatos nos construyen por dentro, erigiendo una riqueza \u00edntima que suscita innumerables beneficios. En segundo lugar, como atar\u00e1xico manantial de sosiego.<\/p>\n<p class='ql-align-justify'>La belleza es un trampol\u00edn de trascendencia. Dispone de \u00e9l tanto el artista como quien se solaza en su obra. Al trascender cedemos gozosamente ante un poder que se nos impone. Percibimos o atisbamos una grandeza indecible y nos entregamos en un plano que no es biol\u00f3gico, ni social, ni afectivo, en un nivel que tiene sus propias hechuras y reglas<\/p>\n<p class='ql-align-justify'>Esta obra es un canto a la belleza, y est\u00e1 destinada a mejorar a quien se sumerja en sus p\u00e1ginas, abarrotadas de letra, color, melod\u00eda y celuloide.<\/p>\n<p><\/p>\n","protected":false},"excerpt":{"rendered":"<p>RUBIO PLO, ANTONIO R.<\/p>\n","protected":false},"featured_media":1038165,"template":"","meta":{"_acf_changed":false,"om_disable_all_campaigns":false,"rs_blank_template":"","rs_page_bg_color":"","slide_template_v7":"","inline_featured_image":false,"_monsterinsights_skip_tracking":false,"_monsterinsights_sitenote_active":false,"_monsterinsights_sitenote_note":"","_monsterinsights_sitenote_category":0},"product_brand":[],"product_cat":[90,172,443,540],"product_tag":[],"class_list":{"0":"post-1038164","1":"product","2":"type-product","3":"status-publish","4":"has-post-thumbnail","6":"product_cat-altres","7":"product_cat-estetica","8":"product_cat-estetica-filosofia-2_humanidades","9":"product_cat-otros","11":"first","12":"instock","13":"taxable","14":"shipping-taxable","15":"purchasable","16":"product-type-simple"},"acf":{"autor":"RUBIO PLO, ANTONIO R.","codart":"842884287","libros-coleccion":"PPC - FUERA DE COLECCI\u00d3N","ediciones":"1","encuadernacion":"R\u00fastica","fecha_de_publicacion":"30\/09\/2025","novedad":"1","paginas":"248","subtitulo":"GRANDES MOMENTOS DEL ARTE, LA M\u00daSICA Y LA LITERATURA ","orden":"0","portada":"0","idioma":"spa","booktrailer":"","resenas":"","editorial":[{"ID":6335,"post_author":"3","post_date":"2022-07-28 17:49:59","post_date_gmt":"2022-07-28 15:49:59","post_content":"","post_title":"PPC altres","post_excerpt":"","post_status":"publish","comment_status":"closed","ping_status":"closed","post_password":"","post_name":"ppc-altres","to_ping":"","pinged":"","post_modified":"2022-07-28 17:49:59","post_modified_gmt":"2022-07-28 15:49:59","post_content_filtered":"","post_parent":0,"guid":"http:\/\/dev.claret.cat\/editorial\/ppc-altres\/","menu_order":0,"post_type":"editorial","post_mime_type":"","comment_count":"0","filter":"raw"}],"linkebook":"","ficha":"","muestra":"","precioebook":"0","presentacion":""},"aioseo_notices":[],"_links":{"self":[{"href":"https:\/\/www.claret.cat\/es\/wp-json\/wp\/v2\/product\/1038164","targetHints":{"allow":["GET"]}}],"collection":[{"href":"https:\/\/www.claret.cat\/es\/wp-json\/wp\/v2\/product"}],"about":[{"href":"https:\/\/www.claret.cat\/es\/wp-json\/wp\/v2\/types\/product"}],"wp:featuredmedia":[{"embeddable":true,"href":"https:\/\/www.claret.cat\/es\/wp-json\/wp\/v2\/media\/1038165"}],"wp:attachment":[{"href":"https:\/\/www.claret.cat\/es\/wp-json\/wp\/v2\/media?parent=1038164"}],"wp:term":[{"taxonomy":"product_brand","embeddable":true,"href":"https:\/\/www.claret.cat\/es\/wp-json\/wp\/v2\/product_brand?post=1038164"},{"taxonomy":"product_cat","embeddable":true,"href":"https:\/\/www.claret.cat\/es\/wp-json\/wp\/v2\/product_cat?post=1038164"},{"taxonomy":"product_tag","embeddable":true,"href":"https:\/\/www.claret.cat\/es\/wp-json\/wp\/v2\/product_tag?post=1038164"}],"curies":[{"name":"wp","href":"https:\/\/api.w.org\/{rel}","templated":true}]}}