{"id":103828,"date":"2022-10-12T08:40:40","date_gmt":"2022-10-12T06:40:40","guid":{"rendered":"http:\/\/dev.claret.cat\/producte\/cuentos-goticos-completos\/"},"modified":"2026-04-13T10:15:40","modified_gmt":"2026-04-13T08:15:40","slug":"cuentos-goticos-completos-9788490657232","status":"publish","type":"product","link":"https:\/\/www.claret.cat\/es\/libro\/cuentos-goticos-completos-9788490657232\/","title":{"rendered":"CUENTOS G\u00d3TICOS COMPLETOS"},"content":{"rendered":"<p>Daryl Jones ha reunido en este volumen los Cuentos g\u00f3ticos completos de Arthur Conan Doyle, treinta y cuatro piezas que, de 1880 a 1920, revelan la original contribuci\u00f3n a ese g\u00e9nero que acab\u00f3 sacando a la luz algunas de las obsesiones y tensiones no resueltas de la cultura victoriana. Con prudencia, casi con la seguridad de que no van a ser cre\u00eddos, los narradores de estos cuentos exponen su testimonio de misteriosas desapariciones, siniestras influencias hipn\u00f3ticas, llamadas irresistibles al suicidio y a la muerte, animales grotescos, unicornios furiosos, momias que vuelven a la vida\u2026 Una colecci\u00f3n extraordinaria de personajes y tramas de la mano de uno de los escritores m\u00e1s imaginativos de la literatura brit\u00e1nica.<\/p>\n","protected":false},"excerpt":{"rendered":"<p>CONAN DOYLE, ARTHUR<\/p>\n","protected":false},"featured_media":1096268,"template":"","meta":{"_acf_changed":false,"om_disable_all_campaigns":false,"rs_blank_template":"","rs_page_bg_color":"","slide_template_v7":"","inline_featured_image":false,"_monsterinsights_skip_tracking":false,"_monsterinsights_sitenote_active":false,"_monsterinsights_sitenote_note":"","_monsterinsights_sitenote_category":0},"product_brand":[],"product_cat":[354,123],"product_tag":[],"class_list":{"0":"post-103828","1":"product","2":"type-product","3":"status-publish","4":"has-post-thumbnail","6":"product_cat-clasica","7":"product_cat-classica","9":"first","10":"outofstock","11":"taxable","12":"shipping-taxable","13":"purchasable","14":"product-type-simple"},"acf":{"editorial":[{"ID":147382,"post_author":"3","post_date":"2022-10-14 11:50:09","post_date_gmt":"2022-10-14 09:50:09","post_content":"","post_title":"Alba Editorial","post_excerpt":"","post_status":"publish","comment_status":"closed","ping_status":"closed","post_password":"","post_name":"alba-editorial","to_ping":"","pinged":"","post_modified":"2022-10-14 11:50:09","post_modified_gmt":"2022-10-14 09:50:09","post_content_filtered":"","post_parent":0,"guid":"http:\/\/dev.claret.cat\/editorial\/alba-editorial\/","menu_order":0,"post_type":"editorial","post_mime_type":"","comment_count":"0","filter":"raw"}],"autor":"CONAN DOYLE, ARTHUR","codart":"849065723","libros-coleccion":"Cl\u00e1sica Maior","ediciones":"1","encuadernacion":"Carton\u00e9","fecha_de_publicacion":"01\/10\/2020","novedad":"0","paginas":"600","subtitulo":"(1880-1922)","orden":"0","portada":"0","idioma":"spa","booktrailer":"","resenas":"","autores-libros":[{"ID":151143,"post_author":"3","post_date":"2022-10-14 14:38:32","post_date_gmt":"2022-10-14 12:38:32","post_content":"","post_title":"ARTHUR CONAN DOYLE","post_excerpt":"","post_status":"publish","comment_status":"closed","ping_status":"closed","post_password":"","post_name":"arthur-conan-doyle-2","to_ping":"","pinged":"","post_modified":"2022-10-14 14:38:32","post_modified_gmt":"2022-10-14 12:38:32","post_content_filtered":"","post_parent":0,"guid":"http:\/\/dev.claret.cat\/autor\/arthur-conan-doyle-2\/","menu_order":0,"post_type":"autor","post_mime_type":"","comment_count":"0","filter":"raw"}]},"aioseo_notices":[],"_links":{"self":[{"href":"https:\/\/www.claret.cat\/es\/wp-json\/wp\/v2\/product\/103828","targetHints":{"allow":["GET"]}}],"collection":[{"href":"https:\/\/www.claret.cat\/es\/wp-json\/wp\/v2\/product"}],"about":[{"href":"https:\/\/www.claret.cat\/es\/wp-json\/wp\/v2\/types\/product"}],"wp:featuredmedia":[{"embeddable":true,"href":"https:\/\/www.claret.cat\/es\/wp-json\/wp\/v2\/media\/1096268"}],"wp:attachment":[{"href":"https:\/\/www.claret.cat\/es\/wp-json\/wp\/v2\/media?parent=103828"}],"wp:term":[{"taxonomy":"product_brand","embeddable":true,"href":"https:\/\/www.claret.cat\/es\/wp-json\/wp\/v2\/product_brand?post=103828"},{"taxonomy":"product_cat","embeddable":true,"href":"https:\/\/www.claret.cat\/es\/wp-json\/wp\/v2\/product_cat?post=103828"},{"taxonomy":"product_tag","embeddable":true,"href":"https:\/\/www.claret.cat\/es\/wp-json\/wp\/v2\/product_tag?post=103828"}],"curies":[{"name":"wp","href":"https:\/\/api.w.org\/{rel}","templated":true}]}}