{"id":1038290,"date":"2025-07-03T12:35:20","date_gmt":"2025-07-03T10:35:20","guid":{"rendered":"https:\/\/www.claret.cat\/llibre\/jesus-es-el-senyor-el-primer-quadern-9788494609343\/"},"modified":"2026-03-20T12:00:20","modified_gmt":"2026-03-20T11:00:20","slug":"jesus-es-el-senyor-el-primer-quadern-9788494609343","status":"publish","type":"product","link":"https:\/\/www.claret.cat\/es\/libro\/jesus-es-el-senyor-el-primer-quadern-9788494609343\/","title":{"rendered":"JES\u00daS \u00c9S EL SENYOR &#8211; EL PRIMER QUADERN"},"content":{"rendered":"<p>A vosaltres, els fills m\u00e9s petits de l&#8217;Esgl\u00e9sia, va adre\u00e7at aquest catecisme titulat Jes\u00fas \u00e9s el Senyor. Aquest catecisme \u00e9s m\u00e9s que un llibre, \u00e9s un tresor, doncs cont\u00e9 la Bona Not\u00edcia que l&#8217;Esgl\u00e9sia, la nostra Mare, ens ensenya: D\u00e9u ens ha lliurat el seu amor per mitj\u00e0 del seu \u00danic Fill, Jes\u00fas, nascut de la Mare de D\u00e9u.<\/p>\n","protected":false},"excerpt":{"rendered":"<p>SECRETARIAT INTERDIOCES\u00c0 DE CATEQUESI DE CATALUNYA I LES ILLES BALEARS<\/p>\n","protected":false},"featured_media":1068465,"template":"","meta":{"_acf_changed":false,"om_disable_all_campaigns":false,"rs_blank_template":"","rs_page_bg_color":"","slide_template_v7":"","inline_featured_image":false,"_monsterinsights_skip_tracking":false,"_monsterinsights_sitenote_active":false,"_monsterinsights_sitenote_note":"","_monsterinsights_sitenote_category":0},"product_brand":[],"product_cat":[219,478,216,475],"product_tag":[],"class_list":{"0":"post-1038290","1":"product","2":"type-product","3":"status-publish","4":"has-post-thumbnail","6":"product_cat-infantil-catequesi","7":"product_cat-infantil-catequesis-1_espiritualidad","8":"product_cat-primera-comunio-catequesi-1_espiritualitat","9":"product_cat-primera-comunion","11":"first","12":"instock","13":"taxable","14":"shipping-taxable","15":"purchasable","16":"product-type-simple"},"acf":{"autor":"SECRETARIAT INTERDIOCES\u00c0 DE CATEQUESI DE CATALUNYA I LES ILLES BALEARS","codart":"849460934","libros-coleccion":"","ediciones":"0","encuadernacion":"Carpeta","fecha_de_publicacion":"01\/06\/2019","novedad":"0","paginas":"68","subtitulo":"                                                                                ","orden":"999","portada":"0","idioma":"cat","booktrailer":"","resenas":"","editorial":[{"ID":148797,"post_author":"3","post_date":"2022-10-14 12:01:04","post_date_gmt":"2022-10-14 10:01:04","post_content":"","post_title":"SECRETARIAT INTERDIOCES\u00c0 DE CATEQUESI","post_excerpt":"","post_status":"publish","comment_status":"closed","ping_status":"closed","post_password":"","post_name":"secretariat-interdiocesa-de-catequesi","to_ping":"","pinged":"","post_modified":"2022-10-14 12:01:04","post_modified_gmt":"2022-10-14 10:01:04","post_content_filtered":"","post_parent":0,"guid":"http:\/\/dev.claret.cat\/editorial\/secretariat-interdiocesa-de-catequesi\/","menu_order":0,"post_type":"editorial","post_mime_type":"","comment_count":"0","filter":"raw"}],"autores-libros":[{"ID":169265,"post_author":"3","post_date":"2022-10-14 22:25:51","post_date_gmt":"2022-10-14 20:25:51","post_content":"","post_title":"SECRETARIAT INTERDIOCES\u00c0 DE CATEQUESI DE CATALUNYA I LES ILLES BALEARS","post_excerpt":"","post_status":"publish","comment_status":"closed","ping_status":"closed","post_password":"","post_name":"secretariat-interdiocesa-de-catequesi-de-catalunya-i-les-illes-balears","to_ping":"","pinged":"","post_modified":"2022-10-14 22:25:51","post_modified_gmt":"2022-10-14 20:25:51","post_content_filtered":"","post_parent":0,"guid":"http:\/\/dev.claret.cat\/autor\/secretariat-interdiocesa-de-catequesi-de-catalunya-i-les-illes-balears\/","menu_order":0,"post_type":"autor","post_mime_type":"","comment_count":"0","filter":"raw"}]},"aioseo_notices":[],"_links":{"self":[{"href":"https:\/\/www.claret.cat\/es\/wp-json\/wp\/v2\/product\/1038290","targetHints":{"allow":["GET"]}}],"collection":[{"href":"https:\/\/www.claret.cat\/es\/wp-json\/wp\/v2\/product"}],"about":[{"href":"https:\/\/www.claret.cat\/es\/wp-json\/wp\/v2\/types\/product"}],"wp:featuredmedia":[{"embeddable":true,"href":"https:\/\/www.claret.cat\/es\/wp-json\/wp\/v2\/media\/1068465"}],"wp:attachment":[{"href":"https:\/\/www.claret.cat\/es\/wp-json\/wp\/v2\/media?parent=1038290"}],"wp:term":[{"taxonomy":"product_brand","embeddable":true,"href":"https:\/\/www.claret.cat\/es\/wp-json\/wp\/v2\/product_brand?post=1038290"},{"taxonomy":"product_cat","embeddable":true,"href":"https:\/\/www.claret.cat\/es\/wp-json\/wp\/v2\/product_cat?post=1038290"},{"taxonomy":"product_tag","embeddable":true,"href":"https:\/\/www.claret.cat\/es\/wp-json\/wp\/v2\/product_tag?post=1038290"}],"curies":[{"name":"wp","href":"https:\/\/api.w.org\/{rel}","templated":true}]}}