{"id":103834,"date":"2022-10-12T08:40:45","date_gmt":"2022-10-12T06:40:45","guid":{"rendered":"http:\/\/dev.claret.cat\/producte\/el-infinito-en-un-junco\/"},"modified":"2025-04-23T11:50:42","modified_gmt":"2025-04-23T09:50:42","slug":"el-infinito-en-un-junco-9788418436208","status":"publish","type":"product","link":"https:\/\/www.claret.cat\/es\/libro\/el-infinito-en-un-junco-9788418436208\/","title":{"rendered":"EL INFINITO EN UN JUNCO"},"content":{"rendered":"<p>EL ENSAYO M\u00c1S ACLAMADO DE LOS \u00daLTIMOS TIEMPOS<\/p>\n<p> PREMIO EL OJO CR\u00cdTICO DE NARRATIVA<\/p>\n<p> PREMIO LAS LIBRER\u00cdAS RECOMIENDAN en la categor\u00eda de no ficci\u00f3n <\/p>\n<p> PREMIO B\u00daHO AL MEJOR LIBRO de la Asociaci\u00f3n Aragonesa de Amigos del Libro<\/p>\n<p> PREMIOS DE NOVELA HIST\u00d3RICA HISLIBRIS en la categor\u00eda de mejor obra de no ficci\u00f3n<\/p>\n<p> PREMIO ACCI\u00d3N C\u00cdVICA EN DEFENSA DE LAS HUMANIDADES en la categor\u00eda de mejor obra de no ficci\u00f3n<\/p>\n<p> Premio Nacional Promotora de los Estudios Latinos 2019<\/p>\n<p> \u00abEsos libros que te desbravan, que te doman, que te imponen el ritmo de lectura, que te quitan los nervios, no suelen encontrarse pese a ser tan necesarios. El \u00faltimo de los descubiertos por m\u00ed se titula El infinito en un junco\u00bb.<\/p>\n<p> JUAN JOS\u00c9 MILL\u00c1S, El Pa\u00eds<\/p>\n<p> \u00abEl amor a los libros y a la lectura son la atm\u00f3sfera en la que transcurren las p\u00e1ginas de esta obra maestra. Tengo la seguridad absoluta de que se seguir\u00e1 leyendo cuando sus lectores de ahora est\u00e9n ya en la otra vida\u00bb. <\/p>\n<p> MARIO VARGAS LLOSA<\/p>\n<p> \u00abSe puede ser un fil\u00f3logo magistral y al mismo tiempo escribir como los \u00e1ngeles\u00bb.\u00a0 <\/p>\n<p> LUIS ALBERTO DE CUENCA, ABC<\/p>\n<p> \u00abVallejo ha decidido sabiamente liberarse del estilo acad\u00e9mico y ha optado por la voz del cuentista, por la historia entendida como f\u00e1bula\u00bb.\u00a0 <\/p>\n<p> ALBERTO MANGUEL, Babelia<\/p>\n<p> \u00abUna divulgaci\u00f3n seria y deliciosa que se deja llevar por el placer de narrar\u00bb. <\/p>\n<p> GONZALO TORN\u00c9, El Cultural<\/p>\n<p> \u00abIrene Vallejo acaba de firmar un libro genial, universal, \u00fanico\u00bb. <\/p>\n<p> JORDI CARRI\u00d3N, The New York Times<\/p>\n<p> \u00abAmistades lectoras: corred a leer El infinito en un junco\u00bb.<\/p>\n<p> MARUJA TORRES<\/p>\n","protected":false},"excerpt":{"rendered":"<p>VALLEJO, IRENE<\/p>\n","protected":false},"featured_media":839424,"template":"","meta":{"_acf_changed":false,"om_disable_all_campaigns":false,"rs_blank_template":"","rs_page_bg_color":"","slide_template_v7":"","inline_featured_image":false,"_monsterinsights_skip_tracking":false,"_monsterinsights_sitenote_active":false,"_monsterinsights_sitenote_note":"","_monsterinsights_sitenote_category":0},"product_brand":[],"product_cat":[90,540],"product_tag":[],"class_list":{"0":"post-103834","1":"product","2":"type-product","3":"status-publish","4":"has-post-thumbnail","6":"product_cat-altres","7":"product_cat-otros","9":"first","10":"instock","11":"taxable","12":"shipping-taxable","13":"purchasable","14":"product-type-simple"},"acf":{"editorial":[{"ID":6365,"post_author":"3","post_date":"2022-07-28 17:50:37","post_date_gmt":"2022-07-28 15:50:37","post_content":"","post_title":"Siruela","post_excerpt":"","post_status":"publish","comment_status":"closed","ping_status":"closed","post_password":"","post_name":"siruela","to_ping":"","pinged":"","post_modified":"2022-07-28 17:50:37","post_modified_gmt":"2022-07-28 15:50:37","post_content_filtered":"","post_parent":0,"guid":"http:\/\/dev.claret.cat\/editorial\/siruela\/","menu_order":0,"post_type":"editorial","post_mime_type":"","comment_count":"0","filter":"raw"}],"autores-libros":[{"ID":5553,"post_author":"3","post_date":"2022-07-28 17:26:27","post_date_gmt":"2022-07-28 15:26:27","post_content":"","post_title":"IRENE VALLEJO","post_excerpt":"","post_status":"publish","comment_status":"closed","ping_status":"closed","post_password":"","post_name":"irene-vallejo","to_ping":"","pinged":"","post_modified":"2022-07-28 17:26:27","post_modified_gmt":"2022-07-28 15:26:27","post_content_filtered":"","post_parent":0,"guid":"http:\/\/dev.claret.cat\/autor\/irene-vallejo\/","menu_order":0,"post_type":"autor","post_mime_type":"","comment_count":"0","filter":"raw"}],"autor":"VALLEJO, IRENE","codart":"841843620","libros-coleccion":"Biblioteca de Ensayo \/ Serie mayor","ediciones":"1","encuadernacion":"Carton\u00e9","fecha_de_publicacion":"01\/10\/2020","novedad":"1","paginas":"0","subtitulo":"LA INVENCI\u00d3N DE LOS LIBROS  EN EL MUNDO ANTIGUO","orden":"0","portada":"0","idioma":"spa","booktrailer":"","resenas":""},"aioseo_notices":[],"_links":{"self":[{"href":"https:\/\/www.claret.cat\/es\/wp-json\/wp\/v2\/product\/103834","targetHints":{"allow":["GET"]}}],"collection":[{"href":"https:\/\/www.claret.cat\/es\/wp-json\/wp\/v2\/product"}],"about":[{"href":"https:\/\/www.claret.cat\/es\/wp-json\/wp\/v2\/types\/product"}],"wp:featuredmedia":[{"embeddable":true,"href":"https:\/\/www.claret.cat\/es\/wp-json\/wp\/v2\/media\/839424"}],"wp:attachment":[{"href":"https:\/\/www.claret.cat\/es\/wp-json\/wp\/v2\/media?parent=103834"}],"wp:term":[{"taxonomy":"product_brand","embeddable":true,"href":"https:\/\/www.claret.cat\/es\/wp-json\/wp\/v2\/product_brand?post=103834"},{"taxonomy":"product_cat","embeddable":true,"href":"https:\/\/www.claret.cat\/es\/wp-json\/wp\/v2\/product_cat?post=103834"},{"taxonomy":"product_tag","embeddable":true,"href":"https:\/\/www.claret.cat\/es\/wp-json\/wp\/v2\/product_tag?post=103834"}],"curies":[{"name":"wp","href":"https:\/\/api.w.org\/{rel}","templated":true}]}}