{"id":1039717,"date":"2025-07-04T11:30:22","date_gmt":"2025-07-04T09:30:22","guid":{"rendered":"https:\/\/www.claret.cat\/llibre\/el-principe-9788446057178\/"},"modified":"2026-03-23T18:10:06","modified_gmt":"2026-03-23T17:10:06","slug":"el-principe-9788446057178","status":"publish","type":"product","link":"https:\/\/www.claret.cat\/es\/libro\/el-principe-9788446057178\/","title":{"rendered":"EL PR\u00cdNCIPE"},"content":{"rendered":"<p>En 1513, despu\u00e9s de haber perdido todos sus cargos y sufrir c\u00e1rcel y tortura, Nicol\u00e1s Maquiavelo escribi\u00f3 en su granja de Sant\u2019Andrea in Percussina, a pocos kil\u00f3metros de Florencia, un peque\u00f1o libro que le dar\u00eda la inmortalidad: El pr\u00edncipe, el tratado pol\u00edtico m\u00e1s pol\u00e9mico de todos los tiempos. Con \u00e9l intent\u00f3 ganar el favor de los Medici, la poderosa familia que dominaba la rep\u00fablica florentina desde 1434 y acababa de recuperar su control tras un par\u00e9ntesis de verdadero gobierno republicano entre 1494 y 1512. As\u00ed, en El pr\u00edncipe, Maquiavelo ofrece a Lorenzo de Medici el Joven su pertenencia m\u00e1s querida: \u00abel conocimiento de las acciones de los grandes hombres\u00bb. En especial, de las acciones de los grandes l\u00edderes pol\u00edticos y militares de la Antig\u00fcedad y del Renacimiento. Pero, con esa ense\u00f1anza, Maquiavelo no solo buscaba afianzar el poder de un pr\u00edncipe Medici, sino tambi\u00e9n instruir a un caudillo favorable al pueblo y capaz de liberar a Italia de la dominaci\u00f3n extranjera.<\/p>\n<p>Manual de tiranos para unos; \u00ablibro de los republicanos\u00bb para Rousseau, en tanto que desenmascara el proceder desp\u00f3tico de los monarcas; o la obra de un cient\u00edfico de la pol\u00edtica son algunas de las interpretaciones de El pr\u00edncipe, lectura tan controvertida como imprescindible para entender la pol\u00edtica y el arte de gobernar hasta nuestros d\u00edas.<\/p>\n","protected":false},"excerpt":{"rendered":"<p>MAQUIAVELO , NICOL\u00c1S <\/p>\n","protected":false},"featured_media":1039718,"template":"","meta":{"_acf_changed":false,"om_disable_all_campaigns":false,"rs_blank_template":"","rs_page_bg_color":"","slide_template_v7":"","inline_featured_image":false,"_monsterinsights_skip_tracking":false,"_monsterinsights_sitenote_active":false,"_monsterinsights_sitenote_note":"","_monsterinsights_sitenote_category":0},"product_brand":[],"product_cat":[90,540],"product_tag":[],"class_list":{"0":"post-1039717","1":"product","2":"type-product","3":"status-publish","4":"has-post-thumbnail","6":"product_cat-altres","7":"product_cat-otros","9":"first","10":"instock","11":"taxable","12":"shipping-taxable","13":"purchasable","14":"product-type-simple"},"acf":{"autor":"MAQUIAVELO , NICOL\u00c1S ","codart":"844605717","libros-coleccion":"","ediciones":"1","encuadernacion":"R\u00fastica","fecha_de_publicacion":"04\/07\/2025","novedad":"1","paginas":"240","subtitulo":"","orden":"0","portada":"0","idioma":"spa","booktrailer":"","resenas":"","editorial":[{"ID":6115,"post_author":"3","post_date":"2022-07-28 17:45:13","post_date_gmt":"2022-07-28 15:45:13","post_content":"","post_title":"AKAL, EDICIONES S.A.","post_excerpt":"","post_status":"publish","comment_status":"closed","ping_status":"closed","post_password":"","post_name":"akal-ediciones-s-a","to_ping":"","pinged":"","post_modified":"2022-07-28 17:45:13","post_modified_gmt":"2022-07-28 15:45:13","post_content_filtered":"","post_parent":0,"guid":"http:\/\/dev.claret.cat\/editorial\/akal-ediciones-s-a\/","menu_order":0,"post_type":"editorial","post_mime_type":"","comment_count":"0","filter":"raw"}]},"aioseo_notices":[],"_links":{"self":[{"href":"https:\/\/www.claret.cat\/es\/wp-json\/wp\/v2\/product\/1039717","targetHints":{"allow":["GET"]}}],"collection":[{"href":"https:\/\/www.claret.cat\/es\/wp-json\/wp\/v2\/product"}],"about":[{"href":"https:\/\/www.claret.cat\/es\/wp-json\/wp\/v2\/types\/product"}],"wp:featuredmedia":[{"embeddable":true,"href":"https:\/\/www.claret.cat\/es\/wp-json\/wp\/v2\/media\/1039718"}],"wp:attachment":[{"href":"https:\/\/www.claret.cat\/es\/wp-json\/wp\/v2\/media?parent=1039717"}],"wp:term":[{"taxonomy":"product_brand","embeddable":true,"href":"https:\/\/www.claret.cat\/es\/wp-json\/wp\/v2\/product_brand?post=1039717"},{"taxonomy":"product_cat","embeddable":true,"href":"https:\/\/www.claret.cat\/es\/wp-json\/wp\/v2\/product_cat?post=1039717"},{"taxonomy":"product_tag","embeddable":true,"href":"https:\/\/www.claret.cat\/es\/wp-json\/wp\/v2\/product_tag?post=1039717"}],"curies":[{"name":"wp","href":"https:\/\/api.w.org\/{rel}","templated":true}]}}