{"id":1039720,"date":"2025-07-04T11:30:37","date_gmt":"2025-07-04T09:30:37","guid":{"rendered":"https:\/\/www.claret.cat\/llibre\/un-dia-entre-los-dias-9788446057031\/"},"modified":"2025-07-04T18:20:46","modified_gmt":"2025-07-04T16:20:46","slug":"un-dia-entre-los-dias-9788446057031","status":"publish","type":"product","link":"https:\/\/www.claret.cat\/es\/libro\/un-dia-entre-los-dias-9788446057031\/","title":{"rendered":"UN D\u00cdA ENTRE LOS D\u00cdAS"},"content":{"rendered":"<p>El h\u00e9roe supera todos los obst\u00e1culos, derrota a sus enemigos y salva a la princesa. Los dos son guapos, altos, de piel clara, nobles, inteligentes\u2026 \u00aby fueron felices y comieron perdices\u00bb. Mientras, el resto \u2013la bruja y el payaso de circo, el frag\u00fcero y la cantaora o el vagabundo y el vendedor ambulante\u2013 no tiene derecho ni a la palabra. La moraleja es sencilla: si encajas en el marco euroc\u00e9ntrico, al final todo ir\u00e1 bien y la historia estar\u00e1 de tu parte; si no, te mereces cualquier tragedia que te ocurra. Pero \u00bfes que no hay otros modos de crear identidades y entendernos? Necesitamos buscar y reivindicar cuentos y voces que supongan la superaci\u00f3n de identidades excluyentes y estancas.<\/p>\n<p><em>Un d\u00eda entre los d\u00edas&nbsp;<\/em>es una selecci\u00f3n de cuentos y otras producciones orales de distintas familias gitanas. Estas creaciones, basadas en su propia historia, suponen una de las formas en que el Pueblo Gitano transfiere su legado, sus experiencias y sus valores. Adem\u00e1s, su recopilador, Iv\u00e1n Peri\u00e1\u00f1ez, no se queda con&nbsp;<em>qu\u00e9&nbsp;<\/em>se cuenta, sino que nos hace part\u00edcipes de&nbsp;<em>c\u00f3mo,<\/em>&nbsp;con&nbsp;<em>qui\u00e9nes&nbsp;<\/em>y&nbsp;<em>por qu\u00e9<\/em>&nbsp;se siguen contando estos relatos. De esta forma muestra el mensaje, su contexto pasado y presente, y el aprendizaje de lo que se dice, cuenta y canta.<\/p>\n","protected":false},"excerpt":{"rendered":"<p>PERI\u00c1\u00d1EZ BOLA\u00d1O, IV\u00c1N<\/p>\n","protected":false},"featured_media":1040268,"template":"","meta":{"_acf_changed":false,"om_disable_all_campaigns":false,"rs_blank_template":"","rs_page_bg_color":"","slide_template_v7":"","inline_featured_image":false,"_monsterinsights_skip_tracking":false,"_monsterinsights_sitenote_active":false,"_monsterinsights_sitenote_note":"","_monsterinsights_sitenote_category":0},"product_brand":[],"product_cat":[375,174,354,123],"product_tag":[],"class_list":{"0":"post-1039720","1":"product","2":"type-product","3":"status-publish","4":"has-post-thumbnail","6":"product_cat-antropologia-filosofia-2_humanidades","7":"product_cat-antropologia","8":"product_cat-clasica","9":"product_cat-classica","11":"first","12":"instock","13":"taxable","14":"shipping-taxable","15":"purchasable","16":"product-type-simple"},"acf":{"autor":"PERI\u00c1\u00d1EZ BOLA\u00d1O, IV\u00c1N","codart":"844605703","libros-coleccion":"","ediciones":"1","encuadernacion":"R\u00fastica","fecha_de_publicacion":"04\/07\/2025","novedad":"1","paginas":"248","subtitulo":"HABLA, CUENTA, CANTA EL PUEBLO GITANO I ","orden":"0","portada":"0","idioma":"spa","booktrailer":"","resenas":"","editorial":[{"ID":6115,"post_author":"3","post_date":"2022-07-28 17:45:13","post_date_gmt":"2022-07-28 15:45:13","post_content":"","post_title":"AKAL, EDICIONES S.A.","post_excerpt":"","post_status":"publish","comment_status":"closed","ping_status":"closed","post_password":"","post_name":"akal-ediciones-s-a","to_ping":"","pinged":"","post_modified":"2022-07-28 17:45:13","post_modified_gmt":"2022-07-28 15:45:13","post_content_filtered":"","post_parent":0,"guid":"http:\/\/dev.claret.cat\/editorial\/akal-ediciones-s-a\/","menu_order":0,"post_type":"editorial","post_mime_type":"","comment_count":"0","filter":"raw"}]},"aioseo_notices":[],"_links":{"self":[{"href":"https:\/\/www.claret.cat\/es\/wp-json\/wp\/v2\/product\/1039720","targetHints":{"allow":["GET"]}}],"collection":[{"href":"https:\/\/www.claret.cat\/es\/wp-json\/wp\/v2\/product"}],"about":[{"href":"https:\/\/www.claret.cat\/es\/wp-json\/wp\/v2\/types\/product"}],"wp:featuredmedia":[{"embeddable":true,"href":"https:\/\/www.claret.cat\/es\/wp-json\/wp\/v2\/media\/1040268"}],"wp:attachment":[{"href":"https:\/\/www.claret.cat\/es\/wp-json\/wp\/v2\/media?parent=1039720"}],"wp:term":[{"taxonomy":"product_brand","embeddable":true,"href":"https:\/\/www.claret.cat\/es\/wp-json\/wp\/v2\/product_brand?post=1039720"},{"taxonomy":"product_cat","embeddable":true,"href":"https:\/\/www.claret.cat\/es\/wp-json\/wp\/v2\/product_cat?post=1039720"},{"taxonomy":"product_tag","embeddable":true,"href":"https:\/\/www.claret.cat\/es\/wp-json\/wp\/v2\/product_tag?post=1039720"}],"curies":[{"name":"wp","href":"https:\/\/api.w.org\/{rel}","templated":true}]}}