{"id":1039840,"date":"2025-07-04T13:15:59","date_gmt":"2025-07-04T11:15:59","guid":{"rendered":"https:\/\/www.claret.cat\/llibre\/horts-i-jardins-remeiers-9788412980622\/"},"modified":"2025-07-04T13:47:13","modified_gmt":"2025-07-04T11:47:13","slug":"horts-i-jardins-remeiers-9788412980622","status":"publish","type":"product","link":"https:\/\/www.claret.cat\/es\/libro\/horts-i-jardins-remeiers-9788412980622\/","title":{"rendered":"HORTS I JARDINS REMEIERS"},"content":{"rendered":"<p>Crear un jard\u00ed remeier<br \/> Per a persones tranquil\u00b7les, \u00abamb les mans a la terra i el cap a la natura\u00bb!<br \/> Els jardins remeiers (o jardins terap\u00e8utics) tenen el vent a favor, de tant<br \/> com avui se sap tot el que la natura i la jardineria aporten a l\u2019home des de<br \/> diferents vessants: psicol\u00f2gic, f\u00edsic, cognitiu.<br \/> Aquesta guia dona totes les claus que permeten construir un projecte<br \/> de jard\u00ed remeier realista, dur-lo a bon port i proposar una ter\u00e0pia hort\u00edcola<br \/> efica\u00e7. \u00c9s un llibre que agradar\u00e0 a tots els p\u00fablics i que tamb\u00e9 ser\u00e0 molt \u00fatil<br \/> per a terapeutes que treballin amb persones grans dependents, als centres<br \/> de dia i a altres llocs d\u2019acollida per a persones grans, infants, adolescents<br \/> o adults que pateixen discapacitats f\u00edsiques o cognitives (Alzheimer,<br \/> autisme, trisomia&#8230;).<br \/> Hi trobareu:<br \/> ? Els principis fonamentals del jard\u00ed terap\u00e8utic, els objectius, les<br \/> adaptacions que s\u2019han de preveure en comparaci\u00f3 amb un jard\u00ed cl\u00e0ssic.<br \/> ? Totes les preguntes que cal formular-se abans de llan\u00e7ar-se a crear-ne<br \/> un.<br \/> ? La concreci\u00f3 pas a pas: l\u2019an\u00e0lisi dels elements existents, els<br \/> col\u00b7laboradors, el pl\u00e0nol, la definici\u00f3 de les diferents zones, la tria dels<br \/> cultius, els punts que s\u2019han de vigilar, els itineraris adients, els esculls que<br \/> s\u2019han d\u2019evitar&#8230;<br \/> ? Tots els consells per donar vida a un jard\u00ed remeier, per preparar i<br \/> dinamitzar una sessi\u00f3 de ter\u00e0pia hort\u00edcola, respectant els pacients i la<br \/> personalitat de cadascun.<br \/> Un llibre de refer\u00e8ncia escrit per una experta de renom, sobre un tema<br \/> que est\u00e0 en voga.<\/p>\n","protected":false},"excerpt":{"rendered":"<p>LEBAY, PAULE<\/p>\n","protected":false},"featured_media":1039841,"template":"","meta":{"_acf_changed":false,"om_disable_all_campaigns":false,"rs_blank_template":"","rs_page_bg_color":"","slide_template_v7":"","inline_featured_image":false,"_monsterinsights_skip_tracking":false,"_monsterinsights_sitenote_active":false,"_monsterinsights_sitenote_note":"","_monsterinsights_sitenote_category":0},"product_brand":[],"product_cat":[90,540],"product_tag":[],"class_list":{"0":"post-1039840","1":"product","2":"type-product","3":"status-publish","4":"has-post-thumbnail","6":"product_cat-altres","7":"product_cat-otros","9":"first","10":"instock","11":"taxable","12":"shipping-taxable","13":"purchasable","14":"product-type-simple"},"acf":{"autor":"LEBAY, PAULE","codart":"841298062","libros-coleccion":"","ediciones":"1","encuadernacion":"R\u00fastica","fecha_de_publicacion":"01\/06\/2025","novedad":"1","paginas":"246","subtitulo":"DEL PROJECTE A LA REALITZACI\u00d3","orden":"0","portada":"0","idioma":"cat","booktrailer":"","resenas":"","editorial":[{"ID":147894,"post_author":"3","post_date":"2022-10-14 11:54:03","post_date_gmt":"2022-10-14 09:54:03","post_content":"","post_title":"Edicions Sidill\u00e0 SL","post_excerpt":"","post_status":"publish","comment_status":"closed","ping_status":"closed","post_password":"","post_name":"edicions-sidilla-sl","to_ping":"","pinged":"","post_modified":"2022-10-14 11:54:03","post_modified_gmt":"2022-10-14 09:54:03","post_content_filtered":"","post_parent":0,"guid":"http:\/\/dev.claret.cat\/editorial\/edicions-sidilla-sl\/","menu_order":0,"post_type":"editorial","post_mime_type":"","comment_count":"0","filter":"raw"}]},"aioseo_notices":[],"_links":{"self":[{"href":"https:\/\/www.claret.cat\/es\/wp-json\/wp\/v2\/product\/1039840","targetHints":{"allow":["GET"]}}],"collection":[{"href":"https:\/\/www.claret.cat\/es\/wp-json\/wp\/v2\/product"}],"about":[{"href":"https:\/\/www.claret.cat\/es\/wp-json\/wp\/v2\/types\/product"}],"wp:featuredmedia":[{"embeddable":true,"href":"https:\/\/www.claret.cat\/es\/wp-json\/wp\/v2\/media\/1039841"}],"wp:attachment":[{"href":"https:\/\/www.claret.cat\/es\/wp-json\/wp\/v2\/media?parent=1039840"}],"wp:term":[{"taxonomy":"product_brand","embeddable":true,"href":"https:\/\/www.claret.cat\/es\/wp-json\/wp\/v2\/product_brand?post=1039840"},{"taxonomy":"product_cat","embeddable":true,"href":"https:\/\/www.claret.cat\/es\/wp-json\/wp\/v2\/product_cat?post=1039840"},{"taxonomy":"product_tag","embeddable":true,"href":"https:\/\/www.claret.cat\/es\/wp-json\/wp\/v2\/product_tag?post=1039840"}],"curies":[{"name":"wp","href":"https:\/\/api.w.org\/{rel}","templated":true}]}}