{"id":1040,"date":"2022-07-27T15:43:33","date_gmt":"2022-07-27T13:43:33","guid":{"rendered":"http:\/\/dev.claret.cat\/producto\/vive-cristo-christus-vivit-9788491362197\/"},"modified":"2024-09-12T14:14:04","modified_gmt":"2024-09-12T12:14:04","slug":"vive-cristo-christus-vivit-9788491362197","status":"publish","type":"product","link":"https:\/\/www.claret.cat\/es\/libro\/vive-cristo-christus-vivit-9788491362197\/","title":{"rendered":"VIVE CRISTO &#8211; CHRISTUS VIVIT"},"content":{"rendered":"<p>Es la cuarta Exhortaci\u00f3n Apost\u00f3lica del Papa Francisco, \u00abVive Cristo\u00bb.<br \/> Este documento es el fruto de los trabajos del S\u00ednodo de los Obispos celebrado en el Vaticano, del 3 al 28 de octubre de 2018, sobre el tema \u00abLos j\u00f3venes, la fe y el discernimiento vocacional\u00bb. Es un texto que dialoga con los j\u00f3venes, recoge el trabajo realizado entre los j\u00f3venes y los Padres Sinodales. Es la primera exhortaci\u00f3n apost\u00f3lica dedicada a los j\u00f3venes.<br \/> El Papa Francisco aborda con un estilo directo pero cargado de profundidad temas muy diversos relacionados con la juventud, como su presencia en la Biblia, la santidad de la juventud, su diversidad, el crecimiento personal y de fe, su relaci\u00f3n con las personas mayores, la pastoral juvenil, las vocaciones, etc.<br \/> La Exhortaci\u00f3n fue firmada el 25 de marzo de 2019, Solemnidad de la Anunciaci\u00f3n del Se\u00f1or, ofrecida por el Papa a la Virgen Mar\u00eda en el Santuario mariano de Loreto, en el sexto aniversario del inicio de su Pontificado.<\/p>\n","protected":false},"excerpt":{"rendered":"<p>PAPA FRANCISCO<\/p>\n","protected":false},"featured_media":952513,"template":"","meta":{"_acf_changed":false,"om_disable_all_campaigns":false,"rs_blank_template":"","rs_page_bg_color":"","slide_template_v7":"","inline_featured_image":false,"_monsterinsights_skip_tracking":false,"_monsterinsights_sitenote_active":false,"_monsterinsights_sitenote_note":"","_monsterinsights_sitenote_category":0},"product_brand":[],"product_cat":[543,93,581,566,117,344,78],"product_tag":[],"class_list":{"0":"post-1040","1":"product","2":"type-product","3":"status-publish","4":"has-post-thumbnail","6":"product_cat-eclesiologia-es","7":"product_cat-eclesiologia","8":"product_cat-editorial-claret","9":"product_cat-juvenil-3_infantil-juvenil-spa-spa","10":"product_cat-juvenil","11":"product_cat-pastoral-1_espiritualidad","12":"product_cat-pastoral","14":"first","15":"instock","16":"taxable","17":"shipping-taxable","18":"purchasable","19":"product-type-simple"},"acf":{"autor":"PAPA FRANCISCO","codart":"849136219","ediciones":"1","encuadernacion":"R\u00fastica","fecha_de_publicacion":"02\/04\/2019","novedad":"0","paginas":"188","subtitulo":"EXHORTACI\u00d3N APOST\u00d3LICA","orden":"0","portada":"0","idioma":"spa","libros-coleccion":"Magisterio","autores-libros":[{"ID":5919,"post_author":"3","post_date":"2022-07-28 17:34:18","post_date_gmt":"2022-07-28 15:34:18","post_content":"","post_title":"PAPA FRANCISCO","post_excerpt":"","post_status":"publish","comment_status":"closed","ping_status":"closed","post_password":"","post_name":"papa-francisco","to_ping":"","pinged":"","post_modified":"2022-07-28 17:34:18","post_modified_gmt":"2022-07-28 15:34:18","post_content_filtered":"","post_parent":0,"guid":"http:\/\/dev.claret.cat\/autor\/papa-francisco\/","menu_order":0,"post_type":"autor","post_mime_type":"","comment_count":"0","filter":"raw"}],"editorial":[{"ID":6158,"post_author":"3","post_date":"2022-07-28 17:46:08","post_date_gmt":"2022-07-28 15:46:08","post_content":"","post_title":"CLARET","post_excerpt":"","post_status":"publish","comment_status":"closed","ping_status":"closed","post_password":"","post_name":"claret","to_ping":"","pinged":"","post_modified":"2022-07-28 17:46:08","post_modified_gmt":"2022-07-28 15:46:08","post_content_filtered":"","post_parent":0,"guid":"http:\/\/dev.claret.cat\/editorial\/claret\/","menu_order":0,"post_type":"editorial","post_mime_type":"","comment_count":"0","filter":"raw"}],"booktrailer":"","linkebook":"","ficha":"","muestra":"","precioebook":"0","presentacion":"","resenas":""},"aioseo_notices":[],"_links":{"self":[{"href":"https:\/\/www.claret.cat\/es\/wp-json\/wp\/v2\/product\/1040","targetHints":{"allow":["GET"]}}],"collection":[{"href":"https:\/\/www.claret.cat\/es\/wp-json\/wp\/v2\/product"}],"about":[{"href":"https:\/\/www.claret.cat\/es\/wp-json\/wp\/v2\/types\/product"}],"wp:featuredmedia":[{"embeddable":true,"href":"https:\/\/www.claret.cat\/es\/wp-json\/wp\/v2\/media\/952513"}],"wp:attachment":[{"href":"https:\/\/www.claret.cat\/es\/wp-json\/wp\/v2\/media?parent=1040"}],"wp:term":[{"taxonomy":"product_brand","embeddable":true,"href":"https:\/\/www.claret.cat\/es\/wp-json\/wp\/v2\/product_brand?post=1040"},{"taxonomy":"product_cat","embeddable":true,"href":"https:\/\/www.claret.cat\/es\/wp-json\/wp\/v2\/product_cat?post=1040"},{"taxonomy":"product_tag","embeddable":true,"href":"https:\/\/www.claret.cat\/es\/wp-json\/wp\/v2\/product_tag?post=1040"}],"curies":[{"name":"wp","href":"https:\/\/api.w.org\/{rel}","templated":true}]}}