{"id":1040125,"date":"2025-07-04T16:35:32","date_gmt":"2025-07-04T14:35:32","guid":{"rendered":"https:\/\/www.claret.cat\/llibre\/banderas-del-mundo-para-colorear-9781836064466\/"},"modified":"2025-07-04T19:50:38","modified_gmt":"2025-07-04T17:50:38","slug":"banderas-del-mundo-para-colorear-9781836064466","status":"publish","type":"product","link":"https:\/\/www.claret.cat\/es\/libro\/banderas-del-mundo-para-colorear-9781836064466\/","title":{"rendered":"BANDERAS DEL MUNDO PARA COLOREAR"},"content":{"rendered":"<p>Las banderas de todos los pa\u00edses independientes del mundo est\u00e1n incluidas en este did\u00e1ctico libro para colorear, que incluye mapas que relacionan cada bandera con su pa\u00eds, agrupados por continentes, y datos interesantes sobre los colores y los s\u00edmbolos que aparecen en las banderas. Adem\u00e1s, hay muchas banderas y escudos en blanco y negro para que los ni\u00f1os las coloreen.<\/p>\n","protected":false},"excerpt":{"rendered":"<p>MEREDITH, SUSAN<\/p>\n","protected":false},"featured_media":1040162,"template":"","meta":{"_acf_changed":false,"om_disable_all_campaigns":false,"rs_blank_template":"","rs_page_bg_color":"","slide_template_v7":"","inline_featured_image":false,"_monsterinsights_skip_tracking":false,"_monsterinsights_sitenote_active":false,"_monsterinsights_sitenote_note":"","_monsterinsights_sitenote_category":0},"product_brand":[],"product_cat":[132,135,365,362],"product_tag":[],"class_list":{"0":"post-1040125","1":"product","2":"type-product","3":"status-publish","4":"has-post-thumbnail","6":"product_cat-lectures-per-preadolescents-6-12-anys","7":"product_cat-entreteniment","8":"product_cat-entretenimientos","9":"product_cat-libros-preadolescentes-6-12-anos","11":"first","12":"instock","13":"taxable","14":"shipping-taxable","15":"purchasable","16":"product-type-simple"},"acf":{"autor":"MEREDITH, SUSAN","codart":"183606446","libros-coleccion":"FORA DE COL.LECCI\u00d3","ediciones":"1","encuadernacion":"R\u00fastica","fecha_de_publicacion":"01\/07\/2025","novedad":"1","paginas":"48","subtitulo":"","orden":"0","portada":"0","idioma":"spa","booktrailer":"","resenas":"","editorial":[{"ID":148940,"post_author":"3","post_date":"2022-10-14 12:02:11","post_date_gmt":"2022-10-14 10:02:11","post_content":"","post_title":"Usborne Publishing","post_excerpt":"","post_status":"publish","comment_status":"closed","ping_status":"closed","post_password":"","post_name":"usborne-publishing","to_ping":"","pinged":"","post_modified":"2022-10-14 12:02:11","post_modified_gmt":"2022-10-14 10:02:11","post_content_filtered":"","post_parent":0,"guid":"http:\/\/dev.claret.cat\/editorial\/usborne-publishing\/","menu_order":0,"post_type":"editorial","post_mime_type":"","comment_count":"0","filter":"raw"}]},"aioseo_notices":[],"_links":{"self":[{"href":"https:\/\/www.claret.cat\/es\/wp-json\/wp\/v2\/product\/1040125","targetHints":{"allow":["GET"]}}],"collection":[{"href":"https:\/\/www.claret.cat\/es\/wp-json\/wp\/v2\/product"}],"about":[{"href":"https:\/\/www.claret.cat\/es\/wp-json\/wp\/v2\/types\/product"}],"wp:featuredmedia":[{"embeddable":true,"href":"https:\/\/www.claret.cat\/es\/wp-json\/wp\/v2\/media\/1040162"}],"wp:attachment":[{"href":"https:\/\/www.claret.cat\/es\/wp-json\/wp\/v2\/media?parent=1040125"}],"wp:term":[{"taxonomy":"product_brand","embeddable":true,"href":"https:\/\/www.claret.cat\/es\/wp-json\/wp\/v2\/product_brand?post=1040125"},{"taxonomy":"product_cat","embeddable":true,"href":"https:\/\/www.claret.cat\/es\/wp-json\/wp\/v2\/product_cat?post=1040125"},{"taxonomy":"product_tag","embeddable":true,"href":"https:\/\/www.claret.cat\/es\/wp-json\/wp\/v2\/product_tag?post=1040125"}],"curies":[{"name":"wp","href":"https:\/\/api.w.org\/{rel}","templated":true}]}}