{"id":1040346,"date":"2025-07-04T19:50:17","date_gmt":"2025-07-04T17:50:17","guid":{"rendered":"https:\/\/www.claret.cat\/llibre\/que-podemos-perder-9788408225751\/"},"modified":"2025-07-10T18:05:34","modified_gmt":"2025-07-10T16:05:34","slug":"que-podemos-perder-9788408225751","status":"publish","type":"product","link":"https:\/\/www.claret.cat\/es\/libro\/que-podemos-perder-9788408225751\/","title":{"rendered":"\u00bfQU\u00c9 PODEMOS PERDER?"},"content":{"rendered":"<p>Una divertida comedia rom\u00e1ntica juvenil que te ense\u00f1a que, aunque la vida te lleve por muchos caminos, la direcci\u00f3n solo la decides t\u00fa.Sara estudia Bellas Artes, pero cada vez le parecen menos bellas. Fran estudia Derecho, como quiere su familia, pero ni su coraz\u00f3n ni su vida giran en torno a ello. B\u00e1rbara actualiza sus redes sociales de manera constante y a ratitos estudia Dise\u00f1o.<\/p>\n<p>Los tres amigos se conocieron hace a\u00f1os en una fiesta de disfraces y se cre\u00f3 entre ellos una bonita amistad en la que, sin saberlo, se fueron ocultando cosas. Pero la vida, los momentos y las sensaciones les hacen ver que algo falla, y comienzan a plantearse si\u2026<\/p>\n<p>\u00bfSer\u00e1 todo tan id\u00edlico como se quieren hacer creer?<\/p>\n<p>\u00bfConseguir\u00e1n sincerarse?<\/p>\n<p>Y, sobre todo, \u00bfqu\u00e9 pueden perder si se cuentan la verdad?<\/p>\n","protected":false},"excerpt":{"rendered":"<p>MIR\u00d3, SANDRA<\/p>\n","protected":false},"featured_media":1046173,"template":"","meta":{"_acf_changed":false,"om_disable_all_campaigns":false,"rs_blank_template":"","rs_page_bg_color":"","slide_template_v7":"","inline_featured_image":false,"_monsterinsights_skip_tracking":false,"_monsterinsights_sitenote_active":false,"_monsterinsights_sitenote_note":"","_monsterinsights_sitenote_category":0},"product_brand":[],"product_cat":[133,117,566,363,127,357],"product_tag":[],"class_list":{"0":"post-1040346","1":"product","2":"type-product","3":"status-publish","4":"has-post-thumbnail","6":"product_cat-lectures-per-adolescents-12-18-anys","7":"product_cat-juvenil","8":"product_cat-juvenil-3_infantil-juvenil-spa-spa","9":"product_cat-lecturas-por-adolescentes-12-18-anos","10":"product_cat-novella-contemporania","11":"product_cat-novela-contemporanea","13":"first","14":"instock","15":"taxable","16":"shipping-taxable","17":"purchasable","18":"product-type-simple"},"acf":{"autor":"MIR\u00d3, SANDRA","codart":"840822575","libros-coleccion":"New adult","ediciones":"1","encuadernacion":"R\u00fastica","fecha_de_publicacion":"01\/10\/2020","novedad":"1","paginas":"448","subtitulo":"","orden":"0","portada":"0","idioma":"spa","booktrailer":"","resenas":"","editorial":[{"ID":6233,"post_author":"3","post_date":"2022-07-28 17:47:48","post_date_gmt":"2022-07-28 15:47:48","post_content":"","post_title":"EDITORIAL PLANETA","post_excerpt":"","post_status":"publish","comment_status":"closed","ping_status":"closed","post_password":"","post_name":"editorial-planeta","to_ping":"","pinged":"","post_modified":"2022-07-28 17:47:48","post_modified_gmt":"2022-07-28 15:47:48","post_content_filtered":"","post_parent":0,"guid":"http:\/\/dev.claret.cat\/editorial\/editorial-planeta\/","menu_order":0,"post_type":"editorial","post_mime_type":"","comment_count":"0","filter":"raw"}]},"aioseo_notices":[],"_links":{"self":[{"href":"https:\/\/www.claret.cat\/es\/wp-json\/wp\/v2\/product\/1040346","targetHints":{"allow":["GET"]}}],"collection":[{"href":"https:\/\/www.claret.cat\/es\/wp-json\/wp\/v2\/product"}],"about":[{"href":"https:\/\/www.claret.cat\/es\/wp-json\/wp\/v2\/types\/product"}],"wp:featuredmedia":[{"embeddable":true,"href":"https:\/\/www.claret.cat\/es\/wp-json\/wp\/v2\/media\/1046173"}],"wp:attachment":[{"href":"https:\/\/www.claret.cat\/es\/wp-json\/wp\/v2\/media?parent=1040346"}],"wp:term":[{"taxonomy":"product_brand","embeddable":true,"href":"https:\/\/www.claret.cat\/es\/wp-json\/wp\/v2\/product_brand?post=1040346"},{"taxonomy":"product_cat","embeddable":true,"href":"https:\/\/www.claret.cat\/es\/wp-json\/wp\/v2\/product_cat?post=1040346"},{"taxonomy":"product_tag","embeddable":true,"href":"https:\/\/www.claret.cat\/es\/wp-json\/wp\/v2\/product_tag?post=1040346"}],"curies":[{"name":"wp","href":"https:\/\/api.w.org\/{rel}","templated":true}]}}