{"id":104058,"date":"2022-10-12T08:43:58","date_gmt":"2022-10-12T06:43:58","guid":{"rendered":"http:\/\/dev.claret.cat\/producte\/el-menhir-dor\/"},"modified":"2023-01-28T11:44:22","modified_gmt":"2023-01-28T10:44:22","slug":"el-menhir-dor-9788469629680","status":"publish","type":"product","link":"https:\/\/www.claret.cat\/es\/libro\/el-menhir-dor-9788469629680\/","title":{"rendered":"EL MENHIR D&#8217;OR"},"content":{"rendered":"<p>Al poblet regna el nerviosisme: l&#8217;Aseguran\u00e7at\u00f2rix ha decidit participar al fam\u00f3s Concurs de Bards Gals amb la intenci\u00f3 d&#8217;endur-se el primer premi: el Menhir d&#8217;Or. Per protegir-lo durant la<br \/> competici\u00f3, que \u00e9s seguida de ben a prop pels romans, l&#8217;Ast\u00e8rix i l&#8217;Ob\u00e8lix l&#8217;acompanyaran amb un sol objectiu: no treure-li l&#8217;ull de sobre, encara que aix\u00f2 signifiqui perdre una orella. Un tresor retrobat de Ren\u00e9 Goscinny i Albert Uderzo! Aquesta aventura, que va apar\u00e8ixer per primera vegada el 1967 en format de llibre-disc, \u00e9s pr\u00e0cticament impossible de trobar i mai no<br \/> havia estat publicada en format d&#8217;\u00e0lbum. Ren\u00e9 Goscinny la va escriure amb el seu nervi<br \/> habitual espec\u00edficament per gravar-la en format d&#8217;\u00e0udio, i Albert Uderzo va il\u00b7lustrar el llibret<br \/> que acompanyava el disc amb la seva inigualable mestria gr\u00e0fica. Per aquests dos motius calia<br \/> donar-li el valor que es mereix i incloure-la en la col\u00b7lecci\u00f3 d&#8217;\u00e0lbums il\u00b7lustrats d&#8217;Ast\u00e8rix.<\/p>\n","protected":false},"excerpt":{"rendered":"<p>GOSCINNY, REN\u00c9<\/p>\n","protected":false},"featured_media":104059,"template":"","meta":{"_acf_changed":false,"om_disable_all_campaigns":false,"rs_blank_template":"","rs_page_bg_color":"","slide_template_v7":"","inline_featured_image":false,"_monsterinsights_skip_tracking":false,"_monsterinsights_sitenote_active":false,"_monsterinsights_sitenote_note":"","_monsterinsights_sitenote_category":0},"product_brand":[],"product_cat":[108],"product_tag":[],"class_list":{"0":"post-104058","1":"product","2":"type-product","3":"status-publish","4":"has-post-thumbnail","6":"product_cat-comic","8":"first","9":"instock","10":"taxable","11":"shipping-taxable","12":"purchasable","13":"product-type-simple"},"acf":{"autor":"GOSCINNY, REN\u00c9","codart":"846962968","libros-coleccion":"FORA DE COL.LECCI\u00d3","ediciones":"1","encuadernacion":"Carton\u00e9","fecha_de_publicacion":"01\/10\/2020","novedad":"1","paginas":"48","subtitulo":"","orden":"0","portada":"0","idioma":"cat","editorial":[{"ID":147936,"post_author":"3","post_date":"2022-10-14 11:54:22","post_date_gmt":"2022-10-14 09:54:22","post_content":"","post_title":"Editorial Bru\u00f1o","post_excerpt":"","post_status":"publish","comment_status":"closed","ping_status":"closed","post_password":"","post_name":"editorial-bruno","to_ping":"","pinged":"","post_modified":"2022-10-14 11:54:22","post_modified_gmt":"2022-10-14 09:54:22","post_content_filtered":"","post_parent":0,"guid":"http:\/\/dev.claret.cat\/editorial\/editorial-bruno\/","menu_order":0,"post_type":"editorial","post_mime_type":"","comment_count":"0","filter":"raw"}]},"aioseo_notices":[],"_links":{"self":[{"href":"https:\/\/www.claret.cat\/es\/wp-json\/wp\/v2\/product\/104058","targetHints":{"allow":["GET"]}}],"collection":[{"href":"https:\/\/www.claret.cat\/es\/wp-json\/wp\/v2\/product"}],"about":[{"href":"https:\/\/www.claret.cat\/es\/wp-json\/wp\/v2\/types\/product"}],"wp:featuredmedia":[{"embeddable":true,"href":"https:\/\/www.claret.cat\/es\/wp-json\/wp\/v2\/media\/104059"}],"wp:attachment":[{"href":"https:\/\/www.claret.cat\/es\/wp-json\/wp\/v2\/media?parent=104058"}],"wp:term":[{"taxonomy":"product_brand","embeddable":true,"href":"https:\/\/www.claret.cat\/es\/wp-json\/wp\/v2\/product_brand?post=104058"},{"taxonomy":"product_cat","embeddable":true,"href":"https:\/\/www.claret.cat\/es\/wp-json\/wp\/v2\/product_cat?post=104058"},{"taxonomy":"product_tag","embeddable":true,"href":"https:\/\/www.claret.cat\/es\/wp-json\/wp\/v2\/product_tag?post=104058"}],"curies":[{"name":"wp","href":"https:\/\/api.w.org\/{rel}","templated":true}]}}