{"id":10406,"date":"2022-09-30T19:52:02","date_gmt":"2022-09-30T17:52:02","guid":{"rendered":"http:\/\/dev.claret.cat\/producte\/mirando-al-futuro\/"},"modified":"2023-01-28T02:00:40","modified_gmt":"2023-01-28T01:00:40","slug":"mirando-al-futuro-9788484694137","status":"publish","type":"product","link":"https:\/\/www.claret.cat\/es\/libro\/mirando-al-futuro-9788484694137\/","title":{"rendered":"MIRANDO AL FUTURO"},"content":{"rendered":"<p>Ha llegado el momento de que tus hijos escojan su futuro. Despu\u00e9s de a\u00f1os prepar\u00e1ndose, deben comenzar la complicada labor de elegir sus estudios universitarios. La b\u00fasqueda de la mejor universidad y la adaptaci\u00f3n a tantos cambios al mismo tiempo puede sobrepasarlos. Como padres, es imprescindible orientarles, ayudarles y aportarles la visi\u00f3n, tranquilidad y confianza necesarias para empezar esta nueva \u00e9poca que contribuir\u00e1 a configurar su futuro. Bajo esta premisa, Mirando al futuro destierra preocupaciones y agobios, m\u00e1s all\u00e1 de lo razonable, para conseguir la perspectiva adecuada que les permita elegir entre las diversas alternativas posibles. Porque de la buena decisi\u00f3n sobre el qu\u00e9, el d\u00f3nde y el cu\u00e1ndo va a depender su vida universitaria. De c\u00f3mo se desarrolle esta nueva etapa tambi\u00e9n depender\u00e1, en gran medida, su futuro profesional. Por eso, tambi\u00e9n es importante poner la vista en el futuro y tomar, con vuestra ayuda, la mejor decisi\u00f3n acerca del tipo de formaci\u00f3n que necesitan para acceder con garant\u00edas al entorno laboral.<\/p>\n","protected":false},"excerpt":{"rendered":"<p>LORENZO BERMEJO<\/p>\n","protected":false},"featured_media":66596,"template":"","meta":{"_acf_changed":false,"om_disable_all_campaigns":false,"rs_blank_template":"","rs_page_bg_color":"","slide_template_v7":"","inline_featured_image":false,"_monsterinsights_skip_tracking":false,"_monsterinsights_sitenote_active":false,"_monsterinsights_sitenote_note":"","_monsterinsights_sitenote_category":0},"product_brand":[],"product_cat":[100],"product_tag":[],"class_list":{"0":"post-10406","1":"product","2":"type-product","3":"status-publish","4":"has-post-thumbnail","6":"product_cat-escola-de-pares","8":"first","9":"instock","10":"taxable","11":"shipping-taxable","12":"purchasable","13":"product-type-simple"},"acf":{"autor":"LORENZO BERMEJO","codart":"848469413","libros-coleccion":"","ediciones":"1","encuadernacion":"R\u00fastica","fecha_de_publicacion":"25\/02\/2020","novedad":"1","paginas":"160","subtitulo":"C\u00d3MO PREPARAR A NUESTROS IJOS PARA LA UNIVERSIDAD","orden":"0","portada":"0","idioma":"spa","editorial":[{"ID":147857,"post_author":"3","post_date":"2022-10-14 11:53:45","post_date_gmt":"2022-10-14 09:53:45","post_content":"","post_title":"EDICIONES TECONTE","post_excerpt":"","post_status":"publish","comment_status":"closed","ping_status":"closed","post_password":"","post_name":"ediciones-teconte","to_ping":"","pinged":"","post_modified":"2022-10-14 11:53:45","post_modified_gmt":"2022-10-14 09:53:45","post_content_filtered":"","post_parent":0,"guid":"http:\/\/dev.claret.cat\/editorial\/ediciones-teconte\/","menu_order":0,"post_type":"editorial","post_mime_type":"","comment_count":"0","filter":"raw"}],"autores-libros":[{"ID":162472,"post_author":"3","post_date":"2022-10-14 17:31:17","post_date_gmt":"2022-10-14 15:31:17","post_content":"","post_title":"LORENZO  BERMEJO","post_excerpt":"","post_status":"publish","comment_status":"closed","ping_status":"closed","post_password":"","post_name":"lorenzo-bermejo","to_ping":"","pinged":"","post_modified":"2022-10-14 17:31:17","post_modified_gmt":"2022-10-14 15:31:17","post_content_filtered":"","post_parent":0,"guid":"http:\/\/dev.claret.cat\/autor\/lorenzo-bermejo\/","menu_order":0,"post_type":"autor","post_mime_type":"","comment_count":"0","filter":"raw"}]},"aioseo_notices":[],"_links":{"self":[{"href":"https:\/\/www.claret.cat\/es\/wp-json\/wp\/v2\/product\/10406","targetHints":{"allow":["GET"]}}],"collection":[{"href":"https:\/\/www.claret.cat\/es\/wp-json\/wp\/v2\/product"}],"about":[{"href":"https:\/\/www.claret.cat\/es\/wp-json\/wp\/v2\/types\/product"}],"wp:featuredmedia":[{"embeddable":true,"href":"https:\/\/www.claret.cat\/es\/wp-json\/wp\/v2\/media\/66596"}],"wp:attachment":[{"href":"https:\/\/www.claret.cat\/es\/wp-json\/wp\/v2\/media?parent=10406"}],"wp:term":[{"taxonomy":"product_brand","embeddable":true,"href":"https:\/\/www.claret.cat\/es\/wp-json\/wp\/v2\/product_brand?post=10406"},{"taxonomy":"product_cat","embeddable":true,"href":"https:\/\/www.claret.cat\/es\/wp-json\/wp\/v2\/product_cat?post=10406"},{"taxonomy":"product_tag","embeddable":true,"href":"https:\/\/www.claret.cat\/es\/wp-json\/wp\/v2\/product_tag?post=10406"}],"curies":[{"name":"wp","href":"https:\/\/api.w.org\/{rel}","templated":true}]}}