{"id":104088,"date":"2022-10-12T08:44:25","date_gmt":"2022-10-12T06:44:25","guid":{"rendered":"http:\/\/dev.claret.cat\/producte\/paraules-de-consol\/"},"modified":"2025-02-24T11:10:12","modified_gmt":"2025-02-24T10:10:12","slug":"paraules-de-consol-9788418197246","status":"publish","type":"product","link":"https:\/\/www.claret.cat\/es\/libro\/paraules-de-consol-9788418197246\/","title":{"rendered":"PARAULES DE CONSOL"},"content":{"rendered":"<p>\u00abQuan la mort toca de prop, la frivolitat es fa miques. Sentim com s&#8217;esquin\u00e7a l&#8217;\u00e0nima i necessitem consol. Ho confessem o no, experimentem la necessitat de conhort.  Qui, per\u00f2, ens pot consolar? On s&#8217;ensenya l&#8217;art de consolar?  No \u00e9s f\u00e0cil trobar respostes.\u00bb  Francesc Torralba planteja com transitar per l&#8217;experi\u00e8ncia de la p\u00e8rdua de manera consoladora i humana. Des de la filosofia, i tamb\u00e9 des de l&#8217;espiritualitat, l&#8217;autor ens proposa fer del dol una oportunitat per connectar amb els nostres sentiments m\u00e9s profunds i recordar amb serenitat els nostres \u00e9ssers estimats.<\/p>\n","protected":false},"excerpt":{"rendered":"<p>TORRALBA ROSELL\u00d3, FRANCESC<\/p>\n","protected":false},"featured_media":318275,"template":"","meta":{"_acf_changed":false,"om_disable_all_campaigns":false,"rs_blank_template":"","rs_page_bg_color":"","slide_template_v7":"","inline_featured_image":false,"_monsterinsights_skip_tracking":false,"_monsterinsights_sitenote_active":false,"_monsterinsights_sitenote_note":"","_monsterinsights_sitenote_category":0},"product_brand":[],"product_cat":[90,540],"product_tag":[],"class_list":{"0":"post-104088","1":"product","2":"type-product","3":"status-publish","4":"has-post-thumbnail","6":"product_cat-altres","7":"product_cat-otros","9":"first","10":"instock","11":"taxable","12":"shipping-taxable","13":"purchasable","14":"product-type-simple"},"acf":{"editorial":[{"ID":6122,"post_author":"3","post_date":"2022-07-28 17:45:22","post_date_gmt":"2022-07-28 15:45:22","post_content":"","post_title":"ANGLE EDITORIAL","post_excerpt":"","post_status":"publish","comment_status":"closed","ping_status":"closed","post_password":"","post_name":"angle-editorial","to_ping":"","pinged":"","post_modified":"2022-07-28 17:45:22","post_modified_gmt":"2022-07-28 15:45:22","post_content_filtered":"","post_parent":0,"guid":"http:\/\/dev.claret.cat\/editorial\/angle-editorial\/","menu_order":0,"post_type":"editorial","post_mime_type":"","comment_count":"0","filter":"raw"}],"autor":"TORRALBA ROSELL\u00d3, FRANCESC","codart":"841819724","libros-coleccion":"FORA DE COL.LECCI\u00d3","ediciones":"1","encuadernacion":"R\u00fastica","fecha_de_publicacion":"01\/10\/2020","novedad":"1","paginas":"173","subtitulo":"EN LA MORT D'UN \u00c9SSER ESTIMAT","orden":"0","portada":"0","idioma":"cat","autores-libros":[{"ID":156146,"post_author":"3","post_date":"2022-10-14 15:18:29","post_date_gmt":"2022-10-14 13:18:29","post_content":"","post_title":"FRANCESC TORRALBA ROSELL\u00d3","post_excerpt":"","post_status":"publish","comment_status":"closed","ping_status":"closed","post_password":"","post_name":"francesc-torralba-rosello","to_ping":"","pinged":"","post_modified":"2022-10-14 15:18:29","post_modified_gmt":"2022-10-14 13:18:29","post_content_filtered":"","post_parent":0,"guid":"http:\/\/dev.claret.cat\/autor\/francesc-torralba-rosello\/","menu_order":0,"post_type":"autor","post_mime_type":"","comment_count":"0","filter":"raw"}]},"aioseo_notices":[],"_links":{"self":[{"href":"https:\/\/www.claret.cat\/es\/wp-json\/wp\/v2\/product\/104088","targetHints":{"allow":["GET"]}}],"collection":[{"href":"https:\/\/www.claret.cat\/es\/wp-json\/wp\/v2\/product"}],"about":[{"href":"https:\/\/www.claret.cat\/es\/wp-json\/wp\/v2\/types\/product"}],"wp:featuredmedia":[{"embeddable":true,"href":"https:\/\/www.claret.cat\/es\/wp-json\/wp\/v2\/media\/318275"}],"wp:attachment":[{"href":"https:\/\/www.claret.cat\/es\/wp-json\/wp\/v2\/media?parent=104088"}],"wp:term":[{"taxonomy":"product_brand","embeddable":true,"href":"https:\/\/www.claret.cat\/es\/wp-json\/wp\/v2\/product_brand?post=104088"},{"taxonomy":"product_cat","embeddable":true,"href":"https:\/\/www.claret.cat\/es\/wp-json\/wp\/v2\/product_cat?post=104088"},{"taxonomy":"product_tag","embeddable":true,"href":"https:\/\/www.claret.cat\/es\/wp-json\/wp\/v2\/product_tag?post=104088"}],"curies":[{"name":"wp","href":"https:\/\/api.w.org\/{rel}","templated":true}]}}