{"id":104100,"date":"2022-10-12T08:44:35","date_gmt":"2022-10-12T06:44:35","guid":{"rendered":"http:\/\/dev.claret.cat\/producte\/dolces-tradicions-una-llaminadura-per-a-cada-ocasio\/"},"modified":"2023-01-28T14:55:43","modified_gmt":"2023-01-28T13:55:43","slug":"dolces-tradicions-una-llaminadura-per-a-cada-ocasio-9788472461765","status":"publish","type":"product","link":"https:\/\/www.claret.cat\/es\/libro\/dolces-tradicions-una-llaminadura-per-a-cada-ocasio-9788472461765\/","title":{"rendered":"DOLCES TRADICIONS. UNA LLAMINADURA PER A CADA OCASI\u00d3"},"content":{"rendered":"<p>Si preguntem alg\u00fa per qu\u00e8 menja coca per Sant Joan, segurament ens respondr\u00e0 que per tradici\u00f3, perqu\u00e8 toca, per\u00f2 poca gent sabr\u00e0 donar-hi cap m\u00e9s explicaci\u00f3.<\/p>\n<p>En aquest llibre recollim i expliquem l\u2019origen i la vinculaci\u00f3 d\u2019un dol\u00e7 determinat a una celebraci\u00f3 concreta. Coques, bunyols, pastissos, tortells, mones, panellets, neules, torrons&#8230; s\u00f3n els principals protagonistes del calendari pastisser, que ens permet disposar d\u2019un cat\u00e0leg molt suculent. D\u2019aquesta manera, comprovarem que certes dates de l\u2019any estan relacionades amb el consum d\u2019aquestes menges meravelloses.<\/p>\n<p>No hi ha manera m\u00e9s adequada, ni m\u00e9s agradable al paladar, de commemorar una diada.<\/p>\n<p>Dit aix\u00f2, ja nom\u00e9s ens resta desitjar-vos bon profit!<\/p>\n<p>El tex va acompanyat amb 183 imatges<\/p>\n","protected":false},"excerpt":{"rendered":"<p>CAMPRUBI, DOL\u00c7A<\/p>\n","protected":false},"featured_media":319013,"template":"","meta":{"_acf_changed":false,"om_disable_all_campaigns":false,"rs_blank_template":"","rs_page_bg_color":"","slide_template_v7":"","inline_featured_image":false,"_monsterinsights_skip_tracking":false,"_monsterinsights_sitenote_active":false,"_monsterinsights_sitenote_note":"","_monsterinsights_sitenote_category":0},"product_brand":[],"product_cat":[553,103],"product_tag":[],"class_list":{"0":"post-104100","1":"product","2":"type-product","3":"status-publish","4":"has-post-thumbnail","6":"product_cat-cocina","7":"product_cat-cuina","9":"first","10":"instock","11":"taxable","12":"shipping-taxable","13":"purchasable","14":"product-type-simple"},"acf":{"autor":"CAMPRUBI, DOL\u00c7A","codart":"847246176","libros-coleccion":"Or\u00edgens","ediciones":"1","encuadernacion":"R\u00fastica","fecha_de_publicacion":"01\/09\/2020","novedad":"0","paginas":"216","subtitulo":"","orden":"0","portada":"0","idioma":"cat","editorial":[{"ID":147386,"post_author":"3","post_date":"2022-10-14 11:50:10","post_date_gmt":"2022-10-14 09:50:10","post_content":"","post_title":"Albert\u00ed Editor","post_excerpt":"","post_status":"publish","comment_status":"closed","ping_status":"closed","post_password":"","post_name":"alberti-editor","to_ping":"","pinged":"","post_modified":"2022-10-14 11:50:10","post_modified_gmt":"2022-10-14 09:50:10","post_content_filtered":"","post_parent":0,"guid":"http:\/\/dev.claret.cat\/editorial\/alberti-editor\/","menu_order":0,"post_type":"editorial","post_mime_type":"","comment_count":"0","filter":"raw"}],"autores-libros":[{"ID":154223,"post_author":"3","post_date":"2022-10-14 15:03:05","post_date_gmt":"2022-10-14 13:03:05","post_content":"","post_title":"DOL\u00c7A CAMPRUBI","post_excerpt":"","post_status":"publish","comment_status":"closed","ping_status":"closed","post_password":"","post_name":"dolca-camprubi","to_ping":"","pinged":"","post_modified":"2022-10-14 15:03:05","post_modified_gmt":"2022-10-14 13:03:05","post_content_filtered":"","post_parent":0,"guid":"http:\/\/dev.claret.cat\/autor\/dolca-camprubi\/","menu_order":0,"post_type":"autor","post_mime_type":"","comment_count":"0","filter":"raw"}]},"aioseo_notices":[],"_links":{"self":[{"href":"https:\/\/www.claret.cat\/es\/wp-json\/wp\/v2\/product\/104100","targetHints":{"allow":["GET"]}}],"collection":[{"href":"https:\/\/www.claret.cat\/es\/wp-json\/wp\/v2\/product"}],"about":[{"href":"https:\/\/www.claret.cat\/es\/wp-json\/wp\/v2\/types\/product"}],"wp:featuredmedia":[{"embeddable":true,"href":"https:\/\/www.claret.cat\/es\/wp-json\/wp\/v2\/media\/319013"}],"wp:attachment":[{"href":"https:\/\/www.claret.cat\/es\/wp-json\/wp\/v2\/media?parent=104100"}],"wp:term":[{"taxonomy":"product_brand","embeddable":true,"href":"https:\/\/www.claret.cat\/es\/wp-json\/wp\/v2\/product_brand?post=104100"},{"taxonomy":"product_cat","embeddable":true,"href":"https:\/\/www.claret.cat\/es\/wp-json\/wp\/v2\/product_cat?post=104100"},{"taxonomy":"product_tag","embeddable":true,"href":"https:\/\/www.claret.cat\/es\/wp-json\/wp\/v2\/product_tag?post=104100"}],"curies":[{"name":"wp","href":"https:\/\/api.w.org\/{rel}","templated":true}]}}