{"id":104133,"date":"2022-10-12T08:45:02","date_gmt":"2022-10-12T06:45:02","guid":{"rendered":"http:\/\/dev.claret.cat\/producte\/los-mejores-textos-eclesiales-de-la-liturgia-de-las-horas\/"},"modified":"2026-01-27T13:01:41","modified_gmt":"2026-01-27T12:01:41","slug":"los-mejores-textos-eclesiales-de-la-liturgia-de-las-horas-9788491653677","status":"publish","type":"product","link":"https:\/\/www.claret.cat\/es\/libro\/los-mejores-textos-eclesiales-de-la-liturgia-de-las-horas-9788491653677\/","title":{"rendered":"LOS MEJORES TEXTOS ECLESIALES DE LA LITURGIA DE LAS HORAS"},"content":{"rendered":"<p>Siempre la Vigilias de la Liturgia de las Horas se han caracterizado por extensas lecturas extra\u00eddas de la Biblia y de autores eclesi\u00e1sticos. Entre estos \u00faltimos, los Padres de la Iglesia sobresalen.<br \/>Son joyas del tesoro eclesial que vienen despu\u00e9s de la lectura b\u00edblica, sobre todo del Antiguo Testamento pero tambi\u00e9n del Evangelio y de los otros textos del Nuevo. Y desde aqu\u00ed nos acompa\u00f1an en la vida de cada d\u00eda, llenos de una frescura siempre nueva.<br \/>Bernab\u00e9 Dalmau, monje de Montserrat, nos propone una selecci\u00f3n de estas lecturas: \u00abSeleccionar los textos que pueden parecer mejores es una tarea discutible. Sin embargo, la selecci\u00f3n hecha puede ayudar a hacer una iniciaci\u00f3n elemental a los textos de la Liturgia de las Horas que en \u00faltima instancia nos permitir\u00e1n entrar en el esp\u00edritu de la liturgia.<\/p>\n","protected":false},"excerpt":{"rendered":"<p>DALMAU, BERNAB\u00c9<\/p>\n","protected":false},"featured_media":1078457,"template":"","meta":{"_acf_changed":false,"om_disable_all_campaigns":false,"rs_blank_template":"","rs_page_bg_color":"","slide_template_v7":"","inline_featured_image":false,"_monsterinsights_skip_tracking":false,"_monsterinsights_sitenote_active":false,"_monsterinsights_sitenote_note":"","_monsterinsights_sitenote_category":0},"product_brand":[],"product_cat":[499,251,419,285],"product_tag":[],"class_list":{"0":"post-104133","1":"product","2":"type-product","3":"status-publish","4":"has-post-thumbnail","6":"product_cat-de-las-horas","7":"product_cat-de-les-hores","8":"product_cat-pastoral-teologia-1_espiritualidad","9":"product_cat-pastoral-teologia","11":"first","12":"instock","13":"taxable","14":"shipping-taxable","15":"purchasable","16":"product-type-simple"},"acf":{"editorial":[{"ID":6172,"post_author":"3","post_date":"2022-07-28 17:46:27","post_date_gmt":"2022-07-28 15:46:27","post_content":"","post_title":"CPL","post_excerpt":"","post_status":"publish","comment_status":"closed","ping_status":"closed","post_password":"","post_name":"cpl","to_ping":"","pinged":"","post_modified":"2022-07-28 17:46:27","post_modified_gmt":"2022-07-28 15:46:27","post_content_filtered":"","post_parent":0,"guid":"http:\/\/dev.claret.cat\/editorial\/cpl\/","menu_order":0,"post_type":"editorial","post_mime_type":"","comment_count":"0","filter":"raw"}],"autores-libros":[{"ID":5297,"post_author":"3","post_date":"2022-07-28 17:21:00","post_date_gmt":"2022-07-28 15:21:00","post_content":"","post_title":"BERNAB\u00c9 DALMAU","post_excerpt":"","post_status":"publish","comment_status":"closed","ping_status":"closed","post_password":"","post_name":"bernabe-dalmau","to_ping":"","pinged":"","post_modified":"2022-07-28 17:21:00","post_modified_gmt":"2022-07-28 15:21:00","post_content_filtered":"","post_parent":0,"guid":"http:\/\/dev.claret.cat\/autor\/bernabe-dalmau\/","menu_order":0,"post_type":"autor","post_mime_type":"","comment_count":"0","filter":"raw"}],"autor":"DALMAU, BERNAB\u00c9","codart":"849165367","libros-coleccion":"DOSSIERS CPL","ediciones":"1","encuadernacion":"R\u00fastica","fecha_de_publicacion":"20\/10\/2020","novedad":"1","paginas":"144","subtitulo":"SELECCI\u00d3N Y COMENTARIOS DE BERNAB\u00c9 DALMAU","orden":"0","portada":"0","idioma":"spa","booktrailer":"","resenas":""},"aioseo_notices":[],"_links":{"self":[{"href":"https:\/\/www.claret.cat\/es\/wp-json\/wp\/v2\/product\/104133","targetHints":{"allow":["GET"]}}],"collection":[{"href":"https:\/\/www.claret.cat\/es\/wp-json\/wp\/v2\/product"}],"about":[{"href":"https:\/\/www.claret.cat\/es\/wp-json\/wp\/v2\/types\/product"}],"wp:featuredmedia":[{"embeddable":true,"href":"https:\/\/www.claret.cat\/es\/wp-json\/wp\/v2\/media\/1078457"}],"wp:attachment":[{"href":"https:\/\/www.claret.cat\/es\/wp-json\/wp\/v2\/media?parent=104133"}],"wp:term":[{"taxonomy":"product_brand","embeddable":true,"href":"https:\/\/www.claret.cat\/es\/wp-json\/wp\/v2\/product_brand?post=104133"},{"taxonomy":"product_cat","embeddable":true,"href":"https:\/\/www.claret.cat\/es\/wp-json\/wp\/v2\/product_cat?post=104133"},{"taxonomy":"product_tag","embeddable":true,"href":"https:\/\/www.claret.cat\/es\/wp-json\/wp\/v2\/product_tag?post=104133"}],"curies":[{"name":"wp","href":"https:\/\/api.w.org\/{rel}","templated":true}]}}