{"id":104181,"date":"2022-10-12T08:45:43","date_gmt":"2022-10-12T06:45:43","guid":{"rendered":"http:\/\/dev.claret.cat\/producte\/san-manuel-gonzalez-obras-completas-iv\/"},"modified":"2026-02-26T17:35:28","modified_gmt":"2026-02-26T16:35:28","slug":"san-manuel-gonzalez-obras-completas-iv-9788418303098","status":"publish","type":"product","link":"https:\/\/www.claret.cat\/es\/libro\/san-manuel-gonzalez-obras-completas-iv-9788418303098\/","title":{"rendered":"SAN MANUEL GONZ\u00c1LEZ. OBRAS COMPLETAS &#8211; IV"},"content":{"rendered":"<p>El tomo IV re\u00fane toda la correspondencia de san Manuel Gonz\u00e1lez que se conserva, desde sus a\u00f1os de seminarista hasta su muerte. M\u00e1s de 1800 cartas a los m\u00e1s variados destinatarios: autoridades eclesi\u00e1sticas, sacerdotes, religiosos, familiares, amigos y personas a las que acompa\u00f1aba espiritualmente. Adem\u00e1s del inter\u00e9s que evidentemente suscita la comunicaci\u00f3n que san Manuel mantuvo con algunas personalidades de su \u00e9poca, incluso santos contempor\u00e1neos, y el aporte que ello supone para conocer y comprender de un modo nuevo algunos aspectos de su biograf\u00eda, el g\u00e9nero epistolar nos permite acercarnos a su figura desde una perspectiva nueva y apreciar matices de su personalidad que no son tan evidentes en sus libros. Fruto de a\u00f1os de recopilaci\u00f3n e investigaci\u00f3n, las notas a pie de p\u00e1gina ofrecen informaci\u00f3n acerca de los destinatarios o el contexto de algunas de las misivas. Los \u00edndices onom\u00e1stico, de instituciones y topon\u00edmico ser\u00e1n sin duda una gran aportaci\u00f3n y un recurso valioso para investigadores e historiadores.<\/p>\n","protected":false},"excerpt":{"rendered":"<p>SAN MANUEL GONZ\u00c1LEZ<\/p>\n","protected":false},"featured_media":1086799,"template":"","meta":{"_acf_changed":false,"om_disable_all_campaigns":false,"rs_blank_template":"","rs_page_bg_color":"","slide_template_v7":"","inline_featured_image":false,"_monsterinsights_skip_tracking":false,"_monsterinsights_sitenote_active":false,"_monsterinsights_sitenote_note":"","_monsterinsights_sitenote_category":0},"product_brand":[],"product_cat":[90,540],"product_tag":[],"class_list":{"0":"post-104181","1":"product","2":"type-product","3":"status-publish","4":"has-post-thumbnail","6":"product_cat-altres","7":"product_cat-otros","9":"first","10":"instock","11":"taxable","12":"shipping-taxable","13":"purchasable","14":"product-type-simple"},"acf":{"editorial":[{"ID":6309,"post_author":"3","post_date":"2022-07-28 17:49:25","post_date_gmt":"2022-07-28 15:49:25","post_content":"","post_title":"Monte Carmelo","post_excerpt":"","post_status":"publish","comment_status":"closed","ping_status":"closed","post_password":"","post_name":"monte-carmelo","to_ping":"","pinged":"","post_modified":"2022-07-28 17:49:25","post_modified_gmt":"2022-07-28 15:49:25","post_content_filtered":"","post_parent":0,"guid":"http:\/\/dev.claret.cat\/editorial\/monte-carmelo\/","menu_order":0,"post_type":"editorial","post_mime_type":"","comment_count":"0","filter":"raw"}],"autor":"SAN MANUEL GONZ\u00c1LEZ","codart":"841830309","libros-coleccion":"","ediciones":"1","encuadernacion":"Carton\u00e9","fecha_de_publicacion":"16\/10\/2020","novedad":"1","paginas":"350","subtitulo":"OBRAS COMPLETAS, SAN MANUEL GONZ\u00c1LEZ - IV","orden":"0","portada":"0","idioma":"spa","autores-libros":[{"ID":168927,"post_author":"3","post_date":"2022-10-14 22:23:04","post_date_gmt":"2022-10-14 20:23:04","post_content":"","post_title":"SAN MANUEL GONZ\u00c1LEZ","post_excerpt":"","post_status":"publish","comment_status":"closed","ping_status":"closed","post_password":"","post_name":"san-manuel-gonzalez","to_ping":"","pinged":"","post_modified":"2022-10-14 22:23:04","post_modified_gmt":"2022-10-14 20:23:04","post_content_filtered":"","post_parent":0,"guid":"http:\/\/dev.claret.cat\/autor\/san-manuel-gonzalez\/","menu_order":0,"post_type":"autor","post_mime_type":"","comment_count":"0","filter":"raw"}],"booktrailer":"","resenas":""},"aioseo_notices":[],"_links":{"self":[{"href":"https:\/\/www.claret.cat\/es\/wp-json\/wp\/v2\/product\/104181","targetHints":{"allow":["GET"]}}],"collection":[{"href":"https:\/\/www.claret.cat\/es\/wp-json\/wp\/v2\/product"}],"about":[{"href":"https:\/\/www.claret.cat\/es\/wp-json\/wp\/v2\/types\/product"}],"wp:featuredmedia":[{"embeddable":true,"href":"https:\/\/www.claret.cat\/es\/wp-json\/wp\/v2\/media\/1086799"}],"wp:attachment":[{"href":"https:\/\/www.claret.cat\/es\/wp-json\/wp\/v2\/media?parent=104181"}],"wp:term":[{"taxonomy":"product_brand","embeddable":true,"href":"https:\/\/www.claret.cat\/es\/wp-json\/wp\/v2\/product_brand?post=104181"},{"taxonomy":"product_cat","embeddable":true,"href":"https:\/\/www.claret.cat\/es\/wp-json\/wp\/v2\/product_cat?post=104181"},{"taxonomy":"product_tag","embeddable":true,"href":"https:\/\/www.claret.cat\/es\/wp-json\/wp\/v2\/product_tag?post=104181"}],"curies":[{"name":"wp","href":"https:\/\/api.w.org\/{rel}","templated":true}]}}