{"id":104226,"date":"2022-10-12T08:46:21","date_gmt":"2022-10-12T06:46:21","guid":{"rendered":"http:\/\/dev.claret.cat\/producte\/jo-com-lavi\/"},"modified":"2024-05-03T11:18:56","modified_gmt":"2024-05-03T09:18:56","slug":"jo-com-lavi-9788412216226","status":"publish","type":"product","link":"https:\/\/www.claret.cat\/es\/libro\/jo-com-lavi-9788412216226\/","title":{"rendered":"JO, COM L&#8217;AVI!"},"content":{"rendered":"<p>&#8216;El conte explica la hist\u00f2ria d&#8221;en Guillem, un nen que admira molt el seu avi, malgrat no haver-lo conegut mai. La vinculaci\u00f3 emocional profunda amb el seu avi patern el porta a una actitud arrogant i adulta, un paper que no li pertoca, ell \u00e9s nom\u00e9s un nen i d&#8221;alguna manera perd la seva identitat. Els pares i l&#8221;\u00e0via seran els encarregats d&#8221;ajudar-lo a trobar el seu lloc.<\/p>\n<p> En Guillem \u00e9s un nen perfeccionista i met\u00f2dic, li agrada que les coses siguin perfectes. Ell vol ser com l&#8221;avi Miquel, que va morir quan el seu pare era petit. Per aix\u00f2, decideix portar posades les sabates de l&#8221;avi. Tanmateix, d&#8221;en\u00e7\u00e0 que porta aquestes sabates en Guillem ha canviat molt. Com l&#8221;ajudaran?&#8217;<\/p>\n","protected":false},"excerpt":{"rendered":"<p>BRIEBA CARDONA, SUSANA<\/p>\n","protected":false},"featured_media":104227,"template":"","meta":{"_acf_changed":false,"om_disable_all_campaigns":false,"rs_blank_template":"","rs_page_bg_color":"","slide_template_v7":"","inline_featured_image":false,"_monsterinsights_skip_tracking":false,"_monsterinsights_sitenote_active":false,"_monsterinsights_sitenote_note":"","_monsterinsights_sitenote_category":0},"product_brand":[],"product_cat":[131,361],"product_tag":[],"class_list":{"0":"post-104226","1":"product","2":"type-product","3":"status-publish","4":"has-post-thumbnail","6":"product_cat-contes-per-infants-0-6-anys","7":"product_cat-cuentos-para-ninos-0-6-anos","9":"first","10":"instock","11":"taxable","12":"shipping-taxable","13":"purchasable","14":"product-type-simple"},"acf":{"editorial":[{"ID":6215,"post_author":"3","post_date":"2022-07-28 17:47:20","post_date_gmt":"2022-07-28 15:47:20","post_content":"","post_title":"Edita.cat","post_excerpt":"","post_status":"publish","comment_status":"closed","ping_status":"closed","post_password":"","post_name":"edita-cat","to_ping":"","pinged":"","post_modified":"2022-07-28 17:47:20","post_modified_gmt":"2022-07-28 15:47:20","post_content_filtered":"","post_parent":0,"guid":"http:\/\/dev.claret.cat\/editorial\/edita-cat\/","menu_order":0,"post_type":"editorial","post_mime_type":"","comment_count":"0","filter":"raw"}],"autores-libros":[{"ID":169935,"post_author":"3","post_date":"2022-10-14 22:31:12","post_date_gmt":"2022-10-14 20:31:12","post_content":"","post_title":"SUSANA BRIEBA CARDONA","post_excerpt":"","post_status":"publish","comment_status":"closed","ping_status":"closed","post_password":"","post_name":"susana-brieba-cardona","to_ping":"","pinged":"","post_modified":"2022-10-14 22:31:12","post_modified_gmt":"2022-10-14 20:31:12","post_content_filtered":"","post_parent":0,"guid":"http:\/\/dev.claret.cat\/autor\/susana-brieba-cardona\/","menu_order":0,"post_type":"autor","post_mime_type":"","comment_count":"0","filter":"raw"}],"autor":"BRIEBA CARDONA, SUSANA","codart":"841221622","libros-coleccion":"","ediciones":"1","encuadernacion":"Carton\u00e9","fecha_de_publicacion":"01\/08\/2020","novedad":"1","paginas":"32","subtitulo":"","orden":"0","portada":"0","idioma":"cat"},"aioseo_notices":[],"_links":{"self":[{"href":"https:\/\/www.claret.cat\/es\/wp-json\/wp\/v2\/product\/104226","targetHints":{"allow":["GET"]}}],"collection":[{"href":"https:\/\/www.claret.cat\/es\/wp-json\/wp\/v2\/product"}],"about":[{"href":"https:\/\/www.claret.cat\/es\/wp-json\/wp\/v2\/types\/product"}],"wp:featuredmedia":[{"embeddable":true,"href":"https:\/\/www.claret.cat\/es\/wp-json\/wp\/v2\/media\/104227"}],"wp:attachment":[{"href":"https:\/\/www.claret.cat\/es\/wp-json\/wp\/v2\/media?parent=104226"}],"wp:term":[{"taxonomy":"product_brand","embeddable":true,"href":"https:\/\/www.claret.cat\/es\/wp-json\/wp\/v2\/product_brand?post=104226"},{"taxonomy":"product_cat","embeddable":true,"href":"https:\/\/www.claret.cat\/es\/wp-json\/wp\/v2\/product_cat?post=104226"},{"taxonomy":"product_tag","embeddable":true,"href":"https:\/\/www.claret.cat\/es\/wp-json\/wp\/v2\/product_tag?post=104226"}],"curies":[{"name":"wp","href":"https:\/\/api.w.org\/{rel}","templated":true}]}}