{"id":104232,"date":"2022-10-12T08:46:26","date_gmt":"2022-10-12T06:46:26","guid":{"rendered":"http:\/\/dev.claret.cat\/producte\/lona-i-la-platja\/"},"modified":"2024-05-03T11:18:49","modified_gmt":"2024-05-03T09:18:49","slug":"lona-i-la-platja-9788412216219","status":"publish","type":"product","link":"https:\/\/www.claret.cat\/es\/libro\/lona-i-la-platja-9788412216219\/","title":{"rendered":"L&#8217;ONA I LA PLATJA"},"content":{"rendered":"<p>&#8216;L&#8221;Ona i la platja \u00e9s el tercer t\u00edtol del projecte i ve precedit de L&#8221;Ona i el seu aniversari i L&#8221;Ona i la pedra m\u00e0gica.<\/p>\n<p> Ja \u00e9s estiu i l&#8221;Ona va a la platja per primer cop aquesta temporada amb la fam\u00edlia. Juga amb la sorra, neda, mira peixets, busca petxines i descobreix una nova manera d&#8221;entrar a l&#8221;aigua. Ah! i tots junts aprenen que el fons mar\u00ed guarda moltes sorpreses!<\/p>\n","protected":false},"excerpt":{"rendered":"<p>GARCIA GALCERAN, ANNA<\/p>\n","protected":false},"featured_media":104233,"template":"","meta":{"_acf_changed":false,"om_disable_all_campaigns":false,"rs_blank_template":"","rs_page_bg_color":"","slide_template_v7":"","inline_featured_image":false,"_monsterinsights_skip_tracking":false,"_monsterinsights_sitenote_active":false,"_monsterinsights_sitenote_note":"","_monsterinsights_sitenote_category":0},"product_brand":[],"product_cat":[131,361],"product_tag":[],"class_list":{"0":"post-104232","1":"product","2":"type-product","3":"status-publish","4":"has-post-thumbnail","6":"product_cat-contes-per-infants-0-6-anys","7":"product_cat-cuentos-para-ninos-0-6-anos","9":"first","10":"instock","11":"taxable","12":"shipping-taxable","13":"purchasable","14":"product-type-simple"},"acf":{"editorial":[{"ID":6215,"post_author":"3","post_date":"2022-07-28 17:47:20","post_date_gmt":"2022-07-28 15:47:20","post_content":"","post_title":"Edita.cat","post_excerpt":"","post_status":"publish","comment_status":"closed","ping_status":"closed","post_password":"","post_name":"edita-cat","to_ping":"","pinged":"","post_modified":"2022-07-28 17:47:20","post_modified_gmt":"2022-07-28 15:47:20","post_content_filtered":"","post_parent":0,"guid":"http:\/\/dev.claret.cat\/editorial\/edita-cat\/","menu_order":0,"post_type":"editorial","post_mime_type":"","comment_count":"0","filter":"raw"}],"autores-libros":[{"ID":150575,"post_author":"3","post_date":"2022-10-14 14:34:03","post_date_gmt":"2022-10-14 12:34:03","post_content":"","post_title":"ANNA GARC\u00cdA GALCERAN","post_excerpt":"","post_status":"publish","comment_status":"closed","ping_status":"closed","post_password":"","post_name":"anna-garcia-galceran","to_ping":"","pinged":"","post_modified":"2022-10-14 14:34:03","post_modified_gmt":"2022-10-14 12:34:03","post_content_filtered":"","post_parent":0,"guid":"http:\/\/dev.claret.cat\/autor\/anna-garcia-galceran\/","menu_order":0,"post_type":"autor","post_mime_type":"","comment_count":"0","filter":"raw"}],"autor":"GARCIA GALCERAN, ANNA","codart":"841221621","libros-coleccion":"","ediciones":"1","encuadernacion":"R\u00fastica","fecha_de_publicacion":"01\/08\/2020","novedad":"1","paginas":"32","subtitulo":"","orden":"0","portada":"0","idioma":"cat"},"aioseo_notices":[],"_links":{"self":[{"href":"https:\/\/www.claret.cat\/es\/wp-json\/wp\/v2\/product\/104232","targetHints":{"allow":["GET"]}}],"collection":[{"href":"https:\/\/www.claret.cat\/es\/wp-json\/wp\/v2\/product"}],"about":[{"href":"https:\/\/www.claret.cat\/es\/wp-json\/wp\/v2\/types\/product"}],"wp:featuredmedia":[{"embeddable":true,"href":"https:\/\/www.claret.cat\/es\/wp-json\/wp\/v2\/media\/104233"}],"wp:attachment":[{"href":"https:\/\/www.claret.cat\/es\/wp-json\/wp\/v2\/media?parent=104232"}],"wp:term":[{"taxonomy":"product_brand","embeddable":true,"href":"https:\/\/www.claret.cat\/es\/wp-json\/wp\/v2\/product_brand?post=104232"},{"taxonomy":"product_cat","embeddable":true,"href":"https:\/\/www.claret.cat\/es\/wp-json\/wp\/v2\/product_cat?post=104232"},{"taxonomy":"product_tag","embeddable":true,"href":"https:\/\/www.claret.cat\/es\/wp-json\/wp\/v2\/product_tag?post=104232"}],"curies":[{"name":"wp","href":"https:\/\/api.w.org\/{rel}","templated":true}]}}