{"id":1043740,"date":"2025-07-07T15:35:39","date_gmt":"2025-07-07T13:35:39","guid":{"rendered":"https:\/\/www.claret.cat\/llibre\/lescola-de-monstres-el-llibre-per-pintar-megamonstruos-9791387598273\/"},"modified":"2025-10-25T13:20:44","modified_gmt":"2025-10-25T11:20:44","slug":"lescola-de-monstres-el-llibre-per-pintar-megamonstruos-9791387598273","status":"publish","type":"product","link":"https:\/\/www.claret.cat\/es\/libro\/lescola-de-monstres-el-llibre-per-pintar-megamonstruos-9791387598273\/","title":{"rendered":"L&#8217;ESCOLA DE MONSTRES &#8211; EL LLIBRE PER PINTAR MEGAMONSTRU\u00d3S"},"content":{"rendered":"<p>COMPTE! Aquest llibre no es llegeix&#8230; sin\u00f3 que s&#8221;omple de color! Descobreix el llibre per pintar megamonstru\u00f3s de l&#8221;Escola de Monstres! Aquest llibre no es llegeix, sin\u00f3 que s&#8221;omple de color, per\u00f2 necessita la teva ajuda per veure&#8221;s millor! De vegades estan junts, de vegades un de sol. Aqu\u00ed no falta ning\u00fa, des de la Maria fins a en Pol. T&#8221;atreveixes a pintar de colors diferents els teus personatges preferits, tan somrients? Gaudeix d&#8221;aquest llibre ple d&#8221;il\u00b7lustracions divertid\u00edssimes dels personatges de l&#8221;Escola de Monstres, esperant que els pintis!<\/p>\n","protected":false},"excerpt":{"rendered":"<p>RIPPIN, SALLY<\/p>\n","protected":false},"featured_media":1043741,"template":"","meta":{"_acf_changed":false,"om_disable_all_campaigns":false,"rs_blank_template":"","rs_page_bg_color":"","slide_template_v7":"","inline_featured_image":false,"_monsterinsights_skip_tracking":false,"_monsterinsights_sitenote_active":false,"_monsterinsights_sitenote_note":"","_monsterinsights_sitenote_category":0},"product_brand":[],"product_cat":[131,361,135,365],"product_tag":[],"class_list":{"0":"post-1043740","1":"product","2":"type-product","3":"status-publish","4":"has-post-thumbnail","6":"product_cat-contes-per-infants-0-6-anys","7":"product_cat-cuentos-para-ninos-0-6-anos","8":"product_cat-entreteniment","9":"product_cat-entretenimientos","11":"first","12":"instock","13":"taxable","14":"shipping-taxable","15":"purchasable","16":"product-type-simple"},"acf":{"autor":"RIPPIN, SALLY","codart":"138759827","libros-coleccion":"","ediciones":"1","encuadernacion":"R\u00fastica","fecha_de_publicacion":"01\/07\/2025","novedad":"1","paginas":"48","subtitulo":"","orden":"0","portada":"0","idioma":"cat","booktrailer":"","resenas":"","editorial":[{"ID":6310,"post_author":"3","post_date":"2022-07-28 17:49:26","post_date_gmt":"2022-07-28 15:49:26","post_content":"","post_title":"MONTENA","post_excerpt":"","post_status":"publish","comment_status":"closed","ping_status":"closed","post_password":"","post_name":"montena","to_ping":"","pinged":"","post_modified":"2022-07-28 17:49:26","post_modified_gmt":"2022-07-28 15:49:26","post_content_filtered":"","post_parent":0,"guid":"http:\/\/dev.claret.cat\/editorial\/montena\/","menu_order":0,"post_type":"editorial","post_mime_type":"","comment_count":"0","filter":"raw"}]},"aioseo_notices":[],"_links":{"self":[{"href":"https:\/\/www.claret.cat\/es\/wp-json\/wp\/v2\/product\/1043740","targetHints":{"allow":["GET"]}}],"collection":[{"href":"https:\/\/www.claret.cat\/es\/wp-json\/wp\/v2\/product"}],"about":[{"href":"https:\/\/www.claret.cat\/es\/wp-json\/wp\/v2\/types\/product"}],"wp:featuredmedia":[{"embeddable":true,"href":"https:\/\/www.claret.cat\/es\/wp-json\/wp\/v2\/media\/1043741"}],"wp:attachment":[{"href":"https:\/\/www.claret.cat\/es\/wp-json\/wp\/v2\/media?parent=1043740"}],"wp:term":[{"taxonomy":"product_brand","embeddable":true,"href":"https:\/\/www.claret.cat\/es\/wp-json\/wp\/v2\/product_brand?post=1043740"},{"taxonomy":"product_cat","embeddable":true,"href":"https:\/\/www.claret.cat\/es\/wp-json\/wp\/v2\/product_cat?post=1043740"},{"taxonomy":"product_tag","embeddable":true,"href":"https:\/\/www.claret.cat\/es\/wp-json\/wp\/v2\/product_tag?post=1043740"}],"curies":[{"name":"wp","href":"https:\/\/api.w.org\/{rel}","templated":true}]}}