{"id":10439,"date":"2022-09-30T19:52:22","date_gmt":"2022-09-30T17:52:22","guid":{"rendered":"http:\/\/dev.claret.cat\/producte\/conoce-a-jesus\/"},"modified":"2024-05-23T12:26:12","modified_gmt":"2024-05-23T10:26:12","slug":"conoce-a-jesus-9788481698411","status":"publish","type":"product","link":"https:\/\/www.claret.cat\/es\/libro\/conoce-a-jesus-9788481698411\/","title":{"rendered":"CONOCE A JES\u00daS"},"content":{"rendered":"<p>Libro del ni\u00f1o y bolet\u00edn para la familia de la obra &#8216;Conoce a Jes\u00fas&#8217;, concebida para ayudar al ni\u00f1o en su iniciaci\u00f3n en la fe, y v\u00e1lida para el primer a\u00f1o de la catequesis de la primera comuni\u00f3n.<br \/>Un libro para conocer mejor a Jes\u00fas. Un libro pensado para los ni\u00f1os, lleno de actividades, canciones, oraciones, relatos&#8230; Jes\u00fas est\u00e1 presente en cada p\u00e1gina, ense\u00f1\u00e1ndonos a ser hijos de Dios y a querernos como hermanos.<\/p>\n","protected":false},"excerpt":{"rendered":"<p>PROYECTO NAZARET<\/p>\n","protected":false},"featured_media":371985,"template":"","meta":{"_acf_changed":false,"om_disable_all_campaigns":false,"rs_blank_template":"","rs_page_bg_color":"","slide_template_v7":"","inline_featured_image":false,"_monsterinsights_skip_tracking":false,"_monsterinsights_sitenote_active":false,"_monsterinsights_sitenote_note":"","_monsterinsights_sitenote_category":0},"product_brand":[],"product_cat":[478,219,267,405,216,475],"product_tag":[],"class_list":{"0":"post-10439","1":"product","2":"type-product","3":"status-publish","4":"has-post-thumbnail","6":"product_cat-infantil-catequesis-1_espiritualidad","7":"product_cat-infantil-catequesi","8":"product_cat-infantil-pastoral","9":"product_cat-infantil-pastoral-1_espiritualidad","10":"product_cat-primera-comunio-catequesi-1_espiritualitat","11":"product_cat-primera-comunion","13":"first","14":"instock","15":"taxable","16":"shipping-taxable","17":"purchasable","18":"product-type-simple"},"acf":{"autor":"PROYECTO NAZARET","codart":"848169841","libros-coleccion":"Proyecto Nazaret","ediciones":"1","encuadernacion":"R\u00fastica","fecha_de_publicacion":"16\/09\/2008","novedad":"0","paginas":"96","subtitulo":"LIBRO DEL NI\u00d1O 1, PRIMERA COMUNI\u00d3N","orden":"999","portada":"0","idioma":"spa","editorial":[{"ID":6390,"post_author":"3","post_date":"2022-07-28 17:51:08","post_date_gmt":"2022-07-28 15:51:08","post_content":"","post_title":"VERBO DIVINO","post_excerpt":"","post_status":"publish","comment_status":"closed","ping_status":"closed","post_password":"","post_name":"verbo-divino","to_ping":"","pinged":"","post_modified":"2022-07-28 17:51:08","post_modified_gmt":"2022-07-28 15:51:08","post_content_filtered":"","post_parent":0,"guid":"http:\/\/dev.claret.cat\/editorial\/verbo-divino\/","menu_order":0,"post_type":"editorial","post_mime_type":"","comment_count":"0","filter":"raw"}],"autores-libros":[{"ID":6086,"post_author":"3","post_date":"2022-07-28 17:37:50","post_date_gmt":"2022-07-28 15:37:50","post_content":"","post_title":"VV.AA.","post_excerpt":"","post_status":"publish","comment_status":"closed","ping_status":"closed","post_password":"","post_name":"vv-aa-2","to_ping":"","pinged":"","post_modified":"2022-07-28 17:37:50","post_modified_gmt":"2022-07-28 15:37:50","post_content_filtered":"","post_parent":0,"guid":"http:\/\/dev.claret.cat\/autor\/vv-aa-2\/","menu_order":0,"post_type":"autor","post_mime_type":"","comment_count":"0","filter":"raw"}]},"aioseo_notices":[],"_links":{"self":[{"href":"https:\/\/www.claret.cat\/es\/wp-json\/wp\/v2\/product\/10439","targetHints":{"allow":["GET"]}}],"collection":[{"href":"https:\/\/www.claret.cat\/es\/wp-json\/wp\/v2\/product"}],"about":[{"href":"https:\/\/www.claret.cat\/es\/wp-json\/wp\/v2\/types\/product"}],"wp:featuredmedia":[{"embeddable":true,"href":"https:\/\/www.claret.cat\/es\/wp-json\/wp\/v2\/media\/371985"}],"wp:attachment":[{"href":"https:\/\/www.claret.cat\/es\/wp-json\/wp\/v2\/media?parent=10439"}],"wp:term":[{"taxonomy":"product_brand","embeddable":true,"href":"https:\/\/www.claret.cat\/es\/wp-json\/wp\/v2\/product_brand?post=10439"},{"taxonomy":"product_cat","embeddable":true,"href":"https:\/\/www.claret.cat\/es\/wp-json\/wp\/v2\/product_cat?post=10439"},{"taxonomy":"product_tag","embeddable":true,"href":"https:\/\/www.claret.cat\/es\/wp-json\/wp\/v2\/product_tag?post=10439"}],"curies":[{"name":"wp","href":"https:\/\/api.w.org\/{rel}","templated":true}]}}