{"id":104415,"date":"2022-10-12T08:48:58","date_gmt":"2022-10-12T06:48:58","guid":{"rendered":"http:\/\/dev.claret.cat\/producte\/la-flor\/"},"modified":"2023-01-28T08:39:06","modified_gmt":"2023-01-28T07:39:06","slug":"la-flor-9788417800666","status":"publish","type":"product","link":"https:\/\/www.claret.cat\/es\/libro\/la-flor-9788417800666\/","title":{"rendered":"LA FLOR"},"content":{"rendered":"<p>\u00ab\u00bfQui\u00e9n lo vio venir?\u00bb es una de las preguntas fundamentales de este libro. Una pregunta por el pasado y por el futuro, por la identidad y por ese tiempo de la ingenuidad y la rebeld\u00eda que es la adolescencia. \u00bfQui\u00e9nes somos con doce a\u00f1os? \u00bfY con diecis\u00e9is? \u00bfQui\u00e9nes esperamos ser y en qu\u00e9 nos convertimos? Y m\u00e1s complicado a\u00fan: \u00bfc\u00f3mo escapar a lo que se supone que seremos? <\/p>\n<p> Con su habitual descaro, en una obra adictiva, divertida y m\u00e1s sexy que nunca, Mary Karr escribe una carta de amor a la adolescencia. A su adolescencia, pues estamos ante una narraci\u00f3n autobiogr\u00e1fica. Nunca m\u00e1s se estirar\u00e1 el tiempo como en aquellos a\u00f1os, nunca m\u00e1s estar\u00e1 el mundo tan nuevo, tan sin estrenar, ni ser\u00e1n nuestros ojos tan puros. Tambi\u00e9n hay dudas y miedos, por supuesto. Hay soledad y desamparo. Pero gracias a pasajes que nos har\u00e1n estallar de risa y a una conmovedora y honesta empat\u00eda, leemos fascinados y llenos de esperanza el nacimiento de la primera amistad verdadera, el encuentro con esa otra persona con la que crecemos y nos descubrimos a nosotros mismos, que nos ayuda a ser todo aquello que no sab\u00edamos que quer\u00edamos ser. Y tambi\u00e9n nos atraviesa el fulgor del deseo, esa n\u00edtida luminiscencia que reverbera por primera vez, un conocimiento profundo que sacude nuestro cuerpo hasta transformarlo. Y seremos conscientes, tambi\u00e9n por primera vez, de lo que significa en este mundo ser mujer y la gran limitaci\u00f3n de libertades que nos impone desde ni\u00f1as. Como era de esperar, la joven Mary no se conforma: cansada de la localidad petrolera de Texas en la que ha pasado su infancia, se unir\u00e1 a una pandilla de surferos y drogatas que se enfrentar\u00e1 a la autoridad de mil maneras en su camino hacia California. \u00abSexo, drogas y rock&#8221;n&#8221;roll\u00bb, dice una de las pegatinas de su furgoneta. Pocas veces un libro ha honrado tan profundamente este lema.<\/p>\n","protected":false},"excerpt":{"rendered":"<p>KARR, MARY<\/p>\n","protected":false},"featured_media":104416,"template":"","meta":{"_acf_changed":false,"om_disable_all_campaigns":false,"rs_blank_template":"","rs_page_bg_color":"","slide_template_v7":"","inline_featured_image":false,"_monsterinsights_skip_tracking":false,"_monsterinsights_sitenote_active":false,"_monsterinsights_sitenote_note":"","_monsterinsights_sitenote_category":0},"product_brand":[],"product_cat":[127],"product_tag":[],"class_list":{"0":"post-104415","1":"product","2":"type-product","3":"status-publish","4":"has-post-thumbnail","6":"product_cat-novella-contemporania","8":"first","9":"instock","10":"taxable","11":"shipping-taxable","12":"purchasable","13":"product-type-simple"},"acf":{"autor":"KARR, MARY","codart":"841780066","libros-coleccion":"Perif\u00e9rica & Errata Naturae","ediciones":"1","encuadernacion":"R\u00fastica","fecha_de_publicacion":"01\/10\/2020","novedad":"1","paginas":"440","subtitulo":"","orden":"0","portada":"0","idioma":"spa","editorial":[{"ID":148107,"post_author":"3","post_date":"2022-10-14 11:55:41","post_date_gmt":"2022-10-14 09:55:41","post_content":"","post_title":"ERRATA NATURAE EDITORES S.L","post_excerpt":"","post_status":"publish","comment_status":"closed","ping_status":"closed","post_password":"","post_name":"errata-naturae-editores-s-l","to_ping":"","pinged":"","post_modified":"2022-10-14 11:55:41","post_modified_gmt":"2022-10-14 09:55:41","post_content_filtered":"","post_parent":0,"guid":"http:\/\/dev.claret.cat\/editorial\/errata-naturae-editores-s-l\/","menu_order":0,"post_type":"editorial","post_mime_type":"","comment_count":"0","filter":"raw"}],"autores-libros":[{"ID":164364,"post_author":"3","post_date":"2022-10-14 17:46:28","post_date_gmt":"2022-10-14 15:46:28","post_content":"","post_title":"MARY KARR","post_excerpt":"","post_status":"publish","comment_status":"closed","ping_status":"closed","post_password":"","post_name":"mary-karr","to_ping":"","pinged":"","post_modified":"2022-10-14 17:46:28","post_modified_gmt":"2022-10-14 15:46:28","post_content_filtered":"","post_parent":0,"guid":"http:\/\/dev.claret.cat\/autor\/mary-karr\/","menu_order":0,"post_type":"autor","post_mime_type":"","comment_count":"0","filter":"raw"}]},"aioseo_notices":[],"_links":{"self":[{"href":"https:\/\/www.claret.cat\/es\/wp-json\/wp\/v2\/product\/104415","targetHints":{"allow":["GET"]}}],"collection":[{"href":"https:\/\/www.claret.cat\/es\/wp-json\/wp\/v2\/product"}],"about":[{"href":"https:\/\/www.claret.cat\/es\/wp-json\/wp\/v2\/types\/product"}],"wp:featuredmedia":[{"embeddable":true,"href":"https:\/\/www.claret.cat\/es\/wp-json\/wp\/v2\/media\/104416"}],"wp:attachment":[{"href":"https:\/\/www.claret.cat\/es\/wp-json\/wp\/v2\/media?parent=104415"}],"wp:term":[{"taxonomy":"product_brand","embeddable":true,"href":"https:\/\/www.claret.cat\/es\/wp-json\/wp\/v2\/product_brand?post=104415"},{"taxonomy":"product_cat","embeddable":true,"href":"https:\/\/www.claret.cat\/es\/wp-json\/wp\/v2\/product_cat?post=104415"},{"taxonomy":"product_tag","embeddable":true,"href":"https:\/\/www.claret.cat\/es\/wp-json\/wp\/v2\/product_tag?post=104415"}],"curies":[{"name":"wp","href":"https:\/\/api.w.org\/{rel}","templated":true}]}}