{"id":104430,"date":"2022-10-12T08:49:11","date_gmt":"2022-10-12T06:49:11","guid":{"rendered":"http:\/\/dev.claret.cat\/producte\/fabulas-de-esopo-2\/"},"modified":"2023-01-28T04:42:10","modified_gmt":"2023-01-28T03:42:10","slug":"fabulas-de-esopo-9788418141232","status":"publish","type":"product","link":"https:\/\/www.claret.cat\/es\/libro\/fabulas-de-esopo-9788418141232\/","title":{"rendered":"F\u00c1BULAS DE ESOPO"},"content":{"rendered":"<p>Despu\u00e9s de haber ilustrado con enorme \u00e9xito los Cuentos de los Hermanos Grimm, Peter Pan y Alicia en el Pa\u00eds de las Maravillas, el dibujante ingl\u00e9s Arthur Rackham decidi\u00f3 poner im\u00e1genes a las cl\u00e1sicas F\u00e1bulas de Esopo. Realiz\u00f3 para ello cerca de cien ilustraciones, quince en color, en un alarde gr\u00e1fico que hasta ahora no hab\u00eda sido publicado en espa\u00f1ol. Pedro B\u00e1denas de la Pe\u00f1a, uno de los mayores expertos en Esopo, ha traducido directamente del griego y del lat\u00edn estos relatos breves del volumen de Rackham, casi siempre protagonizados por animales que hablan y razonan como los hombres y que invariablemente acaban en una moraleja aleccionadora.<\/p>\n","protected":false},"excerpt":{"rendered":"<p>ESOPO<\/p>\n","protected":false},"featured_media":104431,"template":"","meta":{"_acf_changed":false,"om_disable_all_campaigns":false,"rs_blank_template":"","rs_page_bg_color":"","slide_template_v7":"","inline_featured_image":false,"_monsterinsights_skip_tracking":false,"_monsterinsights_sitenote_active":false,"_monsterinsights_sitenote_note":"","_monsterinsights_sitenote_category":0},"product_brand":[],"product_cat":[123],"product_tag":[],"class_list":{"0":"post-104430","1":"product","2":"type-product","3":"status-publish","4":"has-post-thumbnail","6":"product_cat-classica","8":"first","9":"instock","10":"taxable","11":"shipping-taxable","12":"purchasable","13":"product-type-simple"},"acf":{"autor":"ESOPO","codart":"841814123","libros-coleccion":"Literatura Reino de Cordelia","ediciones":"1","encuadernacion":"Carton\u00e9","fecha_de_publicacion":"01\/06\/2020","novedad":"1","paginas":"384","subtitulo":"","orden":"0","portada":"0","idioma":"spa","editorial":[{"ID":148744,"post_author":"3","post_date":"2022-10-14 12:00:38","post_date_gmt":"2022-10-14 10:00:38","post_content":"","post_title":"REINO DE CORDELIA","post_excerpt":"","post_status":"publish","comment_status":"closed","ping_status":"closed","post_password":"","post_name":"reino-de-cordelia","to_ping":"","pinged":"","post_modified":"2022-10-14 12:00:38","post_modified_gmt":"2022-10-14 10:00:38","post_content_filtered":"","post_parent":0,"guid":"http:\/\/dev.claret.cat\/editorial\/reino-de-cordelia\/","menu_order":0,"post_type":"editorial","post_mime_type":"","comment_count":"0","filter":"raw"}],"autores-libros":[{"ID":155355,"post_author":"3","post_date":"2022-10-14 15:12:10","post_date_gmt":"2022-10-14 13:12:10","post_content":"","post_title":"ESOPO","post_excerpt":"","post_status":"publish","comment_status":"closed","ping_status":"closed","post_password":"","post_name":"esopo","to_ping":"","pinged":"","post_modified":"2022-10-14 15:12:10","post_modified_gmt":"2022-10-14 13:12:10","post_content_filtered":"","post_parent":0,"guid":"http:\/\/dev.claret.cat\/autor\/esopo\/","menu_order":0,"post_type":"autor","post_mime_type":"","comment_count":"0","filter":"raw"}]},"aioseo_notices":[],"_links":{"self":[{"href":"https:\/\/www.claret.cat\/es\/wp-json\/wp\/v2\/product\/104430","targetHints":{"allow":["GET"]}}],"collection":[{"href":"https:\/\/www.claret.cat\/es\/wp-json\/wp\/v2\/product"}],"about":[{"href":"https:\/\/www.claret.cat\/es\/wp-json\/wp\/v2\/types\/product"}],"wp:featuredmedia":[{"embeddable":true,"href":"https:\/\/www.claret.cat\/es\/wp-json\/wp\/v2\/media\/104431"}],"wp:attachment":[{"href":"https:\/\/www.claret.cat\/es\/wp-json\/wp\/v2\/media?parent=104430"}],"wp:term":[{"taxonomy":"product_brand","embeddable":true,"href":"https:\/\/www.claret.cat\/es\/wp-json\/wp\/v2\/product_brand?post=104430"},{"taxonomy":"product_cat","embeddable":true,"href":"https:\/\/www.claret.cat\/es\/wp-json\/wp\/v2\/product_cat?post=104430"},{"taxonomy":"product_tag","embeddable":true,"href":"https:\/\/www.claret.cat\/es\/wp-json\/wp\/v2\/product_tag?post=104430"}],"curies":[{"name":"wp","href":"https:\/\/api.w.org\/{rel}","templated":true}]}}