{"id":104515,"date":"2022-10-12T08:50:25","date_gmt":"2022-10-12T06:50:25","guid":{"rendered":"http:\/\/dev.claret.cat\/producte\/hegel-hoy\/"},"modified":"2026-01-28T12:25:28","modified_gmt":"2026-01-28T11:25:28","slug":"hegel-hoy-9788425444272","status":"publish","type":"product","link":"https:\/\/www.claret.cat\/es\/libro\/hegel-hoy-9788425444272\/","title":{"rendered":"HEGEL HOY"},"content":{"rendered":"<p>Hegel se nos vuelve en un marco conceptual que nos permite deletrear, leer, entender, pensar y criticar lo que hoy a veces se nos muestra como contradictorio en distintos niveles de la realidad: la verdad, la historia, la sociedad, etc. Es un Hegel que con sus conceptos fundamentales va perforando y disolviendo los nudos actuales en donde vivimos y pensamos; nudos que ya est\u00e1n destruyendo la vida, pero que ahora, por lo mismo, no exige radicalmente estudiarlos para disolverlos. Asimismo, la singularidad de  las distintas y potentes voces reunidas en esta obra abre la filosof\u00eda a m\u00faltiples lectores de distintas disciplinas y saberes que buscan en nuestra actualidad claves que nos permitan ver c\u00f3mo podemos construir un mundo m\u00e1s justo para todos.<\/p>\n","protected":false},"excerpt":{"rendered":"<p>ESPINOZA LOLAS; FERN\u00c1NDEZ; TOSCANO. (Editores)<\/p>\n","protected":false},"featured_media":331797,"template":"","meta":{"_acf_changed":false,"om_disable_all_campaigns":false,"rs_blank_template":"","rs_page_bg_color":"","slide_template_v7":"","inline_featured_image":false,"_monsterinsights_skip_tracking":false,"_monsterinsights_sitenote_active":false,"_monsterinsights_sitenote_note":"","_monsterinsights_sitenote_category":0},"product_brand":[],"product_cat":[373,166],"product_tag":[],"class_list":{"0":"post-104515","1":"product","2":"type-product","3":"status-publish","4":"has-post-thumbnail","6":"product_cat-autores","7":"product_cat-autors-filosofia","9":"first","10":"instock","11":"taxable","12":"shipping-taxable","13":"purchasable","14":"product-type-simple"},"acf":{"editorial":[{"ID":6266,"post_author":"3","post_date":"2022-07-28 17:48:31","post_date_gmt":"2022-07-28 15:48:31","post_content":"","post_title":"HERDER","post_excerpt":"","post_status":"publish","comment_status":"closed","ping_status":"closed","post_password":"","post_name":"herder","to_ping":"","pinged":"","post_modified":"2022-07-28 17:48:31","post_modified_gmt":"2022-07-28 15:48:31","post_content_filtered":"","post_parent":0,"guid":"http:\/\/dev.claret.cat\/editorial\/herder\/","menu_order":0,"post_type":"editorial","post_mime_type":"","comment_count":"0","filter":"raw"}],"autor":"ESPINOZA LOLAS; FERN\u00c1NDEZ; TOSCANO. (Editores)","codart":"842544427","libros-coleccion":"Filosof\u00eda","ediciones":"1","encuadernacion":"R\u00fastica","fecha_de_publicacion":"08\/10\/2020","novedad":"1","paginas":"426","subtitulo":"EL PENSADOR DE LAS CONTRADICCIONES DEL PRESENTE","orden":"0","portada":"0","idioma":"spa","autores-libros":[{"ID":155369,"post_author":"3","post_date":"2022-10-14 15:12:17","post_date_gmt":"2022-10-14 13:12:17","post_content":"","post_title":"ESPINOZA LOLAS","post_excerpt":"","post_status":"publish","comment_status":"closed","ping_status":"closed","post_password":"","post_name":"espinoza-lolas","to_ping":"","pinged":"","post_modified":"2022-10-14 15:12:17","post_modified_gmt":"2022-10-14 13:12:17","post_content_filtered":"","post_parent":0,"guid":"http:\/\/dev.claret.cat\/autor\/espinoza-lolas\/","menu_order":0,"post_type":"autor","post_mime_type":"","comment_count":"0","filter":"raw"},{"ID":155765,"post_author":"3","post_date":"2022-10-14 15:15:27","post_date_gmt":"2022-10-14 13:15:27","post_content":"","post_title":"FERNANDEZ","post_excerpt":"","post_status":"publish","comment_status":"closed","ping_status":"closed","post_password":"","post_name":"fernandez","to_ping":"","pinged":"","post_modified":"2022-10-14 15:15:27","post_modified_gmt":"2022-10-14 13:15:27","post_content_filtered":"","post_parent":0,"guid":"http:\/\/dev.claret.cat\/autor\/fernandez\/","menu_order":0,"post_type":"autor","post_mime_type":"","comment_count":"0","filter":"raw"},{"ID":170599,"post_author":"3","post_date":"2022-10-14 22:36:39","post_date_gmt":"2022-10-14 20:36:39","post_content":"","post_title":"TOSCANO. (Editores)","post_excerpt":"","post_status":"publish","comment_status":"closed","ping_status":"closed","post_password":"","post_name":"toscano-editores","to_ping":"","pinged":"","post_modified":"2022-10-14 22:36:39","post_modified_gmt":"2022-10-14 20:36:39","post_content_filtered":"","post_parent":0,"guid":"http:\/\/dev.claret.cat\/autor\/toscano-editores\/","menu_order":0,"post_type":"autor","post_mime_type":"","comment_count":"0","filter":"raw"}],"booktrailer":"","resenas":""},"aioseo_notices":[],"_links":{"self":[{"href":"https:\/\/www.claret.cat\/es\/wp-json\/wp\/v2\/product\/104515","targetHints":{"allow":["GET"]}}],"collection":[{"href":"https:\/\/www.claret.cat\/es\/wp-json\/wp\/v2\/product"}],"about":[{"href":"https:\/\/www.claret.cat\/es\/wp-json\/wp\/v2\/types\/product"}],"wp:featuredmedia":[{"embeddable":true,"href":"https:\/\/www.claret.cat\/es\/wp-json\/wp\/v2\/media\/331797"}],"wp:attachment":[{"href":"https:\/\/www.claret.cat\/es\/wp-json\/wp\/v2\/media?parent=104515"}],"wp:term":[{"taxonomy":"product_brand","embeddable":true,"href":"https:\/\/www.claret.cat\/es\/wp-json\/wp\/v2\/product_brand?post=104515"},{"taxonomy":"product_cat","embeddable":true,"href":"https:\/\/www.claret.cat\/es\/wp-json\/wp\/v2\/product_cat?post=104515"},{"taxonomy":"product_tag","embeddable":true,"href":"https:\/\/www.claret.cat\/es\/wp-json\/wp\/v2\/product_tag?post=104515"}],"curies":[{"name":"wp","href":"https:\/\/api.w.org\/{rel}","templated":true}]}}